{"id":77,"date":"2023-10-30T08:52:36","date_gmt":"2023-10-30T08:52:36","guid":{"rendered":"https:\/\/tiktokio.com\/?page_id=77"},"modified":"2024-07-17T04:04:47","modified_gmt":"2024-07-17T04:04:47","slug":"zasady-ochrany-osobnich-udaju","status":"publish","type":"page","link":"https:\/\/tiktokio.com\/cs\/privacy-policy\/","title":{"rendered":"Z\u00e1sady ochrany osobn\u00edch \u00fadaj\u016f"},"content":{"rendered":"<section class=\"section\" id=\"section_222089212\">\n\t\t<div class=\"section-bg fill\" >\n\t\t\t\t\t\t\t\t\t\n\t\t\t\n\n\t\t<\/div>\n\n\t\t\n\n\t\t<div class=\"section-content relative\">\n\t\t\t\n\t<div id=\"text-730356005\" class=\"text\">\n\t\t\n<h2><span style=\"font-size: 150%;\">Klikn\u011bte <span style=\"color: #000000;\"><a style=\"color: #000000;\" href=\"\/cs\/\">Tady<\/a><\/span> pou\u017e\u00edvat TikTokio<\/span><\/h2>\n\t\t\n<style>\n#text-730356005 {\n  text-align: center;\n  color: rgb(255,255,255);\n}\n#text-730356005 > * {\n  color: rgb(255,255,255);\n}\n<\/style>\n\t<\/div>\n\t\n\t\t<\/div>\n\n\t\t\n<style>\n#section_222089212 {\n  padding-top: 35px;\n  padding-bottom: 35px;\n  background-color: rgb(223, 109, 30);\n}\n<\/style>\n\t<\/section>\n\t\n\n\t<section class=\"section\" id=\"section_530790372\">\n\t\t<div class=\"section-bg fill\" >\n\t\t\t\t\t\t\t\t\t\n\t\t\t\n\n\t\t<\/div>\n\n\t\t\n\n\t\t<div class=\"section-content relative\">\n\t\t\t\n<div class=\"row\"  id=\"row-1380230737\">\n\n\t<div id=\"col-507722322\" class=\"col small-12 large-12\"  >\n\t\t\t\t<div class=\"col-inner\"  >\n\t\t\t\n\t\t\t\n\t<div id=\"text-1249624366\" class=\"text\">\n\t\t\n<h1>Z\u00e1sady ochrany osobn\u00edch \u00fadaj\u016f<\/h1>\n\t\t\n<style>\n#text-1249624366 {\n  text-align: center;\n}\n<\/style>\n\t<\/div>\n\t\n<p>V souladu s na\u0161imi Podm\u00ednkami pou\u017eit\u00ed tento dokument popisuje, jak zach\u00e1z\u00edme s osobn\u00edmi \u00fadaji souvisej\u00edc\u00edmi s va\u0161\u00edm pou\u017e\u00edv\u00e1n\u00edm t\u00e9to webov\u00e9 str\u00e1nky a slu\u017ebami nab\u00edzen\u00fdmi na nich a jejich prost\u0159ednictv\u00edm (d\u00e1le jen \u201eSlu\u017eba\u201c), v\u010detn\u011b informac\u00ed, kter\u00e9 poskytujete p\u0159i jejich pou\u017e\u00edv\u00e1n\u00ed. V\u00fdslovn\u011b a p\u0159\u00edsn\u011b omezujeme pou\u017e\u00edv\u00e1n\u00ed Slu\u017eby dosp\u011bl\u00fdm osob\u00e1m star\u0161\u00edm 18 let nebo plnoletosti v jurisdikci jednotlivce, podle toho, kter\u00e1 hodnota je vy\u0161\u0161\u00ed. Kdokoli mlad\u0161\u00ed ne\u017e tento v\u011bk m\u00e1 p\u0159\u00edsn\u011b zak\u00e1z\u00e1no pou\u017e\u00edvat Slu\u017ebu. V\u011bdom\u011b nevyhled\u00e1v\u00e1me ani neshroma\u017e\u010fujeme \u017e\u00e1dn\u00e9 osobn\u00ed informace nebo \u00fadaje od osob, kter\u00e9 nedos\u00e1hly tohoto v\u011bku. Shroma\u017e\u010fovan\u00e1 data Pomoc\u00ed slu\u017eby. Kdy\u017e p\u0159istupujete ke Slu\u017eb\u011b, pou\u017eijte funkci vyhled\u00e1v\u00e1n\u00ed, p\u0159ev\u00e1d\u011bjte soubory nebo stahujte soubory, va\u0161i IP adresu, zemi p\u016fvodu a dal\u0161\u00ed neosobn\u00ed informace o va\u0161em po\u010d\u00edta\u010di nebo za\u0159\u00edzen\u00ed (jako jsou webov\u00e9 po\u017eadavky, typ prohl\u00ed\u017ee\u010de, jazyk prohl\u00ed\u017ee\u010de, odkazuj\u00edc\u00ed URL, opera\u010dn\u00ed syst\u00e9m a datum a \u010das po\u017eadavk\u016f) mohou b\u00fdt zaznamen\u00e1ny pro informace ze souboru protokolu, souhrnn\u00e9 informace o provozu a v p\u0159\u00edpad\u011b, \u017ee dojde k jak\u00e9mukoli zneu\u017eit\u00ed informac\u00ed a\/nebo obsahu. Informace o pou\u017eit\u00ed. M\u016f\u017eeme zaznamen\u00e1vat informace o va\u0161em pou\u017e\u00edv\u00e1n\u00ed slu\u017eby, jako jsou va\u0161e hledan\u00e9 v\u00fdrazy, obsah, ke kter\u00e9mu p\u0159istupujete a kter\u00fd stahujete, a dal\u0161\u00ed statistiky. Nahran\u00fd obsah. Jak\u00fdkoli obsah, kter\u00fd nahrajete, zp\u0159\u00edstupn\u00edte nebo p\u0159enesete prost\u0159ednictv\u00edm Slu\u017eby, m\u016f\u017ee b\u00fdt shroma\u017e\u010fov\u00e1n n\u00e1mi. Korespondence. M\u016f\u017eeme uchov\u00e1vat z\u00e1znamy o jak\u00e9koli korespondenci mezi v\u00e1mi a n\u00e1mi.Cookies. Kdy\u017e pou\u017e\u00edv\u00e1te Slu\u017ebu, m\u016f\u017eeme do va\u0161eho po\u010d\u00edta\u010de odes\u00edlat soubory cookie, abychom jednozna\u010dn\u011b identifikovali va\u0161i relaci prohl\u00ed\u017ee\u010de. M\u016f\u017eeme pou\u017e\u00edvat jak soubory cookie relace, tak trval\u00e9 soubory cookie. Pou\u017e\u00edv\u00e1n\u00ed \u00fadaj\u016f Va\u0161e informace m\u016f\u017eeme pou\u017e\u00edt k tomu, abychom v\u00e1m poskytli ur\u010dit\u00e9 funkce a vytvo\u0159ili personalizovan\u00fd z\u00e1\u017eitek ze slu\u017eby. Tyto informace m\u016f\u017eeme tak\u00e9 pou\u017e\u00edt k provozu, \u00fadr\u017eb\u011b a vylep\u0161ov\u00e1n\u00ed funkc\u00ed a funk\u010dnosti Slu\u017eby. K ukl\u00e1d\u00e1n\u00ed informac\u00ed pou\u017e\u00edv\u00e1me soubory cookie, webov\u00e9 maj\u00e1ky a dal\u0161\u00ed informace, abyste je nemuseli znovu zad\u00e1vat p\u0159i budouc\u00edch n\u00e1v\u0161t\u011bv\u00e1ch, poskytovat personalizovan\u00fd obsah a informace, sledovat efektivitu slu\u017eby a sledovat souhrnn\u00e9 metriky, jako je po\u010det n\u00e1v\u0161t\u011bvn\u00edk\u016f a zobrazen\u00ed str\u00e1nek (v\u010detn\u011b pou\u017eit\u00ed p\u0159i sledov\u00e1n\u00ed n\u00e1v\u0161t\u011bvn\u00edk\u016f od p\u0159idru\u017een\u00fdch spole\u010dnost\u00ed). Mohou b\u00fdt tak\u00e9 pou\u017eity k poskytov\u00e1n\u00ed c\u00edlen\u00e9 reklamy na z\u00e1klad\u011b va\u0161\u00ed zem\u011b p\u016fvodu a dal\u0161\u00edch osobn\u00edch \u00fadaj\u016f. Va\u0161e osobn\u00ed \u00fadaje m\u016f\u017eeme agregovat s osobn\u00edmi \u00fadaji ostatn\u00edch \u010dlen\u016f a u\u017eivatel\u016f a zp\u0159\u00edstupnit tyto informace inzerent\u016fm a dal\u0161\u00edm t\u0159et\u00edm stran\u00e1m za \u00fa\u010delem marketingu a propagace Va\u0161e \u00fadaje m\u016f\u017eeme pou\u017e\u00edt k po\u0159\u00e1d\u00e1n\u00ed propaga\u010dn\u00edch akc\u00ed, sout\u011b\u017e\u00ed, pr\u016fzkum\u016f a dal\u0161\u00edch funkc\u00ed a ud\u00e1lost\u00ed. Zve\u0159ejn\u011bn\u00ed informac\u00ed M\u016f\u017eeme b\u00fdt po\u017e\u00e1d\u00e1ni o zve\u0159ejn\u011bn\u00ed ur\u010dit\u00fdch \u00fadaj\u016f, abychom vyhov\u011bli z\u00e1konn\u00fdm z\u00e1vazk\u016fm nebo abychom prosadili na\u0161e Podm\u00ednky pou\u017eit\u00ed a dal\u0161\u00ed dohody. M\u016f\u017eeme tak\u00e9 uvolnit ur\u010dit\u00e1 data za \u00fa\u010delem ochrany pr\u00e1v, majetku nebo bezpe\u010dnosti n\u00e1s, na\u0161ich u\u017eivatel\u016f a dal\u0161\u00edch. To zahrnuje poskytov\u00e1n\u00ed informac\u00ed jin\u00fdm spole\u010dnostem nebo organizac\u00edm, jako je policie nebo vl\u00e1dn\u00ed \u00fa\u0159ady, za \u00fa\u010delem ochrany p\u0159ed nebo st\u00edh\u00e1n\u00ed jak\u00e9koli nez\u00e1konn\u00e9 \u010dinnosti, a\u0165 u\u017e je nebo nen\u00ed uvedena v Podm\u00ednk\u00e1ch pou\u017eit\u00ed. Pokud nahrajete, zp\u0159\u00edstupn\u00edte nebo p\u0159enesete jak\u00e9koli nez\u00e1konn\u00e9 nebo neautorizovan\u00fd materi\u00e1l do slu\u017eby nebo jej\u00edm prost\u0159ednictv\u00edm, nebo pokud jste podez\u0159el\u00ed, \u017ee to d\u011bl\u00e1te, m\u016f\u017eeme p\u0159edat v\u0161echny dostupn\u00e9 informace p\u0159\u00edslu\u0161n\u00fdm org\u00e1n\u016fm, v\u010detn\u011b p\u0159\u00edslu\u0161n\u00fdch vlastn\u00edk\u016f autorsk\u00fdch pr\u00e1v, ani\u017e bychom v\u00e1s o tom museli jakkoli informovat. va\u0161e \u00fadaje, p\u0159enos informac\u00ed p\u0159es internet nen\u00ed zcela bezpe\u010dn\u00fd a nem\u016f\u017eeme zajistit ani zaru\u010dit bezpe\u010dnost jak\u00fdchkoli informac\u00ed nebo obsahu, kter\u00e9 n\u00e1m p\u0159ed\u00e1te. Ve\u0161ker\u00e9 informace nebo obsah, kter\u00fd n\u00e1m p\u0159enesete, prov\u00e1d\u00edte na va\u0161e vlastn\u00ed riziko.<\/p>\n\t\t<\/div>\n\t\t\t\t\t<\/div>\n\n\t\n<\/div>\n\t\t<\/div>\n\n\t\t\n<style>\n#section_530790372 {\n  padding-top: 30px;\n  padding-bottom: 30px;\n}\n<\/style>\n\t<\/section>","protected":false},"excerpt":{"rendered":"","protected":false},"author":2,"featured_media":0,"parent":0,"menu_order":0,"comment_status":"closed","ping_status":"closed","template":"page-blank.php","meta":{"footnotes":""},"class_list":["post-77","page","type-page","status-publish","hentry"],"yoast_head":"<!-- This site is optimized with the Yoast SEO plugin v27.3 - https:\/\/yoast.com\/product\/yoast-seo-wordpress\/ -->\n<title>Privacy Policy - Tiktokio Tiktok Downloader<\/title>\n<meta name=\"robots\" content=\"index, follow, max-snippet:-1, max-image-preview:large, max-video-preview:-1\" \/>\n<link rel=\"canonical\" href=\"https:\/\/tiktokio.com\/cs\/\" \/>\n<meta property=\"og:locale\" content=\"cs_CZ\" \/>\n<meta property=\"og:type\" content=\"article\" \/>\n<meta property=\"og:title\" content=\"Privacy Policy - Tiktokio Tiktok Downloader\" \/>\n<meta property=\"og:url\" content=\"https:\/\/tiktokio.com\/cs\/\" \/>\n<meta property=\"og:site_name\" content=\"Tiktokio Tiktok Downloader\" \/>\n<meta property=\"article:modified_time\" content=\"2024-07-17T04:04:47+00:00\" \/>\n<meta name=\"twitter:card\" content=\"summary_large_image\" \/>\n<meta name=\"twitter:label1\" content=\"Odhadovan\u00e1 doba \u010dten\u00ed\" \/>\n\t<meta name=\"twitter:data1\" content=\"3 minuty\" \/>\n<script type=\"application\/ld+json\" class=\"yoast-schema-graph\">{\"@context\":\"https:\\\/\\\/schema.org\",\"@graph\":[{\"@type\":\"WebPage\",\"@id\":\"https:\\\/\\\/tiktokio.com\\\/privacy-policy\\\/\",\"url\":\"https:\\\/\\\/tiktokio.com\\\/\",\"name\":\"Privacy Policy - Tiktokio Tiktok Downloader\",\"isPartOf\":{\"@id\":\"https:\\\/\\\/tiktokio.com\\\/#website\"},\"datePublished\":\"2023-10-30T08:52:36+00:00\",\"dateModified\":\"2024-07-17T04:04:47+00:00\",\"breadcrumb\":{\"@id\":\"https:\\\/\\\/tiktokio.com\\\/#breadcrumb\"},\"inLanguage\":\"cs\",\"potentialAction\":[{\"@type\":\"ReadAction\",\"target\":[\"https:\\\/\\\/tiktokio.com\\\/\"]}]},{\"@type\":\"BreadcrumbList\",\"@id\":\"https:\\\/\\\/tiktokio.com\\\/#breadcrumb\",\"itemListElement\":[{\"@type\":\"ListItem\",\"position\":1,\"name\":\"Home\",\"item\":\"https:\\\/\\\/tiktokio.com\\\/\"},{\"@type\":\"ListItem\",\"position\":2,\"name\":\"Privacy Policy\"}]},{\"@type\":\"WebSite\",\"@id\":\"https:\\\/\\\/tiktokio.com\\\/#website\",\"url\":\"https:\\\/\\\/tiktokio.com\\\/\",\"name\":\"Tiktokio Tiktok Downloader\",\"description\":\"\",\"publisher\":{\"@id\":\"https:\\\/\\\/tiktokio.com\\\/#organization\"},\"inLanguage\":\"cs\"},{\"@type\":\"Organization\",\"@id\":\"https:\\\/\\\/tiktokio.com\\\/#organization\",\"name\":\"Tiktokio Tiktok Downloader\",\"url\":\"https:\\\/\\\/tiktokio.com\\\/\",\"logo\":{\"@type\":\"ImageObject\",\"inLanguage\":\"cs\",\"@id\":\"https:\\\/\\\/tiktokio.com\\\/#\\\/schema\\\/logo\\\/image\\\/\",\"url\":\"https:\\\/\\\/tiktokio.com\\\/wp-content\\\/uploads\\\/2023\\\/10\\\/tiktokio-log.webp\",\"contentUrl\":\"https:\\\/\\\/tiktokio.com\\\/wp-content\\\/uploads\\\/2023\\\/10\\\/tiktokio-log.webp\",\"width\":308,\"height\":70,\"caption\":\"Tiktokio Tiktok Downloader\"},\"image\":{\"@id\":\"https:\\\/\\\/tiktokio.com\\\/#\\\/schema\\\/logo\\\/image\\\/\"}}]}<\/script>\n<!-- \/ Yoast SEO plugin. -->","yoast_head_json":{"title":"Z\u00e1sady ochrany osobn\u00edch \u00fadaj\u016f \u2013 Tiktokio Tiktok Downloader","robots":{"index":"index","follow":"follow","max-snippet":"max-snippet:-1","max-image-preview":"max-image-preview:large","max-video-preview":"max-video-preview:-1"},"canonical":"https:\/\/tiktokio.com\/cs\/","og_locale":"cs_CZ","og_type":"article","og_title":"Privacy Policy - Tiktokio Tiktok Downloader","og_url":"https:\/\/tiktokio.com\/cs\/","og_site_name":"Tiktokio Tiktok Downloader","article_modified_time":"2024-07-17T04:04:47+00:00","twitter_card":"summary_large_image","twitter_misc":{"Odhadovan\u00e1 doba \u010dten\u00ed":"3 minuty"},"schema":{"@context":"https:\/\/schema.org","@graph":[{"@type":"WebPage","@id":"https:\/\/tiktokio.com\/privacy-policy\/","url":"https:\/\/tiktokio.com\/","name":"Z\u00e1sady ochrany osobn\u00edch \u00fadaj\u016f \u2013 Tiktokio Tiktok Downloader","isPartOf":{"@id":"https:\/\/tiktokio.com\/#website"},"datePublished":"2023-10-30T08:52:36+00:00","dateModified":"2024-07-17T04:04:47+00:00","breadcrumb":{"@id":"https:\/\/tiktokio.com\/#breadcrumb"},"inLanguage":"cs","potentialAction":[{"@type":"ReadAction","target":["https:\/\/tiktokio.com\/"]}]},{"@type":"BreadcrumbList","@id":"https:\/\/tiktokio.com\/#breadcrumb","itemListElement":[{"@type":"ListItem","position":1,"name":"Home","item":"https:\/\/tiktokio.com\/"},{"@type":"ListItem","position":2,"name":"Privacy Policy"}]},{"@type":"WebSite","@id":"https:\/\/tiktokio.com\/#website","url":"https:\/\/tiktokio.com\/","name":"Tiktokio Tiktok Downloader","description":"","publisher":{"@id":"https:\/\/tiktokio.com\/#organization"},"inLanguage":"cs"},{"@type":"Organization","@id":"https:\/\/tiktokio.com\/#organization","name":"Tiktokio Tiktok Downloader","url":"https:\/\/tiktokio.com\/","logo":{"@type":"ImageObject","inLanguage":"cs","@id":"https:\/\/tiktokio.com\/#\/schema\/logo\/image\/","url":"https:\/\/tiktokio.com\/wp-content\/uploads\/2023\/10\/tiktokio-log.webp","contentUrl":"https:\/\/tiktokio.com\/wp-content\/uploads\/2023\/10\/tiktokio-log.webp","width":308,"height":70,"caption":"Tiktokio Tiktok Downloader"},"image":{"@id":"https:\/\/tiktokio.com\/#\/schema\/logo\/image\/"}}]}},"_links":{"self":[{"href":"https:\/\/tiktokio.com\/cs\/wp-json\/wp\/v2\/pages\/77","targetHints":{"allow":["GET"]}}],"collection":[{"href":"https:\/\/tiktokio.com\/cs\/wp-json\/wp\/v2\/pages"}],"about":[{"href":"https:\/\/tiktokio.com\/cs\/wp-json\/wp\/v2\/types\/page"}],"author":[{"embeddable":true,"href":"https:\/\/tiktokio.com\/cs\/wp-json\/wp\/v2\/users\/2"}],"replies":[{"embeddable":true,"href":"https:\/\/tiktokio.com\/cs\/wp-json\/wp\/v2\/comments?post=77"}],"version-history":[{"count":1,"href":"https:\/\/tiktokio.com\/cs\/wp-json\/wp\/v2\/pages\/77\/revisions"}],"predecessor-version":[{"id":3088,"href":"https:\/\/tiktokio.com\/cs\/wp-json\/wp\/v2\/pages\/77\/revisions\/3088"}],"wp:attachment":[{"href":"https:\/\/tiktokio.com\/cs\/wp-json\/wp\/v2\/media?parent=77"}],"curies":[{"name":"wp","href":"https:\/\/api.w.org\/{rel}","templated":true}]}}