{"id":89,"date":"2023-10-30T09:09:25","date_gmt":"2023-10-30T09:09:25","guid":{"rendered":"https:\/\/tiktokio.com\/?page_id=89"},"modified":"2024-07-17T04:03:15","modified_gmt":"2024-07-17T04:03:15","slug":"kontaktujte-nas","status":"publish","type":"page","link":"https:\/\/tiktokio.com\/cs\/contact-us\/","title":{"rendered":"Kontaktujte n\u00e1s"},"content":{"rendered":"<section class=\"section\" id=\"section_1307051598\">\n\t\t<div class=\"section-bg fill\" >\n\t\t\t\t\t\t\t\t\t\n\t\t\t\n\n\t\t<\/div>\n\n\t\t\n\n\t\t<div class=\"section-content relative\">\n\t\t\t\n\t<div id=\"text-4114797309\" class=\"text\">\n\t\t\n<h2><span style=\"font-size: 150%;\">Klikn\u011bte <span style=\"color: #000000;\"><a style=\"color: #000000;\" href=\"\/cs\/\">Tady<\/a><\/span> pou\u017e\u00edvat TikTokio<\/span><\/h2>\n\t\t\n<style>\n#text-4114797309 {\n  text-align: center;\n  color: rgb(255,255,255);\n}\n#text-4114797309 > * {\n  color: rgb(255,255,255);\n}\n<\/style>\n\t<\/div>\n\t\n\t\t<\/div>\n\n\t\t\n<style>\n#section_1307051598 {\n  padding-top: 35px;\n  padding-bottom: 35px;\n  background-color: rgb(223, 109, 30);\n}\n<\/style>\n\t<\/section>\n\t\n\n\t<section class=\"section\" id=\"section_250461213\">\n\t\t<div class=\"section-bg fill\" >\n\t\t\t\t\t\t\t\t\t\n\t\t\t\n\n\t\t<\/div>\n\n\t\t\n\n\t\t<div class=\"section-content relative\">\n\t\t\t\n<div class=\"row align-middle align-center\"  id=\"row-1531917051\">\n\n\t<div id=\"col-1791973117\" class=\"col medium-10 small-12 large-10\"  >\n\t\t\t\t<div class=\"col-inner text-center\"  >\n\t\t\t\n\t\t\t\n\t<div class=\"img has-hover x md-x lg-x y md-y lg-y\" id=\"image_1396596815\">\n\t\t\t\t\t\t\t\t<div class=\"img-inner dark\" >\n\t\t\t<img loading=\"lazy\" decoding=\"async\" width=\"512\" height=\"512\" src=\"https:\/\/tiktokio.com\/wp-content\/uploads\/2023\/10\/cropped-cropped-ico.webp\" class=\"attachment-original size-original\" alt=\"\" srcset=\"https:\/\/tiktokio.com\/wp-content\/uploads\/2023\/10\/cropped-cropped-ico.webp 512w, https:\/\/tiktokio.com\/wp-content\/uploads\/2023\/10\/cropped-cropped-ico-300x300.webp 300w, https:\/\/tiktokio.com\/wp-content\/uploads\/2023\/10\/cropped-cropped-ico-150x150.webp 150w, https:\/\/tiktokio.com\/wp-content\/uploads\/2023\/10\/cropped-cropped-ico-270x270.webp 270w, https:\/\/tiktokio.com\/wp-content\/uploads\/2023\/10\/cropped-cropped-ico-192x192.webp 192w, https:\/\/tiktokio.com\/wp-content\/uploads\/2023\/10\/cropped-cropped-ico-180x180.webp 180w, https:\/\/tiktokio.com\/wp-content\/uploads\/2023\/10\/cropped-cropped-ico-32x32.webp 32w\" sizes=\"auto, (max-width: 512px) 100vw, 512px\" \/>\t\t\t\t\t\t\n\t\t\t\t\t<\/div>\n\t\t\t\t\t\t\t\t\n<style>\n#image_1396596815 {\n  width: 10%;\n}\n<\/style>\n\t<\/div>\n\t\n\t\t<\/div>\n\t\t\t\t\t<\/div>\n\n\t\n<\/div>\n<div class=\"row align-center\"  id=\"row-1158378294\">\n\n\t<div id=\"col-1119178590\" class=\"col medium-9 small-12 large-9\"  >\n\t\t\t\t<div class=\"col-inner\"  >\n\t\t\t\n\t\t\t\n\t<div id=\"text-3995306822\" class=\"text\">\n\t\t\n<h1>KONTAKTUJTE N\u00c1S<\/h1>\n\t\t\n<style>\n#text-3995306822 {\n  font-size: 0.75rem;\n  text-align: center;\n}\n<\/style>\n\t<\/div>\n\t\n\t<div id=\"gap-1188015212\" class=\"gap-element clearfix\" style=\"display:block; height:auto;\">\n\t\t\n<style>\n#gap-1188015212 {\n  padding-top: 30px;\n}\n<\/style>\n\t<\/div>\n\t\n\t<div id=\"text-1200875198\" class=\"text\">\n\t\t\n<p>Chceme, aby v\u00e1m na\u0161e n\u00e1stroje pomohly co nejv\u00edce, a proto na\u0161e slu\u017eby neust\u00e1le zlep\u0161ujeme. Pokud m\u00e1te n\u011bjak\u00e9 p\u0159ipom\u00ednky nebo n\u00e1vrhy, m\u016f\u017eete n\u00e1m je sd\u011blit, odpov\u00edme v\u00e1m co nejd\u0159\u00edve.<\/p>\n\t\t\n<style>\n#text-1200875198 {\n  font-size: 1.2rem;\n}\n<\/style>\n\t<\/div>\n\t\n\t<div id=\"text-2910827538\" class=\"text\">\n\t\t\n<p>Email:service@tiktokio.com<\/p>\n\t\t\n<style>\n#text-2910827538 {\n  font-size: 1.2rem;\n}\n<\/style>\n\t<\/div>\n\t\n\t\t<\/div>\n\t\t\t\t\t<\/div>\n\n\t\n<\/div>\n\t\t<\/div>\n\n\t\t\n<style>\n#section_250461213 {\n  padding-top: 60px;\n  padding-bottom: 60px;\n}\n<\/style>\n\t<\/section>","protected":false},"excerpt":{"rendered":"","protected":false},"author":2,"featured_media":0,"parent":0,"menu_order":0,"comment_status":"closed","ping_status":"closed","template":"page-blank.php","meta":{"footnotes":""},"class_list":["post-89","page","type-page","status-publish","hentry"],"yoast_head":"<!-- This site is optimized with the Yoast SEO plugin v27.3 - https:\/\/yoast.com\/product\/yoast-seo-wordpress\/ -->\n<title>Contact Us - Tiktokio Tiktok Downloader<\/title>\n<meta name=\"robots\" content=\"index, follow, max-snippet:-1, max-image-preview:large, max-video-preview:-1\" \/>\n<link rel=\"canonical\" href=\"https:\/\/tiktokio.com\/cs\/\" \/>\n<meta property=\"og:locale\" content=\"cs_CZ\" \/>\n<meta property=\"og:type\" content=\"article\" \/>\n<meta property=\"og:title\" content=\"Contact Us - Tiktokio Tiktok Downloader\" \/>\n<meta property=\"og:url\" content=\"https:\/\/tiktokio.com\/cs\/\" \/>\n<meta property=\"og:site_name\" content=\"Tiktokio Tiktok Downloader\" \/>\n<meta property=\"article:modified_time\" content=\"2024-07-17T04:03:15+00:00\" \/>\n<meta name=\"twitter:card\" content=\"summary_large_image\" \/>\n<meta name=\"twitter:label1\" content=\"Odhadovan\u00e1 doba \u010dten\u00ed\" \/>\n\t<meta name=\"twitter:data1\" content=\"1 minuta\" \/>\n<script type=\"application\/ld+json\" class=\"yoast-schema-graph\">{\"@context\":\"https:\\\/\\\/schema.org\",\"@graph\":[{\"@type\":\"WebPage\",\"@id\":\"https:\\\/\\\/tiktokio.com\\\/contact-us\\\/\",\"url\":\"https:\\\/\\\/tiktokio.com\\\/\",\"name\":\"Contact Us - Tiktokio Tiktok Downloader\",\"isPartOf\":{\"@id\":\"https:\\\/\\\/tiktokio.com\\\/#website\"},\"datePublished\":\"2023-10-30T09:09:25+00:00\",\"dateModified\":\"2024-07-17T04:03:15+00:00\",\"breadcrumb\":{\"@id\":\"https:\\\/\\\/tiktokio.com\\\/#breadcrumb\"},\"inLanguage\":\"cs\",\"potentialAction\":[{\"@type\":\"ReadAction\",\"target\":[\"https:\\\/\\\/tiktokio.com\\\/\"]}]},{\"@type\":\"BreadcrumbList\",\"@id\":\"https:\\\/\\\/tiktokio.com\\\/#breadcrumb\",\"itemListElement\":[{\"@type\":\"ListItem\",\"position\":1,\"name\":\"Home\",\"item\":\"https:\\\/\\\/tiktokio.com\\\/\"},{\"@type\":\"ListItem\",\"position\":2,\"name\":\"Contact Us\"}]},{\"@type\":\"WebSite\",\"@id\":\"https:\\\/\\\/tiktokio.com\\\/#website\",\"url\":\"https:\\\/\\\/tiktokio.com\\\/\",\"name\":\"Tiktokio Tiktok Downloader\",\"description\":\"\",\"publisher\":{\"@id\":\"https:\\\/\\\/tiktokio.com\\\/#organization\"},\"inLanguage\":\"cs\"},{\"@type\":\"Organization\",\"@id\":\"https:\\\/\\\/tiktokio.com\\\/#organization\",\"name\":\"Tiktokio Tiktok Downloader\",\"url\":\"https:\\\/\\\/tiktokio.com\\\/\",\"logo\":{\"@type\":\"ImageObject\",\"inLanguage\":\"cs\",\"@id\":\"https:\\\/\\\/tiktokio.com\\\/#\\\/schema\\\/logo\\\/image\\\/\",\"url\":\"https:\\\/\\\/tiktokio.com\\\/wp-content\\\/uploads\\\/2023\\\/10\\\/tiktokio-log.webp\",\"contentUrl\":\"https:\\\/\\\/tiktokio.com\\\/wp-content\\\/uploads\\\/2023\\\/10\\\/tiktokio-log.webp\",\"width\":308,\"height\":70,\"caption\":\"Tiktokio Tiktok Downloader\"},\"image\":{\"@id\":\"https:\\\/\\\/tiktokio.com\\\/#\\\/schema\\\/logo\\\/image\\\/\"}}]}<\/script>\n<!-- \/ Yoast SEO plugin. -->","yoast_head_json":{"title":"Kontaktujte n\u00e1s - Tiktokio Tiktok Downloader","robots":{"index":"index","follow":"follow","max-snippet":"max-snippet:-1","max-image-preview":"max-image-preview:large","max-video-preview":"max-video-preview:-1"},"canonical":"https:\/\/tiktokio.com\/cs\/","og_locale":"cs_CZ","og_type":"article","og_title":"Contact Us - Tiktokio Tiktok Downloader","og_url":"https:\/\/tiktokio.com\/cs\/","og_site_name":"Tiktokio Tiktok Downloader","article_modified_time":"2024-07-17T04:03:15+00:00","twitter_card":"summary_large_image","twitter_misc":{"Odhadovan\u00e1 doba \u010dten\u00ed":"1 minuta"},"schema":{"@context":"https:\/\/schema.org","@graph":[{"@type":"WebPage","@id":"https:\/\/tiktokio.com\/contact-us\/","url":"https:\/\/tiktokio.com\/","name":"Kontaktujte n\u00e1s - Tiktokio Tiktok Downloader","isPartOf":{"@id":"https:\/\/tiktokio.com\/#website"},"datePublished":"2023-10-30T09:09:25+00:00","dateModified":"2024-07-17T04:03:15+00:00","breadcrumb":{"@id":"https:\/\/tiktokio.com\/#breadcrumb"},"inLanguage":"cs","potentialAction":[{"@type":"ReadAction","target":["https:\/\/tiktokio.com\/"]}]},{"@type":"BreadcrumbList","@id":"https:\/\/tiktokio.com\/#breadcrumb","itemListElement":[{"@type":"ListItem","position":1,"name":"Home","item":"https:\/\/tiktokio.com\/"},{"@type":"ListItem","position":2,"name":"Contact Us"}]},{"@type":"WebSite","@id":"https:\/\/tiktokio.com\/#website","url":"https:\/\/tiktokio.com\/","name":"Tiktokio Tiktok Downloader","description":"","publisher":{"@id":"https:\/\/tiktokio.com\/#organization"},"inLanguage":"cs"},{"@type":"Organization","@id":"https:\/\/tiktokio.com\/#organization","name":"Tiktokio Tiktok Downloader","url":"https:\/\/tiktokio.com\/","logo":{"@type":"ImageObject","inLanguage":"cs","@id":"https:\/\/tiktokio.com\/#\/schema\/logo\/image\/","url":"https:\/\/tiktokio.com\/wp-content\/uploads\/2023\/10\/tiktokio-log.webp","contentUrl":"https:\/\/tiktokio.com\/wp-content\/uploads\/2023\/10\/tiktokio-log.webp","width":308,"height":70,"caption":"Tiktokio Tiktok Downloader"},"image":{"@id":"https:\/\/tiktokio.com\/#\/schema\/logo\/image\/"}}]}},"_links":{"self":[{"href":"https:\/\/tiktokio.com\/cs\/wp-json\/wp\/v2\/pages\/89","targetHints":{"allow":["GET"]}}],"collection":[{"href":"https:\/\/tiktokio.com\/cs\/wp-json\/wp\/v2\/pages"}],"about":[{"href":"https:\/\/tiktokio.com\/cs\/wp-json\/wp\/v2\/types\/page"}],"author":[{"embeddable":true,"href":"https:\/\/tiktokio.com\/cs\/wp-json\/wp\/v2\/users\/2"}],"replies":[{"embeddable":true,"href":"https:\/\/tiktokio.com\/cs\/wp-json\/wp\/v2\/comments?post=89"}],"version-history":[{"count":4,"href":"https:\/\/tiktokio.com\/cs\/wp-json\/wp\/v2\/pages\/89\/revisions"}],"predecessor-version":[{"id":3086,"href":"https:\/\/tiktokio.com\/cs\/wp-json\/wp\/v2\/pages\/89\/revisions\/3086"}],"wp:attachment":[{"href":"https:\/\/tiktokio.com\/cs\/wp-json\/wp\/v2\/media?parent=89"}],"curies":[{"name":"wp","href":"https:\/\/api.w.org\/{rel}","templated":true}]}}