{"id":77,"date":"2023-10-30T08:52:36","date_gmt":"2023-10-30T08:52:36","guid":{"rendered":"https:\/\/tiktokio.com\/?page_id=77"},"modified":"2024-07-17T04:04:47","modified_gmt":"2024-07-17T04:04:47","slug":"politica-de-privacidad","status":"publish","type":"page","link":"https:\/\/tiktokio.com\/es\/privacy-policy\/","title":{"rendered":"pol\u00edtica de privacidad"},"content":{"rendered":"<section class=\"section\" id=\"section_1715308882\">\n\t\t<div class=\"section-bg fill\" >\n\t\t\t\t\t\t\t\t\t\n\t\t\t\n\n\t\t<\/div>\n\n\t\t\n\n\t\t<div class=\"section-content relative\">\n\t\t\t\n\t<div id=\"text-3430622992\" class=\"text\">\n\t\t\n<h2><span style=\"font-size: 150%;\">Hacer clic <span style=\"color: #000000;\"><a style=\"color: #000000;\" href=\"\/es\/\">Aqu\u00ed<\/a><\/span> Usar TikTokio<\/span><\/h2>\n\t\t\n<style>\n#text-3430622992 {\n  text-align: center;\n  color: rgb(255,255,255);\n}\n#text-3430622992 > * {\n  color: rgb(255,255,255);\n}\n<\/style>\n\t<\/div>\n\t\n\t\t<\/div>\n\n\t\t\n<style>\n#section_1715308882 {\n  padding-top: 35px;\n  padding-bottom: 35px;\n  background-color: rgb(223, 109, 30);\n}\n<\/style>\n\t<\/section>\n\t\n\n\t<section class=\"section\" id=\"section_661267492\">\n\t\t<div class=\"section-bg fill\" >\n\t\t\t\t\t\t\t\t\t\n\t\t\t\n\n\t\t<\/div>\n\n\t\t\n\n\t\t<div class=\"section-content relative\">\n\t\t\t\n<div class=\"row\"  id=\"row-17871976\">\n\n\t<div id=\"col-75813498\" class=\"col small-12 large-12\"  >\n\t\t\t\t<div class=\"col-inner\"  >\n\t\t\t\n\t\t\t\n\t<div id=\"text-1997759220\" class=\"text\">\n\t\t\n<h1>pol\u00edtica de privacidad<\/h1>\n\t\t\n<style>\n#text-1997759220 {\n  text-align: center;\n}\n<\/style>\n\t<\/div>\n\t\n<p>De conformidad con nuestros T\u00e9rminos de uso, este documento describe c\u00f3mo tratamos la informaci\u00f3n personal relacionada con su uso de este sitio web y los servicios ofrecidos en \u00e9l y a trav\u00e9s de \u00e9l (el &quot;Servicio&quot;), incluida la informaci\u00f3n que usted proporciona al usarlo. Limitamos expresa y estrictamente uso del Servicio a adultos mayores de 18 a\u00f1os o la mayor\u00eda de edad en la jurisdicci\u00f3n del individuo, lo que sea mayor. Cualquier persona menor de esta edad tiene estrictamente prohibido utilizar el Servicio. No buscamos ni recopilamos intencionalmente ninguna informaci\u00f3n o datos personales de personas que no hayan cumplido esta edad. Datos recopilados utilizando el Servicio. Cuando accede al Servicio, utiliza la funci\u00f3n de b\u00fasqueda, convierte archivos o descarga archivos, su direcci\u00f3n IP, pa\u00eds de origen y otra informaci\u00f3n no personal sobre su computadora o dispositivo (como solicitudes web, tipo de navegador, idioma del navegador, URL de referencia, sistema operativo y fecha y hora de las solicitudes) pueden registrarse para obtener informaci\u00f3n del archivo de registro, informaci\u00f3n de tr\u00e1fico agregada y en caso de que haya alguna apropiaci\u00f3n indebida de informaci\u00f3n y\/o contenido. Informaci\u00f3n de uso. Podemos registrar informaci\u00f3n sobre su uso del Servicio, como sus t\u00e9rminos de b\u00fasqueda, el contenido al que accede y descarga y otras estad\u00edsticas. Contenido cargado. Cualquier contenido que cargue, acceda o transmita a trav\u00e9s del Servicio podr\u00e1 ser recopilado por nosotros. Correspondencias. Podemos mantener un registro de cualquier correspondencia entre usted y nosotros. Cookies. Cuando utiliza el Servicio, podemos enviar cookies a su computadora para identificar de forma \u00fanica la sesi\u00f3n de su navegador. Podemos utilizar tanto cookies de sesi\u00f3n como cookies persistentes. Uso de datos Podemos utilizar su informaci\u00f3n para proporcionarle ciertas funciones y crear una experiencia personalizada en el Servicio. Tambi\u00e9n podemos usar esa informaci\u00f3n para operar, mantener y mejorar las caracter\u00edsticas y la funcionalidad del Servicio. Usamos cookies, balizas web y otra informaci\u00f3n para almacenar informaci\u00f3n de modo que no tenga que volver a ingresarla en futuras visitas, proporcionar contenido personalizado y informaci\u00f3n, monitorear la efectividad del Servicio y monitorear m\u00e9tricas agregadas como el n\u00famero de visitantes y visitas a la p\u00e1gina (incluso para su uso en el seguimiento de visitantes de afiliados). Tambi\u00e9n se pueden utilizar para proporcionar publicidad dirigida seg\u00fan su pa\u00eds de origen y otra informaci\u00f3n personal. Podemos agregar su informaci\u00f3n personal con informaci\u00f3n personal de otros miembros y usuarios, y divulgar dicha informaci\u00f3n a anunciantes y otros terceros con fines de marketing y promoci\u00f3n. fines.Podemos utilizar su informaci\u00f3n para realizar promociones, concursos, encuestas y otras funciones y eventos.Divulgaciones de informaci\u00f3nEs posible que debamos divulgar ciertos datos para cumplir con obligaciones legales o para hacer cumplir nuestros T\u00e9rminos de uso y otros acuerdos. Tambi\u00e9n podemos divulgar ciertos datos para proteger nuestros derechos, propiedad o seguridad, la de nuestros usuarios y otros. Esto incluye proporcionar informaci\u00f3n a otras empresas u organizaciones como la polic\u00eda o autoridades gubernamentales con el fin de proteger o procesar cualquier actividad ilegal, ya sea que est\u00e9 identificada o no en los T\u00e9rminos de uso. Si carga, accede o transmite cualquier actividad ilegal o material no autorizado hacia o a trav\u00e9s del Servicio, o si se sospecha que usted lo est\u00e1 haciendo, podemos enviar toda la informaci\u00f3n disponible a las autoridades pertinentes, incluidos los respectivos propietarios de derechos de autor, sin previo aviso. Varios Si bien utilizamos medidas de seguridad f\u00edsicas, administrativas y t\u00e9cnicas comercialmente razonables para asegurar su informaci\u00f3n, la transmisi\u00f3n de informaci\u00f3n a trav\u00e9s de Internet no es completamente segura y no podemos asegurar ni garantizar la seguridad de ninguna informaci\u00f3n o contenido que usted nos transmita. Cualquier informaci\u00f3n o contenido que nos transmita se realiza bajo su propio riesgo.<\/p>\n\t\t<\/div>\n\t\t\t\t\t<\/div>\n\n\t\n<\/div>\n\t\t<\/div>\n\n\t\t\n<style>\n#section_661267492 {\n  padding-top: 30px;\n  padding-bottom: 30px;\n}\n<\/style>\n\t<\/section>","protected":false},"excerpt":{"rendered":"","protected":false},"author":2,"featured_media":0,"parent":0,"menu_order":0,"comment_status":"closed","ping_status":"closed","template":"page-blank.php","meta":{"footnotes":""},"class_list":["post-77","page","type-page","status-publish","hentry"],"yoast_head":"<!-- This site is optimized with the Yoast SEO plugin v27.3 - https:\/\/yoast.com\/product\/yoast-seo-wordpress\/ -->\n<title>Privacy Policy - Tiktokio Tiktok Downloader<\/title>\n<meta name=\"robots\" content=\"index, follow, max-snippet:-1, max-image-preview:large, max-video-preview:-1\" \/>\n<link rel=\"canonical\" href=\"https:\/\/tiktokio.com\/es\/\" \/>\n<meta property=\"og:locale\" content=\"es_MX\" \/>\n<meta property=\"og:type\" content=\"article\" \/>\n<meta property=\"og:title\" content=\"Privacy Policy - Tiktokio Tiktok Downloader\" \/>\n<meta property=\"og:url\" content=\"https:\/\/tiktokio.com\/es\/\" \/>\n<meta property=\"og:site_name\" content=\"Tiktokio Tiktok Downloader\" \/>\n<meta property=\"article:modified_time\" content=\"2024-07-17T04:04:47+00:00\" \/>\n<meta name=\"twitter:card\" content=\"summary_large_image\" \/>\n<meta name=\"twitter:label1\" content=\"Tiempo de lectura\" \/>\n\t<meta name=\"twitter:data1\" content=\"3 minutos\" \/>\n<script type=\"application\/ld+json\" class=\"yoast-schema-graph\">{\"@context\":\"https:\\\/\\\/schema.org\",\"@graph\":[{\"@type\":\"WebPage\",\"@id\":\"https:\\\/\\\/tiktokio.com\\\/privacy-policy\\\/\",\"url\":\"https:\\\/\\\/tiktokio.com\\\/\",\"name\":\"Privacy Policy - Tiktokio Tiktok Downloader\",\"isPartOf\":{\"@id\":\"https:\\\/\\\/tiktokio.com\\\/#website\"},\"datePublished\":\"2023-10-30T08:52:36+00:00\",\"dateModified\":\"2024-07-17T04:04:47+00:00\",\"breadcrumb\":{\"@id\":\"https:\\\/\\\/tiktokio.com\\\/#breadcrumb\"},\"inLanguage\":\"es\",\"potentialAction\":[{\"@type\":\"ReadAction\",\"target\":[\"https:\\\/\\\/tiktokio.com\\\/\"]}]},{\"@type\":\"BreadcrumbList\",\"@id\":\"https:\\\/\\\/tiktokio.com\\\/#breadcrumb\",\"itemListElement\":[{\"@type\":\"ListItem\",\"position\":1,\"name\":\"Home\",\"item\":\"https:\\\/\\\/tiktokio.com\\\/\"},{\"@type\":\"ListItem\",\"position\":2,\"name\":\"Privacy Policy\"}]},{\"@type\":\"WebSite\",\"@id\":\"https:\\\/\\\/tiktokio.com\\\/#website\",\"url\":\"https:\\\/\\\/tiktokio.com\\\/\",\"name\":\"Tiktokio Tiktok Downloader\",\"description\":\"\",\"publisher\":{\"@id\":\"https:\\\/\\\/tiktokio.com\\\/#organization\"},\"inLanguage\":\"es\"},{\"@type\":\"Organization\",\"@id\":\"https:\\\/\\\/tiktokio.com\\\/#organization\",\"name\":\"Tiktokio Tiktok Downloader\",\"url\":\"https:\\\/\\\/tiktokio.com\\\/\",\"logo\":{\"@type\":\"ImageObject\",\"inLanguage\":\"es\",\"@id\":\"https:\\\/\\\/tiktokio.com\\\/#\\\/schema\\\/logo\\\/image\\\/\",\"url\":\"https:\\\/\\\/tiktokio.com\\\/wp-content\\\/uploads\\\/2023\\\/10\\\/tiktokio-log.webp\",\"contentUrl\":\"https:\\\/\\\/tiktokio.com\\\/wp-content\\\/uploads\\\/2023\\\/10\\\/tiktokio-log.webp\",\"width\":308,\"height\":70,\"caption\":\"Tiktokio Tiktok Downloader\"},\"image\":{\"@id\":\"https:\\\/\\\/tiktokio.com\\\/#\\\/schema\\\/logo\\\/image\\\/\"}}]}<\/script>\n<!-- \/ Yoast SEO plugin. -->","yoast_head_json":{"title":"Pol\u00edtica de privacidad - Descargador Tiktokio Tiktok","robots":{"index":"index","follow":"follow","max-snippet":"max-snippet:-1","max-image-preview":"max-image-preview:large","max-video-preview":"max-video-preview:-1"},"canonical":"https:\/\/tiktokio.com\/es\/","og_locale":"es_MX","og_type":"article","og_title":"Privacy Policy - Tiktokio Tiktok Downloader","og_url":"https:\/\/tiktokio.com\/es\/","og_site_name":"Tiktokio Tiktok Downloader","article_modified_time":"2024-07-17T04:04:47+00:00","twitter_card":"summary_large_image","twitter_misc":{"Tiempo de lectura":"3 minutos"},"schema":{"@context":"https:\/\/schema.org","@graph":[{"@type":"WebPage","@id":"https:\/\/tiktokio.com\/privacy-policy\/","url":"https:\/\/tiktokio.com\/","name":"Pol\u00edtica de privacidad - Descargador Tiktokio Tiktok","isPartOf":{"@id":"https:\/\/tiktokio.com\/#website"},"datePublished":"2023-10-30T08:52:36+00:00","dateModified":"2024-07-17T04:04:47+00:00","breadcrumb":{"@id":"https:\/\/tiktokio.com\/#breadcrumb"},"inLanguage":"es","potentialAction":[{"@type":"ReadAction","target":["https:\/\/tiktokio.com\/"]}]},{"@type":"BreadcrumbList","@id":"https:\/\/tiktokio.com\/#breadcrumb","itemListElement":[{"@type":"ListItem","position":1,"name":"Home","item":"https:\/\/tiktokio.com\/"},{"@type":"ListItem","position":2,"name":"Privacy Policy"}]},{"@type":"WebSite","@id":"https:\/\/tiktokio.com\/#website","url":"https:\/\/tiktokio.com\/","name":"Descargador Tiktokio Tiktok","description":"","publisher":{"@id":"https:\/\/tiktokio.com\/#organization"},"inLanguage":"es"},{"@type":"Organization","@id":"https:\/\/tiktokio.com\/#organization","name":"Descargador Tiktokio Tiktok","url":"https:\/\/tiktokio.com\/","logo":{"@type":"ImageObject","inLanguage":"es","@id":"https:\/\/tiktokio.com\/#\/schema\/logo\/image\/","url":"https:\/\/tiktokio.com\/wp-content\/uploads\/2023\/10\/tiktokio-log.webp","contentUrl":"https:\/\/tiktokio.com\/wp-content\/uploads\/2023\/10\/tiktokio-log.webp","width":308,"height":70,"caption":"Tiktokio Tiktok Downloader"},"image":{"@id":"https:\/\/tiktokio.com\/#\/schema\/logo\/image\/"}}]}},"_links":{"self":[{"href":"https:\/\/tiktokio.com\/es\/wp-json\/wp\/v2\/pages\/77","targetHints":{"allow":["GET"]}}],"collection":[{"href":"https:\/\/tiktokio.com\/es\/wp-json\/wp\/v2\/pages"}],"about":[{"href":"https:\/\/tiktokio.com\/es\/wp-json\/wp\/v2\/types\/page"}],"author":[{"embeddable":true,"href":"https:\/\/tiktokio.com\/es\/wp-json\/wp\/v2\/users\/2"}],"replies":[{"embeddable":true,"href":"https:\/\/tiktokio.com\/es\/wp-json\/wp\/v2\/comments?post=77"}],"version-history":[{"count":1,"href":"https:\/\/tiktokio.com\/es\/wp-json\/wp\/v2\/pages\/77\/revisions"}],"predecessor-version":[{"id":3088,"href":"https:\/\/tiktokio.com\/es\/wp-json\/wp\/v2\/pages\/77\/revisions\/3088"}],"wp:attachment":[{"href":"https:\/\/tiktokio.com\/es\/wp-json\/wp\/v2\/media?parent=77"}],"curies":[{"name":"Gracias","href":"https:\/\/api.w.org\/{rel}","templated":true}]}}