{"id":77,"date":"2023-10-30T08:52:36","date_gmt":"2023-10-30T08:52:36","guid":{"rendered":"https:\/\/tiktokio.com\/?page_id=77"},"modified":"2024-07-17T04:04:47","modified_gmt":"2024-07-17T04:04:47","slug":"adatvedelmi-iranyelvek","status":"publish","type":"page","link":"https:\/\/tiktokio.com\/hu\/privacy-policy\/","title":{"rendered":"Adatv\u00e9delmi ir\u00e1nyelvek"},"content":{"rendered":"<section class=\"section\" id=\"section_128724385\">\n\t\t<div class=\"section-bg fill\" >\n\t\t\t\t\t\t\t\t\t\n\t\t\t\n\n\t\t<\/div>\n\n\t\t\n\n\t\t<div class=\"section-content relative\">\n\t\t\t\n\t<div id=\"text-3561507268\" class=\"text\">\n\t\t\n<h2><span style=\"font-size: 150%;\">Kattintson <span style=\"color: #000000;\"><a style=\"color: #000000;\" href=\"\/hu\/\">Itt<\/a><\/span> a TikTokio haszn\u00e1lat\u00e1hoz<\/span><\/h2>\n\t\t\n<style>\n#text-3561507268 {\n  text-align: center;\n  color: rgb(255,255,255);\n}\n#text-3561507268 > * {\n  color: rgb(255,255,255);\n}\n<\/style>\n\t<\/div>\n\t\n\t\t<\/div>\n\n\t\t\n<style>\n#section_128724385 {\n  padding-top: 35px;\n  padding-bottom: 35px;\n  background-color: rgb(223, 109, 30);\n}\n<\/style>\n\t<\/section>\n\t\n\n\t<section class=\"section\" id=\"section_2090061498\">\n\t\t<div class=\"section-bg fill\" >\n\t\t\t\t\t\t\t\t\t\n\t\t\t\n\n\t\t<\/div>\n\n\t\t\n\n\t\t<div class=\"section-content relative\">\n\t\t\t\n<div class=\"row\"  id=\"row-643696368\">\n\n\t<div id=\"col-1543008411\" class=\"col small-12 large-12\"  >\n\t\t\t\t<div class=\"col-inner\"  >\n\t\t\t\n\t\t\t\n\t<div id=\"text-2013869454\" class=\"text\">\n\t\t\n<h1>Adatv\u00e9delmi ir\u00e1nyelvek<\/h1>\n\t\t\n<style>\n#text-2013869454 {\n  text-align: center;\n}\n<\/style>\n\t<\/div>\n\t\n<p>Felhaszn\u00e1l\u00e1si felt\u00e9teleink \u00e9rtelm\u00e9ben ez a dokumentum le\u00edrja, hogyan kezelj\u00fck a jelen weboldal, valamint az azon kereszt\u00fcl \u00e9s azon kereszt\u00fcl k\u00edn\u00e1lt szolg\u00e1ltat\u00e1sok (a &quot;Szolg\u00e1ltat\u00e1s&quot;) \u00d6n \u00e1ltali haszn\u00e1lat\u00e1val kapcsolatos szem\u00e9lyes adatokat, bele\u00e9rtve az \u00d6n \u00e1ltal a haszn\u00e1lat sor\u00e1n megadott inform\u00e1ci\u00f3kat is. Kifejezetten \u00e9s szigor\u00faan korl\u00e1tozzuk a Szolg\u00e1ltat\u00e1s 18 \u00e9ven fel\u00fcli vagy az adott szem\u00e9ly joghat\u00f3s\u00e1ga al\u00e1 tartoz\u00f3 nagykor\u00faak sz\u00e1m\u00e1ra t\u00f6rt\u00e9n\u0151 haszn\u00e1lata, att\u00f3l f\u00fcgg\u0151en, hogy melyik a magasabb. E kor alatti szem\u00e9lyeknek szigor\u00faan tilos a Szolg\u00e1ltat\u00e1s haszn\u00e1lata. Tudatosan nem keres\u00fcnk \u00e9s nem gy\u0171jt\u00fcnk semmilyen szem\u00e9lyes inform\u00e1ci\u00f3t vagy adatot olyan szem\u00e9lyekt\u0151l, akik m\u00e9g nem \u00e9rt\u00e9k el ezt a kort.A Szolg\u00e1ltat\u00e1s haszn\u00e1lat\u00e1val gy\u0171jt\u00f6tt adatok. Amikor bel\u00e9p a Szolg\u00e1ltat\u00e1sba, haszn\u00e1lja a keres\u00e9si funkci\u00f3t, konvert\u00e1ljon f\u00e1jlokat vagy t\u00f6lts\u00f6n le f\u00e1jlokat, IP-c\u00edm\u00e9t, sz\u00e1rmaz\u00e1si orsz\u00e1g\u00e1t \u00e9s a sz\u00e1m\u00edt\u00f3g\u00e9p\u00e9vel vagy eszk\u00f6z\u00e9vel kapcsolatos egy\u00e9b nem szem\u00e9lyes adatokat (p\u00e9ld\u00e1ul webes k\u00e9r\u00e9sek, b\u00f6ng\u00e9sz\u0151 t\u00edpusa, b\u00f6ng\u00e9sz\u0151 nyelve, hivatkoz\u00e1si URL, oper\u00e1ci\u00f3s rendszer \u00e9s a k\u00e9r\u00e9sek d\u00e1tuma \u00e9s id\u0151pontja) r\u00f6gz\u00edthet\u0151k a napl\u00f3f\u00e1jl-inform\u00e1ci\u00f3k, az \u00f6sszes\u00edtett forgalmi inform\u00e1ci\u00f3k \u00e9s abban az esetben, ha az inform\u00e1ci\u00f3kkal \u00e9s\/vagy tartalommal vissza\u00e9l\u00e9sre ker\u00fcl sor.Haszn\u00e1lati inform\u00e1ci\u00f3k. R\u00f6gz\u00edthet\u00fcnk inform\u00e1ci\u00f3kat a Szolg\u00e1ltat\u00e1s haszn\u00e1lat\u00e1r\u00f3l, p\u00e9ld\u00e1ul a keres\u00e9si kifejez\u00e9sekr\u0151l, az \u00d6n \u00e1ltal el\u00e9rt \u00e9s let\u00f6lt\u00f6tt tartalomr\u00f3l \u00e9s egy\u00e9b statisztik\u00e1kr\u00f3l. Felt\u00f6lt\u00f6tt tartalom. A Szolg\u00e1ltat\u00e1son kereszt\u00fcl felt\u00f6lt\u00f6tt, el\u00e9rt vagy tov\u00e1bb\u00edtott b\u00e1rmely tartalmat begy\u0171jthetj\u00fck.Levelez\u00e9sek. Feljegyz\u00e9st tarthatunk az \u00d6n \u00e9s k\u00f6zt\u00fcnk folytatott levelez\u00e9sr\u0151l. Cookie-k. Amikor haszn\u00e1lja a Szolg\u00e1ltat\u00e1st, cookie-kat k\u00fcldhet\u00fcnk sz\u00e1m\u00edt\u00f3g\u00e9p\u00e9re, hogy egyedileg azonos\u00edtsa b\u00f6ng\u00e9sz\u0151munkamenet\u00e9t. Haszn\u00e1lhatunk munkamenet-cookie-kat \u00e9s \u00e1lland\u00f3 cookie-kat is.Adathaszn\u00e1lat Az \u00d6n adatait felhaszn\u00e1lhatjuk bizonyos funkci\u00f3k biztos\u00edt\u00e1s\u00e1ra \u00e9s szem\u00e9lyre szabott \u00e9lm\u00e9ny kialak\u00edt\u00e1s\u00e1ra a Szolg\u00e1ltat\u00e1sban. Ezeket az inform\u00e1ci\u00f3kat a Szolg\u00e1ltat\u00e1s funkci\u00f3inak \u00e9s funkci\u00f3inak m\u0171k\u00f6dtet\u00e9s\u00e9re, karbantart\u00e1s\u00e1ra \u00e9s fejleszt\u00e9s\u00e9re is felhaszn\u00e1lhatjuk. Cookie-kat, webjelz\u0151ket \u00e9s egy\u00e9b inform\u00e1ci\u00f3kat haszn\u00e1lunk az inform\u00e1ci\u00f3k t\u00e1rol\u00e1s\u00e1ra, hogy ne kelljen \u00fajb\u00f3l megadnia azokat a j\u00f6v\u0151beni l\u00e1togat\u00e1sok alkalm\u00e1val, szem\u00e9lyre szabott tartalmat \u00e9s inform\u00e1ci\u00f3kat, nyomon k\u00f6vetheti a Szolg\u00e1ltat\u00e1s hat\u00e9konys\u00e1g\u00e1t \u00e9s figyelemmel k\u00eds\u00e9rheti az \u00f6sszes\u00edtett m\u00e9r\u0151sz\u00e1mokat, p\u00e9ld\u00e1ul a l\u00e1togat\u00f3k sz\u00e1m\u00e1t \u00e9s az oldalmegtekint\u00e9seket (bele\u00e9rtve a kapcsolt v\u00e1llalkoz\u00e1sokt\u00f3l \u00e9rkez\u0151 l\u00e1togat\u00f3k figyel\u00e9s\u00e9re val\u00f3 felhaszn\u00e1l\u00e1st is). Felhaszn\u00e1lhat\u00f3k arra is, hogy c\u00e9lzott hirdet\u00e9seket biztos\u00edtsanak az \u00d6n sz\u00e1rmaz\u00e1si orsz\u00e1ga \u00e9s egy\u00e9b szem\u00e9lyes adatok alapj\u00e1n. Szem\u00e9lyes adatait \u00f6sszes\u00edthetj\u00fck m\u00e1s tagok \u00e9s felhaszn\u00e1l\u00f3k szem\u00e9lyes adataival, \u00e9s ezeket az inform\u00e1ci\u00f3kat hirdet\u0151knek \u00e9s m\u00e1s harmadik feleknek marketing \u00e9s prom\u00f3ci\u00f3s c\u00e9lb\u00f3l kiadhatjuk. c\u00e9lokra. Az \u00d6n adatait prom\u00f3ci\u00f3k, versenyek, felm\u00e9r\u00e9sek \u00e9s egy\u00e9b funkci\u00f3k \u00e9s esem\u00e9nyek futtat\u00e1s\u00e1ra haszn\u00e1lhatjuk fel.Inform\u00e1ci\u00f3k k\u00f6zz\u00e9t\u00e9tele El\u0151fordulhat, hogy bizonyos adatokat ki kell adnunk a jogi k\u00f6telezetts\u00e9geink teljes\u00edt\u00e9se, illetve a haszn\u00e1lati felt\u00e9teleink \u00e9s egy\u00e9b meg\u00e1llapod\u00e1saink \u00e9rv\u00e9nyes\u00edt\u00e9se \u00e9rdek\u00e9ben. Bizonyos adatokat kiadhatunk magunk, felhaszn\u00e1l\u00f3ink \u00e9s m\u00e1sok jogainak, tulajdon\u00e1nak vagy biztons\u00e1g\u00e1nak v\u00e9delme \u00e9rdek\u00e9ben is. Ez mag\u00e1ban foglalja az inform\u00e1ci\u00f3k \u00e1tad\u00e1s\u00e1t m\u00e1s v\u00e1llalatoknak vagy szervezeteknek, p\u00e9ld\u00e1ul a rend\u0151rs\u00e9gnek vagy a korm\u00e1nyzati hat\u00f3s\u00e1goknak b\u00e1rmely illeg\u00e1lis tev\u00e9kenys\u00e9g elleni v\u00e9delem vagy b\u00fcntet\u0151elj\u00e1r\u00e1s lefolytat\u00e1sa c\u00e9lj\u00e1b\u00f3l, f\u00fcggetlen\u00fcl att\u00f3l, hogy ez szerepel-e a haszn\u00e1lati felt\u00e9telekben. Ha felt\u00f6lt, hozz\u00e1f\u00e9r vagy tov\u00e1bb\u00edt illeg\u00e1lis jogosulatlan anyagok a Szolg\u00e1ltat\u00e1sba vagy a szolg\u00e1ltat\u00e1son kereszt\u00fcl, vagy \u00d6nr\u0151l gyan\u00fas, hogy ilyeneket tesz, minden rendelkez\u00e9sre \u00e1ll\u00f3 inform\u00e1ci\u00f3t tov\u00e1bb\u00edthatunk az illet\u00e9kes hat\u00f3s\u00e1goknak, bele\u00e9rtve a szerz\u0151i jogok tulajdonosait is, an\u00e9lk\u00fcl, hogy \u00d6nt \u00e9rtes\u00edten\u00e9k. Vegyes Mik\u00f6zben kereskedelmileg \u00e9sszer\u0171 fizikai, ir\u00e1ny\u00edt\u00e1si \u00e9s m\u0171szaki biztos\u00edt\u00e9kokat alkalmazunk a biztons\u00e1g \u00e9rdek\u00e9ben az \u00d6n adatai, az interneten kereszt\u00fcli inform\u00e1ci\u00f3tov\u00e1bb\u00edt\u00e1s nem teljesen biztons\u00e1gos, \u00e9s nem tudjuk garant\u00e1lni vagy garant\u00e1lni az \u00d6n \u00e1ltal sz\u00e1munkra tov\u00e1bb\u00edtott inform\u00e1ci\u00f3k vagy tartalom biztons\u00e1g\u00e1t. B\u00e1rmilyen inform\u00e1ci\u00f3 vagy tartalom, amelyet nek\u00fcnk tov\u00e1bb\u00edt, az \u00d6n felel\u0151ss\u00e9g\u00e9re t\u00f6rt\u00e9nik.<\/p>\n\t\t<\/div>\n\t\t\t\t\t<\/div>\n\n\t\n<\/div>\n\t\t<\/div>\n\n\t\t\n<style>\n#section_2090061498 {\n  padding-top: 30px;\n  padding-bottom: 30px;\n}\n<\/style>\n\t<\/section>","protected":false},"excerpt":{"rendered":"","protected":false},"author":2,"featured_media":0,"parent":0,"menu_order":0,"comment_status":"closed","ping_status":"closed","template":"page-blank.php","meta":{"footnotes":""},"class_list":["post-77","page","type-page","status-publish","hentry"],"yoast_head":"<!-- This site is optimized with the Yoast SEO plugin v27.3 - https:\/\/yoast.com\/product\/yoast-seo-wordpress\/ -->\n<title>Privacy Policy - Tiktokio Tiktok Downloader<\/title>\n<meta name=\"robots\" content=\"index, follow, max-snippet:-1, max-image-preview:large, max-video-preview:-1\" \/>\n<link rel=\"canonical\" href=\"https:\/\/tiktokio.com\/hu\/\" \/>\n<meta property=\"og:locale\" content=\"hu_HU\" \/>\n<meta property=\"og:type\" content=\"article\" \/>\n<meta property=\"og:title\" content=\"Privacy Policy - Tiktokio Tiktok Downloader\" \/>\n<meta property=\"og:url\" content=\"https:\/\/tiktokio.com\/hu\/\" \/>\n<meta property=\"og:site_name\" content=\"Tiktokio Tiktok Downloader\" \/>\n<meta property=\"article:modified_time\" content=\"2024-07-17T04:04:47+00:00\" \/>\n<meta name=\"twitter:card\" content=\"summary_large_image\" \/>\n<meta name=\"twitter:label1\" content=\"Becs\u00fclt olvas\u00e1si id\u0151\" \/>\n\t<meta name=\"twitter:data1\" content=\"3 perc\" \/>\n<script type=\"application\/ld+json\" class=\"yoast-schema-graph\">{\"@context\":\"https:\\\/\\\/schema.org\",\"@graph\":[{\"@type\":\"WebPage\",\"@id\":\"https:\\\/\\\/tiktokio.com\\\/privacy-policy\\\/\",\"url\":\"https:\\\/\\\/tiktokio.com\\\/\",\"name\":\"Privacy Policy - Tiktokio Tiktok Downloader\",\"isPartOf\":{\"@id\":\"https:\\\/\\\/tiktokio.com\\\/#website\"},\"datePublished\":\"2023-10-30T08:52:36+00:00\",\"dateModified\":\"2024-07-17T04:04:47+00:00\",\"breadcrumb\":{\"@id\":\"https:\\\/\\\/tiktokio.com\\\/#breadcrumb\"},\"inLanguage\":\"hu\",\"potentialAction\":[{\"@type\":\"ReadAction\",\"target\":[\"https:\\\/\\\/tiktokio.com\\\/\"]}]},{\"@type\":\"BreadcrumbList\",\"@id\":\"https:\\\/\\\/tiktokio.com\\\/#breadcrumb\",\"itemListElement\":[{\"@type\":\"ListItem\",\"position\":1,\"name\":\"Home\",\"item\":\"https:\\\/\\\/tiktokio.com\\\/\"},{\"@type\":\"ListItem\",\"position\":2,\"name\":\"Privacy Policy\"}]},{\"@type\":\"WebSite\",\"@id\":\"https:\\\/\\\/tiktokio.com\\\/#website\",\"url\":\"https:\\\/\\\/tiktokio.com\\\/\",\"name\":\"Tiktokio Tiktok Downloader\",\"description\":\"\",\"publisher\":{\"@id\":\"https:\\\/\\\/tiktokio.com\\\/#organization\"},\"inLanguage\":\"hu\"},{\"@type\":\"Organization\",\"@id\":\"https:\\\/\\\/tiktokio.com\\\/#organization\",\"name\":\"Tiktokio Tiktok Downloader\",\"url\":\"https:\\\/\\\/tiktokio.com\\\/\",\"logo\":{\"@type\":\"ImageObject\",\"inLanguage\":\"hu\",\"@id\":\"https:\\\/\\\/tiktokio.com\\\/#\\\/schema\\\/logo\\\/image\\\/\",\"url\":\"https:\\\/\\\/tiktokio.com\\\/wp-content\\\/uploads\\\/2023\\\/10\\\/tiktokio-log.webp\",\"contentUrl\":\"https:\\\/\\\/tiktokio.com\\\/wp-content\\\/uploads\\\/2023\\\/10\\\/tiktokio-log.webp\",\"width\":308,\"height\":70,\"caption\":\"Tiktokio Tiktok Downloader\"},\"image\":{\"@id\":\"https:\\\/\\\/tiktokio.com\\\/#\\\/schema\\\/logo\\\/image\\\/\"}}]}<\/script>\n<!-- \/ Yoast SEO plugin. -->","yoast_head_json":{"title":"Adatv\u00e9delmi szab\u00e1lyzat - Tiktokio Tiktok Downloader","robots":{"index":"index","follow":"follow","max-snippet":"max-snippet:-1","max-image-preview":"max-image-preview:large","max-video-preview":"max-video-preview:-1"},"canonical":"https:\/\/tiktokio.com\/hu\/","og_locale":"hu_HU","og_type":"article","og_title":"Privacy Policy - Tiktokio Tiktok Downloader","og_url":"https:\/\/tiktokio.com\/hu\/","og_site_name":"Tiktokio Tiktok Downloader","article_modified_time":"2024-07-17T04:04:47+00:00","twitter_card":"summary_large_image","twitter_misc":{"Becs\u00fclt olvas\u00e1si id\u0151":"3 perc"},"schema":{"@context":"https:\/\/schema.org","@graph":[{"@type":"WebPage","@id":"https:\/\/tiktokio.com\/privacy-policy\/","url":"https:\/\/tiktokio.com\/","name":"Adatv\u00e9delmi szab\u00e1lyzat - Tiktokio Tiktok Downloader","isPartOf":{"@id":"https:\/\/tiktokio.com\/#website"},"datePublished":"2023-10-30T08:52:36+00:00","dateModified":"2024-07-17T04:04:47+00:00","breadcrumb":{"@id":"https:\/\/tiktokio.com\/#breadcrumb"},"inLanguage":"hu","potentialAction":[{"@type":"ReadAction","target":["https:\/\/tiktokio.com\/"]}]},{"@type":"BreadcrumbList","@id":"https:\/\/tiktokio.com\/#breadcrumb","itemListElement":[{"@type":"ListItem","position":1,"name":"Home","item":"https:\/\/tiktokio.com\/"},{"@type":"ListItem","position":2,"name":"Privacy Policy"}]},{"@type":"WebSite","@id":"https:\/\/tiktokio.com\/#website","url":"https:\/\/tiktokio.com\/","name":"Tiktokio Tiktok let\u00f6lt\u0151","description":"","publisher":{"@id":"https:\/\/tiktokio.com\/#organization"},"inLanguage":"hu"},{"@type":"Organization","@id":"https:\/\/tiktokio.com\/#organization","name":"Tiktokio Tiktok let\u00f6lt\u0151","url":"https:\/\/tiktokio.com\/","logo":{"@type":"ImageObject","inLanguage":"hu","@id":"https:\/\/tiktokio.com\/#\/schema\/logo\/image\/","url":"https:\/\/tiktokio.com\/wp-content\/uploads\/2023\/10\/tiktokio-log.webp","contentUrl":"https:\/\/tiktokio.com\/wp-content\/uploads\/2023\/10\/tiktokio-log.webp","width":308,"height":70,"caption":"Tiktokio Tiktok Downloader"},"image":{"@id":"https:\/\/tiktokio.com\/#\/schema\/logo\/image\/"}}]}},"_links":{"self":[{"href":"https:\/\/tiktokio.com\/hu\/wp-json\/wp\/v2\/pages\/77","targetHints":{"allow":["GET"]}}],"collection":[{"href":"https:\/\/tiktokio.com\/hu\/wp-json\/wp\/v2\/pages"}],"about":[{"href":"https:\/\/tiktokio.com\/hu\/wp-json\/wp\/v2\/types\/page"}],"author":[{"embeddable":true,"href":"https:\/\/tiktokio.com\/hu\/wp-json\/wp\/v2\/users\/2"}],"replies":[{"embeddable":true,"href":"https:\/\/tiktokio.com\/hu\/wp-json\/wp\/v2\/comments?post=77"}],"version-history":[{"count":1,"href":"https:\/\/tiktokio.com\/hu\/wp-json\/wp\/v2\/pages\/77\/revisions"}],"predecessor-version":[{"id":3088,"href":"https:\/\/tiktokio.com\/hu\/wp-json\/wp\/v2\/pages\/77\/revisions\/3088"}],"wp:attachment":[{"href":"https:\/\/tiktokio.com\/hu\/wp-json\/wp\/v2\/media?parent=77"}],"curies":[{"name":"wp","href":"https:\/\/api.w.org\/{rel}","templated":true}]}}