{"id":77,"date":"2023-10-30T08:52:36","date_gmt":"2023-10-30T08:52:36","guid":{"rendered":"https:\/\/tiktokio.com\/?page_id=77"},"modified":"2024-07-17T04:04:47","modified_gmt":"2024-07-17T04:04:47","slug":"politica-sulla-riservatezza","status":"publish","type":"page","link":"https:\/\/tiktokio.com\/it\/privacy-policy\/","title":{"rendered":"politica sulla riservatezza"},"content":{"rendered":"<section class=\"section\" id=\"section_1257476386\">\n\t\t<div class=\"section-bg fill\" >\n\t\t\t\t\t\t\t\t\t\n\t\t\t\n\n\t\t<\/div>\n\n\t\t\n\n\t\t<div class=\"section-content relative\">\n\t\t\t\n\t<div id=\"text-131524753\" class=\"text\">\n\t\t\n<h2><span style=\"font-size: 150%;\">Clic <span style=\"color: #000000;\"><a style=\"color: #000000;\" href=\"\/it\/\">Qui<\/a><\/span> per usare TikTokio<\/span><\/h2>\n\t\t\n<style>\n#text-131524753 {\n  text-align: center;\n  color: rgb(255,255,255);\n}\n#text-131524753 > * {\n  color: rgb(255,255,255);\n}\n<\/style>\n\t<\/div>\n\t\n\t\t<\/div>\n\n\t\t\n<style>\n#section_1257476386 {\n  padding-top: 35px;\n  padding-bottom: 35px;\n  background-color: rgb(223, 109, 30);\n}\n<\/style>\n\t<\/section>\n\t\n\n\t<section class=\"section\" id=\"section_371081888\">\n\t\t<div class=\"section-bg fill\" >\n\t\t\t\t\t\t\t\t\t\n\t\t\t\n\n\t\t<\/div>\n\n\t\t\n\n\t\t<div class=\"section-content relative\">\n\t\t\t\n<div class=\"row\"  id=\"row-102727087\">\n\n\t<div id=\"col-942154596\" class=\"col small-12 large-12\"  >\n\t\t\t\t<div class=\"col-inner\"  >\n\t\t\t\n\t\t\t\n\t<div id=\"text-1271184789\" class=\"text\">\n\t\t\n<h1>politica sulla riservatezza<\/h1>\n\t\t\n<style>\n#text-1271184789 {\n  text-align: center;\n}\n<\/style>\n\t<\/div>\n\t\n<p>In conformit\u00e0 ai nostri Termini di utilizzo, questo documento descrive come trattiamo le informazioni personali relative al tuo utilizzo di questo sito Web e ai servizi offerti su e attraverso di esso (il &quot;Servizio&quot;), comprese le informazioni fornite durante l&#039;utilizzo. Limitiamo espressamente e rigorosamente utilizzo del Servizio da parte di adulti di et\u00e0 superiore ai 18 anni o alla maggiore et\u00e0 nella giurisdizione dell&#039;individuo, a seconda di quale sia maggiore. A chiunque sia inferiore a questa et\u00e0 \u00e8 severamente vietato utilizzare il Servizio. Non cerchiamo n\u00e9 raccogliamo consapevolmente informazioni o dati personali da persone che non hanno raggiunto questa et\u00e0. Dati raccolti utilizzando il servizio. Quando accedi al Servizio, utilizzi la funzione di ricerca, converti file o scarichi file, il tuo indirizzo IP, paese di origine e altre informazioni non personali sul tuo computer o dispositivo (come richieste web, tipo di browser, lingua del browser, URL di riferimento, sistema operativo e data e ora delle richieste) possono essere registrati per informazioni sui file di registro, informazioni aggregate sul traffico e nel caso in cui si verifichi un&#039;appropriazione indebita di informazioni e\/o contenuti. Informazioni sull&#039;utilizzo. Potremmo registrare informazioni sul tuo utilizzo del Servizio come i termini di ricerca, il contenuto a cui accedi e scarichi e altre statistiche. Contenuto caricato. Qualsiasi contenuto che carichi, accedi o trasmetti tramite il Servizio pu\u00f2 essere raccolto da noi. Corrispondenze. Potremmo tenere traccia di tutta la corrispondenza tra te e noi.Cookie. Quando utilizzi il Servizio, potremmo inviare cookie al tuo computer per identificare in modo univoco la sessione del tuo browser. Potremmo utilizzare sia cookie di sessione che cookie persistenti. Utilizzo dei dati Potremmo utilizzare le tue informazioni per fornirti determinate funzionalit\u00e0 e per creare un&#039;esperienza personalizzata sul Servizio. Potremmo anche utilizzare tali informazioni per gestire, mantenere e migliorare le caratteristiche e la funzionalit\u00e0 del Servizio. Utilizziamo cookie, web beacon e altre informazioni per archiviare informazioni in modo che tu non debba reinserirle nelle visite future, fornire contenuti personalizzati e informazioni, monitorare l&#039;efficacia del Servizio e monitorare parametri aggregati come il numero di visitatori e visualizzazioni di pagina (anche per l&#039;utilizzo nel monitoraggio dei visitatori degli affiliati). Possono anche essere utilizzati per fornire pubblicit\u00e0 mirata in base al Paese di origine e ad altre informazioni personali. Possiamo aggregare le tue informazioni personali con informazioni personali di altri membri e utenti e divulgare tali informazioni a inserzionisti e altre terze parti per attivit\u00e0 di marketing e promozionali. scopi. Potremmo utilizzare le tue informazioni per eseguire promozioni, concorsi, sondaggi e altre funzionalit\u00e0 ed eventi. Divulgazione di informazioni Potrebbe essere richiesto di rilasciare determinati dati per ottemperare agli obblighi legali o per far rispettare i nostri Termini di utilizzo e altri accordi. Potremmo anche rilasciare determinati dati per proteggere i diritti, la propriet\u00e0 o la sicurezza nostra, dei nostri utenti e di altri. Ci\u00f2 include la fornitura di informazioni ad altre societ\u00e0 o organizzazioni come la polizia o le autorit\u00e0 governative ai fini della protezione o del perseguimento di qualsiasi attivit\u00e0 illegale, identificata o meno nei Termini di utilizzo. Se carichi, accedi o trasmetti qualsiasi attivit\u00e0 illegale o materiale non autorizzato al o attraverso il Servizio, o sei sospettato di farlo, potremmo inoltrare tutte le informazioni disponibili alle autorit\u00e0 competenti, inclusi i rispettivi titolari dei diritti d&#039;autore, senza alcun preavviso. VarieMentre utilizziamo misure di sicurezza fisiche, gestionali e tecniche commercialmente ragionevoli per proteggere le tue informazioni, la trasmissione di informazioni via Internet non \u00e8 completamente sicura e non possiamo assicurare o garantire la sicurezza di qualsiasi informazione o contenuto che ci trasmetti. Qualsiasi informazione o contenuto che ci trasmetti viene fatto a tuo rischio e pericolo.<\/p>\n\t\t<\/div>\n\t\t\t\t\t<\/div>\n\n\t\n<\/div>\n\t\t<\/div>\n\n\t\t\n<style>\n#section_371081888 {\n  padding-top: 30px;\n  padding-bottom: 30px;\n}\n<\/style>\n\t<\/section>","protected":false},"excerpt":{"rendered":"","protected":false},"author":2,"featured_media":0,"parent":0,"menu_order":0,"comment_status":"closed","ping_status":"closed","template":"page-blank.php","meta":{"footnotes":""},"class_list":["post-77","page","type-page","status-publish","hentry"],"yoast_head":"<!-- This site is optimized with the Yoast SEO plugin v27.3 - https:\/\/yoast.com\/product\/yoast-seo-wordpress\/ -->\n<title>Privacy Policy - Tiktokio Tiktok Downloader<\/title>\n<meta name=\"robots\" content=\"index, follow, max-snippet:-1, max-image-preview:large, max-video-preview:-1\" \/>\n<link rel=\"canonical\" href=\"https:\/\/tiktokio.com\/it\/\" \/>\n<meta property=\"og:locale\" content=\"it_IT\" \/>\n<meta property=\"og:type\" content=\"article\" \/>\n<meta property=\"og:title\" content=\"Privacy Policy - Tiktokio Tiktok Downloader\" \/>\n<meta property=\"og:url\" content=\"https:\/\/tiktokio.com\/it\/\" \/>\n<meta property=\"og:site_name\" content=\"Tiktokio Tiktok Downloader\" \/>\n<meta property=\"article:modified_time\" content=\"2024-07-17T04:04:47+00:00\" \/>\n<meta name=\"twitter:card\" content=\"summary_large_image\" \/>\n<meta name=\"twitter:label1\" content=\"Tempo di lettura stimato\" \/>\n\t<meta name=\"twitter:data1\" content=\"3 minuti\" \/>\n<script type=\"application\/ld+json\" class=\"yoast-schema-graph\">{\"@context\":\"https:\\\/\\\/schema.org\",\"@graph\":[{\"@type\":\"WebPage\",\"@id\":\"https:\\\/\\\/tiktokio.com\\\/privacy-policy\\\/\",\"url\":\"https:\\\/\\\/tiktokio.com\\\/\",\"name\":\"Privacy Policy - Tiktokio Tiktok Downloader\",\"isPartOf\":{\"@id\":\"https:\\\/\\\/tiktokio.com\\\/#website\"},\"datePublished\":\"2023-10-30T08:52:36+00:00\",\"dateModified\":\"2024-07-17T04:04:47+00:00\",\"breadcrumb\":{\"@id\":\"https:\\\/\\\/tiktokio.com\\\/#breadcrumb\"},\"inLanguage\":\"it-IT\",\"potentialAction\":[{\"@type\":\"ReadAction\",\"target\":[\"https:\\\/\\\/tiktokio.com\\\/\"]}]},{\"@type\":\"BreadcrumbList\",\"@id\":\"https:\\\/\\\/tiktokio.com\\\/#breadcrumb\",\"itemListElement\":[{\"@type\":\"ListItem\",\"position\":1,\"name\":\"Home\",\"item\":\"https:\\\/\\\/tiktokio.com\\\/\"},{\"@type\":\"ListItem\",\"position\":2,\"name\":\"Privacy Policy\"}]},{\"@type\":\"WebSite\",\"@id\":\"https:\\\/\\\/tiktokio.com\\\/#website\",\"url\":\"https:\\\/\\\/tiktokio.com\\\/\",\"name\":\"Tiktokio Tiktok Downloader\",\"description\":\"\",\"publisher\":{\"@id\":\"https:\\\/\\\/tiktokio.com\\\/#organization\"},\"inLanguage\":\"it-IT\"},{\"@type\":\"Organization\",\"@id\":\"https:\\\/\\\/tiktokio.com\\\/#organization\",\"name\":\"Tiktokio Tiktok Downloader\",\"url\":\"https:\\\/\\\/tiktokio.com\\\/\",\"logo\":{\"@type\":\"ImageObject\",\"inLanguage\":\"it-IT\",\"@id\":\"https:\\\/\\\/tiktokio.com\\\/#\\\/schema\\\/logo\\\/image\\\/\",\"url\":\"https:\\\/\\\/tiktokio.com\\\/wp-content\\\/uploads\\\/2023\\\/10\\\/tiktokio-log.webp\",\"contentUrl\":\"https:\\\/\\\/tiktokio.com\\\/wp-content\\\/uploads\\\/2023\\\/10\\\/tiktokio-log.webp\",\"width\":308,\"height\":70,\"caption\":\"Tiktokio Tiktok Downloader\"},\"image\":{\"@id\":\"https:\\\/\\\/tiktokio.com\\\/#\\\/schema\\\/logo\\\/image\\\/\"}}]}<\/script>\n<!-- \/ Yoast SEO plugin. -->","yoast_head_json":{"title":"Informativa sulla privacy - Tiktokio Tiktok Downloader","robots":{"index":"index","follow":"follow","max-snippet":"max-snippet:-1","max-image-preview":"max-image-preview:large","max-video-preview":"max-video-preview:-1"},"canonical":"https:\/\/tiktokio.com\/it\/","og_locale":"it_IT","og_type":"article","og_title":"Privacy Policy - Tiktokio Tiktok Downloader","og_url":"https:\/\/tiktokio.com\/it\/","og_site_name":"Tiktokio Tiktok Downloader","article_modified_time":"2024-07-17T04:04:47+00:00","twitter_card":"summary_large_image","twitter_misc":{"Tempo di lettura stimato":"3 minuti"},"schema":{"@context":"https:\/\/schema.org","@graph":[{"@type":"WebPage","@id":"https:\/\/tiktokio.com\/privacy-policy\/","url":"https:\/\/tiktokio.com\/","name":"Informativa sulla privacy - Tiktokio Tiktok Downloader","isPartOf":{"@id":"https:\/\/tiktokio.com\/#website"},"datePublished":"2023-10-30T08:52:36+00:00","dateModified":"2024-07-17T04:04:47+00:00","breadcrumb":{"@id":"https:\/\/tiktokio.com\/#breadcrumb"},"inLanguage":"it-IT","potentialAction":[{"@type":"ReadAction","target":["https:\/\/tiktokio.com\/"]}]},{"@type":"BreadcrumbList","@id":"https:\/\/tiktokio.com\/#breadcrumb","itemListElement":[{"@type":"ListItem","position":1,"name":"Home","item":"https:\/\/tiktokio.com\/"},{"@type":"ListItem","position":2,"name":"Privacy Policy"}]},{"@type":"WebSite","@id":"https:\/\/tiktokio.com\/#website","url":"https:\/\/tiktokio.com\/","name":"Tiktokio Tiktok Downloader","description":"","publisher":{"@id":"https:\/\/tiktokio.com\/#organization"},"inLanguage":"it-IT"},{"@type":"Organization","@id":"https:\/\/tiktokio.com\/#organization","name":"Tiktokio Tiktok Downloader","url":"https:\/\/tiktokio.com\/","logo":{"@type":"ImageObject","inLanguage":"it-IT","@id":"https:\/\/tiktokio.com\/#\/schema\/logo\/image\/","url":"https:\/\/tiktokio.com\/wp-content\/uploads\/2023\/10\/tiktokio-log.webp","contentUrl":"https:\/\/tiktokio.com\/wp-content\/uploads\/2023\/10\/tiktokio-log.webp","width":308,"height":70,"caption":"Tiktokio Tiktok Downloader"},"image":{"@id":"https:\/\/tiktokio.com\/#\/schema\/logo\/image\/"}}]}},"_links":{"self":[{"href":"https:\/\/tiktokio.com\/it\/wp-json\/wp\/v2\/pages\/77","targetHints":{"allow":["GET"]}}],"collection":[{"href":"https:\/\/tiktokio.com\/it\/wp-json\/wp\/v2\/pages"}],"about":[{"href":"https:\/\/tiktokio.com\/it\/wp-json\/wp\/v2\/types\/page"}],"author":[{"embeddable":true,"href":"https:\/\/tiktokio.com\/it\/wp-json\/wp\/v2\/users\/2"}],"replies":[{"embeddable":true,"href":"https:\/\/tiktokio.com\/it\/wp-json\/wp\/v2\/comments?post=77"}],"version-history":[{"count":1,"href":"https:\/\/tiktokio.com\/it\/wp-json\/wp\/v2\/pages\/77\/revisions"}],"predecessor-version":[{"id":3088,"href":"https:\/\/tiktokio.com\/it\/wp-json\/wp\/v2\/pages\/77\/revisions\/3088"}],"wp:attachment":[{"href":"https:\/\/tiktokio.com\/it\/wp-json\/wp\/v2\/media?parent=77"}],"curies":[{"name":"scrivere","href":"https:\/\/api.w.org\/{rel}","templated":true}]}}