{"id":77,"date":"2023-10-30T08:52:36","date_gmt":"2023-10-30T08:52:36","guid":{"rendered":"https:\/\/tiktokio.com\/?page_id=77"},"modified":"2024-07-17T04:04:47","modified_gmt":"2024-07-17T04:04:47","slug":"polityka-prywatnosci","status":"publish","type":"page","link":"https:\/\/tiktokio.com\/pl\/privacy-policy\/","title":{"rendered":"Polityka prywatno\u015bci"},"content":{"rendered":"<section class=\"section\" id=\"section_1625967133\">\n\t\t<div class=\"section-bg fill\" >\n\t\t\t\t\t\t\t\t\t\n\t\t\t\n\n\t\t<\/div>\n\n\t\t\n\n\t\t<div class=\"section-content relative\">\n\t\t\t\n\t<div id=\"text-788312874\" class=\"text\">\n\t\t\n<h2><span style=\"font-size: 150%;\">Kliknij <span style=\"color: #000000;\"><a style=\"color: #000000;\" href=\"\/pl\/\">Tutaj<\/a><\/span> korzysta\u0107 z TikTokio<\/span><\/h2>\n\t\t\n<style>\n#text-788312874 {\n  text-align: center;\n  color: rgb(255,255,255);\n}\n#text-788312874 > * {\n  color: rgb(255,255,255);\n}\n<\/style>\n\t<\/div>\n\t\n\t\t<\/div>\n\n\t\t\n<style>\n#section_1625967133 {\n  padding-top: 35px;\n  padding-bottom: 35px;\n  background-color: rgb(223, 109, 30);\n}\n<\/style>\n\t<\/section>\n\t\n\n\t<section class=\"section\" id=\"section_1004586946\">\n\t\t<div class=\"section-bg fill\" >\n\t\t\t\t\t\t\t\t\t\n\t\t\t\n\n\t\t<\/div>\n\n\t\t\n\n\t\t<div class=\"section-content relative\">\n\t\t\t\n<div class=\"row\"  id=\"row-1120826247\">\n\n\t<div id=\"col-2042277999\" class=\"col small-12 large-12\"  >\n\t\t\t\t<div class=\"col-inner\"  >\n\t\t\t\n\t\t\t\n\t<div id=\"text-3074818131\" class=\"text\">\n\t\t\n<h1>Polityka prywatno\u015bci<\/h1>\n\t\t\n<style>\n#text-3074818131 {\n  text-align: center;\n}\n<\/style>\n\t<\/div>\n\t\n<p>Zgodnie z naszymi Warunkami korzystania, niniejszy dokument opisuje, w jaki spos\u00f3b traktujemy dane osobowe zwi\u0105zane z korzystaniem przez Ciebie z tej witryny oraz us\u0142ug oferowanych w niej i za jej po\u015brednictwem (\u201eUs\u0142uga\u201d), w tym informacje podawane przez Ciebie podczas korzystania z niej. Wyra\u017anie i \u015bci\u015ble ograniczamy korzystania z Us\u0142ugi przez osoby doros\u0142e, kt\u00f3re uko\u0144czy\u0142y 18 rok \u017cycia lub osi\u0105gn\u0119\u0142y pe\u0142noletno\u015b\u0107 w jurysdykcji danej osoby, w zale\u017cno\u015bci od tego, kt\u00f3ra warto\u015b\u0107 jest wy\u017csza. Osobom poni\u017cej tego wieku surowo zabrania si\u0119 korzystania z Us\u0142ugi. Nie poszukujemy \u015bwiadomie ani nie zbieramy \u017cadnych danych osobowych ani danych od os\u00f3b, kt\u00f3re nie osi\u0105gn\u0119\u0142y tego wieku. Dane zbierane podczas korzystania z Us\u0142ugi. Kiedy uzyskujesz dost\u0119p do Us\u0142ugi, korzystasz z funkcji wyszukiwania, konwertujesz lub pobierasz pliki, Tw\u00f3j adres IP, kraj pochodzenia i inne informacje nieosobowe dotycz\u0105ce Twojego komputera lub urz\u0105dzenia (takie jak \u017c\u0105dania internetowe, typ przegl\u0105darki, j\u0119zyk przegl\u0105darki, adres URL odsy\u0142aj\u0105cy, system operacyjny oraz data i godzina \u017c\u0105da\u0144) mog\u0105 by\u0107 rejestrowane w celu uzyskania informacji z pliku dziennika, zbiorczych informacji o ruchu oraz w przypadku sprzeniewierzenia informacji i\/lub tre\u015bci. Informacje o u\u017cytkowaniu. Mo\u017cemy rejestrowa\u0107 informacje na temat korzystania przez Ciebie z Us\u0142ugi, takie jak wyszukiwane has\u0142a, tre\u015bci, do kt\u00f3rych uzyskujesz dost\u0119p i kt\u00f3re pobierasz, oraz inne statystyki. Przes\u0142ane tre\u015bci. Wszelkie tre\u015bci, kt\u00f3re przesy\u0142asz, uzyskujesz dost\u0119p lub przesy\u0142asz za po\u015brednictwem Us\u0142ugi, mog\u0105 by\u0107 przez nas gromadzone. Korespondencja. Mo\u017cemy prowadzi\u0107 rejestr wszelkiej korespondencji pomi\u0119dzy Tob\u0105 a nami. Pliki cookie. Kiedy korzystasz z Us\u0142ugi, mo\u017cemy wysy\u0142a\u0107 pliki cookie na Tw\u00f3j komputer w celu jednoznacznej identyfikacji sesji Twojej przegl\u0105darki. Mo\u017cemy u\u017cywa\u0107 zar\u00f3wno plik\u00f3w cookie sesji, jak i trwa\u0142ych plik\u00f3w cookie. Wykorzystanie danych Mo\u017cemy wykorzystywa\u0107 Twoje dane, aby zapewni\u0107 Ci okre\u015blone funkcje i stworzy\u0107 spersonalizowane do\u015bwiadczenie w Us\u0142udze. Mo\u017cemy r\u00f3wnie\u017c wykorzystywa\u0107 te informacje do obs\u0142ugi, utrzymywania i ulepszania funkcji i funkcjonalno\u015bci Us\u0142ugi. U\u017cywamy plik\u00f3w cookie, sygna\u0142\u00f3w nawigacyjnych i innych informacji do przechowywania informacji, dzi\u0119ki czemu nie b\u0119dziesz musia\u0142 ich ponownie wprowadza\u0107 podczas przysz\u0142ych wizyt, dostarcza\u0107 spersonalizowanych tre\u015bci i informacji, monitorowa\u0107 skuteczno\u015b\u0107 Us\u0142ugi i monitorowa\u0107 zbiorcze wska\u017aniki, takie jak liczba odwiedzaj\u0105cych i ods\u0142ony strony (w tym do wykorzystania w monitorowaniu odwiedzaj\u0105cych z podmiot\u00f3w stowarzyszonych). Mog\u0105 by\u0107 r\u00f3wnie\u017c wykorzystywane do zapewniania ukierunkowanych reklam w oparciu o Tw\u00f3j kraj pochodzenia i inne dane osobowe. Mo\u017cemy \u0142\u0105czy\u0107 Twoje dane osobowe z danymi osobowymi innych cz\u0142onk\u00f3w i u\u017cytkownik\u00f3w oraz ujawnia\u0107 takie informacje reklamodawcom i innym stronom trzecim w celach marketingowych i promocyjnych Mo\u017cemy wykorzystywa\u0107 Twoje dane do przeprowadzania promocji, konkurs\u00f3w, ankiet i innych funkcji i wydarze\u0144. Ujawnianie informacji Mo\u017cemy by\u0107 zobowi\u0105zani do udost\u0119pnienia niekt\u00f3rych danych w celu wywi\u0105zania si\u0119 z obowi\u0105zk\u00f3w prawnych lub w celu wyegzekwowania naszych Warunk\u00f3w u\u017cytkowania i innych um\u00f3w. Mo\u017cemy r\u00f3wnie\u017c udost\u0119pni\u0107 okre\u015blone dane w celu ochrony praw, w\u0142asno\u015bci lub bezpiecze\u0144stwa nas, naszych u\u017cytkownik\u00f3w i innych os\u00f3b. Obejmuje to przekazywanie informacji innym firmom lub organizacjom, takim jak policja lub w\u0142adze rz\u0105dowe, w celu ochrony przed jak\u0105kolwiek nielegaln\u0105 dzia\u0142alno\u015bci\u0105 lub \u015bcigania jej, niezale\u017cnie od tego, czy zosta\u0142o to okre\u015blone w Warunkach u\u017cytkowania. Je\u015bli przesy\u0142asz, uzyskujesz dost\u0119p lub przekazujesz jakiekolwiek nielegalne lub nieautoryzowanych materia\u0142\u00f3w do lub za po\u015brednictwem Us\u0142ugi lub je\u015bli jeste\u015b o to podejrzany, mo\u017cemy przekaza\u0107 wszystkie dost\u0119pne informacje odpowiednim w\u0142adzom, w tym odpowiednim w\u0142a\u015bcicielom praw autorskich, bez powiadamiania Ci\u0119. R\u00f3\u017cne U\u017cywamy uzasadnionych z handlowego punktu widzenia zabezpiecze\u0144 fizycznych, zarz\u0105dczych i technicznych w celu zabezpieczenia Twoich danych, transmisja informacji przez Internet nie jest ca\u0142kowicie bezpieczna i nie mo\u017cemy zapewni\u0107 ani zagwarantowa\u0107 bezpiecze\u0144stwa jakichkolwiek informacji lub tre\u015bci, kt\u00f3re nam przesy\u0142asz. Wszelkie informacje lub tre\u015bci, kt\u00f3re nam przekazujesz, robisz na w\u0142asne ryzyko.<\/p>\n\t\t<\/div>\n\t\t\t\t\t<\/div>\n\n\t\n<\/div>\n\t\t<\/div>\n\n\t\t\n<style>\n#section_1004586946 {\n  padding-top: 30px;\n  padding-bottom: 30px;\n}\n<\/style>\n\t<\/section>","protected":false},"excerpt":{"rendered":"","protected":false},"author":2,"featured_media":0,"parent":0,"menu_order":0,"comment_status":"closed","ping_status":"closed","template":"page-blank.php","meta":{"footnotes":""},"class_list":["post-77","page","type-page","status-publish","hentry"],"yoast_head":"<!-- This site is optimized with the Yoast SEO plugin v27.3 - https:\/\/yoast.com\/product\/yoast-seo-wordpress\/ -->\n<title>Privacy Policy - Tiktokio Tiktok Downloader<\/title>\n<meta name=\"robots\" content=\"index, follow, max-snippet:-1, max-image-preview:large, max-video-preview:-1\" \/>\n<link rel=\"canonical\" href=\"https:\/\/tiktokio.com\/pl\/\" \/>\n<meta property=\"og:locale\" content=\"pl_PL\" \/>\n<meta property=\"og:type\" content=\"article\" \/>\n<meta property=\"og:title\" content=\"Privacy Policy - Tiktokio Tiktok Downloader\" \/>\n<meta property=\"og:url\" content=\"https:\/\/tiktokio.com\/pl\/\" \/>\n<meta property=\"og:site_name\" content=\"Tiktokio Tiktok Downloader\" \/>\n<meta property=\"article:modified_time\" content=\"2024-07-17T04:04:47+00:00\" \/>\n<meta name=\"twitter:card\" content=\"summary_large_image\" \/>\n<meta name=\"twitter:label1\" content=\"Szacowany czas czytania\" \/>\n\t<meta name=\"twitter:data1\" content=\"3 minuty\" \/>\n<script type=\"application\/ld+json\" class=\"yoast-schema-graph\">{\"@context\":\"https:\\\/\\\/schema.org\",\"@graph\":[{\"@type\":\"WebPage\",\"@id\":\"https:\\\/\\\/tiktokio.com\\\/privacy-policy\\\/\",\"url\":\"https:\\\/\\\/tiktokio.com\\\/\",\"name\":\"Privacy Policy - Tiktokio Tiktok Downloader\",\"isPartOf\":{\"@id\":\"https:\\\/\\\/tiktokio.com\\\/#website\"},\"datePublished\":\"2023-10-30T08:52:36+00:00\",\"dateModified\":\"2024-07-17T04:04:47+00:00\",\"breadcrumb\":{\"@id\":\"https:\\\/\\\/tiktokio.com\\\/#breadcrumb\"},\"inLanguage\":\"pl-PL\",\"potentialAction\":[{\"@type\":\"ReadAction\",\"target\":[\"https:\\\/\\\/tiktokio.com\\\/\"]}]},{\"@type\":\"BreadcrumbList\",\"@id\":\"https:\\\/\\\/tiktokio.com\\\/#breadcrumb\",\"itemListElement\":[{\"@type\":\"ListItem\",\"position\":1,\"name\":\"Home\",\"item\":\"https:\\\/\\\/tiktokio.com\\\/\"},{\"@type\":\"ListItem\",\"position\":2,\"name\":\"Privacy Policy\"}]},{\"@type\":\"WebSite\",\"@id\":\"https:\\\/\\\/tiktokio.com\\\/#website\",\"url\":\"https:\\\/\\\/tiktokio.com\\\/\",\"name\":\"Tiktokio Tiktok Downloader\",\"description\":\"\",\"publisher\":{\"@id\":\"https:\\\/\\\/tiktokio.com\\\/#organization\"},\"inLanguage\":\"pl-PL\"},{\"@type\":\"Organization\",\"@id\":\"https:\\\/\\\/tiktokio.com\\\/#organization\",\"name\":\"Tiktokio Tiktok Downloader\",\"url\":\"https:\\\/\\\/tiktokio.com\\\/\",\"logo\":{\"@type\":\"ImageObject\",\"inLanguage\":\"pl-PL\",\"@id\":\"https:\\\/\\\/tiktokio.com\\\/#\\\/schema\\\/logo\\\/image\\\/\",\"url\":\"https:\\\/\\\/tiktokio.com\\\/wp-content\\\/uploads\\\/2023\\\/10\\\/tiktokio-log.webp\",\"contentUrl\":\"https:\\\/\\\/tiktokio.com\\\/wp-content\\\/uploads\\\/2023\\\/10\\\/tiktokio-log.webp\",\"width\":308,\"height\":70,\"caption\":\"Tiktokio Tiktok Downloader\"},\"image\":{\"@id\":\"https:\\\/\\\/tiktokio.com\\\/#\\\/schema\\\/logo\\\/image\\\/\"}}]}<\/script>\n<!-- \/ Yoast SEO plugin. -->","yoast_head_json":{"title":"Polityka prywatno\u015bci - Tiktokio Tiktok Downloader","robots":{"index":"index","follow":"follow","max-snippet":"max-snippet:-1","max-image-preview":"max-image-preview:large","max-video-preview":"max-video-preview:-1"},"canonical":"https:\/\/tiktokio.com\/pl\/","og_locale":"pl_PL","og_type":"article","og_title":"Privacy Policy - Tiktokio Tiktok Downloader","og_url":"https:\/\/tiktokio.com\/pl\/","og_site_name":"Tiktokio Tiktok Downloader","article_modified_time":"2024-07-17T04:04:47+00:00","twitter_card":"summary_large_image","twitter_misc":{"Szacowany czas czytania":"3 minuty"},"schema":{"@context":"https:\/\/schema.org","@graph":[{"@type":"WebPage","@id":"https:\/\/tiktokio.com\/privacy-policy\/","url":"https:\/\/tiktokio.com\/","name":"Polityka prywatno\u015bci - Tiktokio Tiktok Downloader","isPartOf":{"@id":"https:\/\/tiktokio.com\/#website"},"datePublished":"2023-10-30T08:52:36+00:00","dateModified":"2024-07-17T04:04:47+00:00","breadcrumb":{"@id":"https:\/\/tiktokio.com\/#breadcrumb"},"inLanguage":"pl-PL","potentialAction":[{"@type":"ReadAction","target":["https:\/\/tiktokio.com\/"]}]},{"@type":"BreadcrumbList","@id":"https:\/\/tiktokio.com\/#breadcrumb","itemListElement":[{"@type":"ListItem","position":1,"name":"Home","item":"https:\/\/tiktokio.com\/"},{"@type":"ListItem","position":2,"name":"Privacy Policy"}]},{"@type":"WebSite","@id":"https:\/\/tiktokio.com\/#website","url":"https:\/\/tiktokio.com\/","name":"Tiktokio Tiktok Downloader","description":"","publisher":{"@id":"https:\/\/tiktokio.com\/#organization"},"inLanguage":"pl-PL"},{"@type":"Organization","@id":"https:\/\/tiktokio.com\/#organization","name":"Tiktokio Tiktok Downloader","url":"https:\/\/tiktokio.com\/","logo":{"@type":"ImageObject","inLanguage":"pl-PL","@id":"https:\/\/tiktokio.com\/#\/schema\/logo\/image\/","url":"https:\/\/tiktokio.com\/wp-content\/uploads\/2023\/10\/tiktokio-log.webp","contentUrl":"https:\/\/tiktokio.com\/wp-content\/uploads\/2023\/10\/tiktokio-log.webp","width":308,"height":70,"caption":"Tiktokio Tiktok Downloader"},"image":{"@id":"https:\/\/tiktokio.com\/#\/schema\/logo\/image\/"}}]}},"_links":{"self":[{"href":"https:\/\/tiktokio.com\/pl\/wp-json\/wp\/v2\/pages\/77","targetHints":{"allow":["GET"]}}],"collection":[{"href":"https:\/\/tiktokio.com\/pl\/wp-json\/wp\/v2\/pages"}],"about":[{"href":"https:\/\/tiktokio.com\/pl\/wp-json\/wp\/v2\/types\/page"}],"author":[{"embeddable":true,"href":"https:\/\/tiktokio.com\/pl\/wp-json\/wp\/v2\/users\/2"}],"replies":[{"embeddable":true,"href":"https:\/\/tiktokio.com\/pl\/wp-json\/wp\/v2\/comments?post=77"}],"version-history":[{"count":1,"href":"https:\/\/tiktokio.com\/pl\/wp-json\/wp\/v2\/pages\/77\/revisions"}],"predecessor-version":[{"id":3088,"href":"https:\/\/tiktokio.com\/pl\/wp-json\/wp\/v2\/pages\/77\/revisions\/3088"}],"wp:attachment":[{"href":"https:\/\/tiktokio.com\/pl\/wp-json\/wp\/v2\/media?parent=77"}],"curies":[{"name":"wp","href":"https:\/\/api.w.org\/{rel}","templated":true}]}}