{"id":77,"date":"2023-10-30T08:52:36","date_gmt":"2023-10-30T08:52:36","guid":{"rendered":"https:\/\/tiktokio.com\/?page_id=77"},"modified":"2024-07-17T04:04:47","modified_gmt":"2024-07-17T04:04:47","slug":"politica-de-privacidade","status":"publish","type":"page","link":"https:\/\/tiktokio.com\/pt\/privacy-policy\/","title":{"rendered":"pol\u00edtica de Privacidade"},"content":{"rendered":"<section class=\"section\" id=\"section_1599794395\">\n\t\t<div class=\"section-bg fill\" >\n\t\t\t\t\t\t\t\t\t\n\t\t\t\n\n\t\t<\/div>\n\n\t\t\n\n\t\t<div class=\"section-content relative\">\n\t\t\t\n\t<div id=\"text-1519215604\" class=\"text\">\n\t\t\n<h2><span style=\"font-size: 150%;\">Clique <span style=\"color: #000000;\"><a style=\"color: #000000;\" href=\"\/pt\/\">Aqui<\/a><\/span> usar o TikTokio<\/span><\/h2>\n\t\t\n<style>\n#text-1519215604 {\n  text-align: center;\n  color: rgb(255,255,255);\n}\n#text-1519215604 > * {\n  color: rgb(255,255,255);\n}\n<\/style>\n\t<\/div>\n\t\n\t\t<\/div>\n\n\t\t\n<style>\n#section_1599794395 {\n  padding-top: 35px;\n  padding-bottom: 35px;\n  background-color: rgb(223, 109, 30);\n}\n<\/style>\n\t<\/section>\n\t\n\n\t<section class=\"section\" id=\"section_1237030773\">\n\t\t<div class=\"section-bg fill\" >\n\t\t\t\t\t\t\t\t\t\n\t\t\t\n\n\t\t<\/div>\n\n\t\t\n\n\t\t<div class=\"section-content relative\">\n\t\t\t\n<div class=\"row\"  id=\"row-1985038065\">\n\n\t<div id=\"col-1726583765\" class=\"col small-12 large-12\"  >\n\t\t\t\t<div class=\"col-inner\"  >\n\t\t\t\n\t\t\t\n\t<div id=\"text-4253522063\" class=\"text\">\n\t\t\n<h1>pol\u00edtica de Privacidade<\/h1>\n\t\t\n<style>\n#text-4253522063 {\n  text-align: center;\n}\n<\/style>\n\t<\/div>\n\t\n<p>De acordo com nossos Termos de Uso, este documento descreve como tratamos as informa\u00e7\u00f5es pessoais relacionadas ao seu uso deste site e dos servi\u00e7os oferecidos nele e atrav\u00e9s dele (o \u201cServi\u00e7o\u201d), incluindo as informa\u00e7\u00f5es que voc\u00ea fornece ao us\u00e1-lo. uso do Servi\u00e7o para adultos maiores de 18 anos de idade ou a maioridade na jurisdi\u00e7\u00e3o do indiv\u00edduo, o que for maior. Qualquer pessoa menor de idade est\u00e1 estritamente proibida de usar o Servi\u00e7o. N\u00e3o buscamos ou coletamos intencionalmente quaisquer informa\u00e7\u00f5es ou dados pessoais de pessoas que n\u00e3o tenham atingido essa idade.Dados coletados usando o servi\u00e7o. Ao acessar o Servi\u00e7o, usar a fun\u00e7\u00e3o de pesquisa, converter arquivos ou baixar arquivos, seu endere\u00e7o IP, pa\u00eds de origem e outras informa\u00e7\u00f5es n\u00e3o pessoais sobre seu computador ou dispositivo (como solicita\u00e7\u00f5es da web, tipo de navegador, idioma do navegador, URL de refer\u00eancia, sistema operacional e data e hora das solicita\u00e7\u00f5es) podem ser registrados para informa\u00e7\u00f5es de arquivos de log, informa\u00e7\u00f5es agregadas de tr\u00e1fego e no caso de haver qualquer apropria\u00e7\u00e3o ind\u00e9bita de informa\u00e7\u00f5es e\/ou conte\u00fado.Informa\u00e7\u00f5es de uso. Poderemos registrar informa\u00e7\u00f5es sobre seu uso do Servi\u00e7o, como termos de pesquisa, conte\u00fado que voc\u00ea acessa e baixa e outras estat\u00edsticas.Conte\u00fado enviado. Qualquer conte\u00fado que voc\u00ea carregue, acesse ou transmita atrav\u00e9s do Servi\u00e7o poder\u00e1 ser coletado por n\u00f3s.Correspond\u00eancias. Poderemos manter um registro de qualquer correspond\u00eancia entre voc\u00ea e n\u00f3s. Cookies. Quando voc\u00ea usa o Servi\u00e7o, podemos enviar cookies para o seu computador para identificar exclusivamente a sess\u00e3o do seu navegador. Podemos usar cookies de sess\u00e3o e cookies persistentes. Uso de dados Poderemos usar suas informa\u00e7\u00f5es para fornecer determinados recursos e criar uma experi\u00eancia personalizada no Servi\u00e7o. Tamb\u00e9m podemos usar essas informa\u00e7\u00f5es para operar, manter e melhorar os recursos e funcionalidades do Servi\u00e7o. Usamos cookies, web beacons e outras informa\u00e7\u00f5es para armazenar informa\u00e7\u00f5es para que voc\u00ea n\u00e3o precise digit\u00e1-las novamente em visitas futuras, fornecer conte\u00fado personalizado e informa\u00e7\u00f5es, monitorar a efic\u00e1cia do Servi\u00e7o e monitorar m\u00e9tricas agregadas, como o n\u00famero de visitantes e visualiza\u00e7\u00f5es de p\u00e1ginas (inclusive para uso no monitoramento de visitantes de afiliados). Eles tamb\u00e9m podem ser usados para fornecer publicidade direcionada com base em seu pa\u00eds de origem e outras informa\u00e7\u00f5es pessoais. Podemos agregar suas informa\u00e7\u00f5es pessoais com informa\u00e7\u00f5es pessoais de outros membros e usu\u00e1rios e divulgar essas informa\u00e7\u00f5es a anunciantes e outros terceiros para marketing e promo\u00e7\u00e3o. prop\u00f3sitos.Podemos usar suas informa\u00e7\u00f5es para realizar promo\u00e7\u00f5es, concursos, pesquisas e outros recursos e eventos.Divulga\u00e7\u00f5es de informa\u00e7\u00f5esPodemos ser obrigados a divulgar certos dados para cumprir obriga\u00e7\u00f5es legais ou para fazer cumprir nossos Termos de Uso e outros acordos. Tamb\u00e9m poderemos divulgar determinados dados para proteger os nossos direitos, propriedade ou seguran\u00e7a, dos nossos utilizadores e de outros. Isto inclui o fornecimento de informa\u00e7\u00f5es a outras empresas ou organiza\u00e7\u00f5es, como a pol\u00edcia ou autoridades governamentais, para fins de prote\u00e7\u00e3o contra ou repress\u00e3o de qualquer atividade ilegal, identificada ou n\u00e3o nos Termos de Uso. Se voc\u00ea carregar, acessar ou transmitir qualquer atividade ilegal ou material n\u00e3o autorizado para ou atrav\u00e9s do Servi\u00e7o, ou se voc\u00ea for suspeito de faz\u00ea-lo, poderemos encaminhar todas as informa\u00e7\u00f5es dispon\u00edveis \u00e0s autoridades relevantes, incluindo os respectivos propriet\u00e1rios de direitos autorais, sem qualquer aviso a voc\u00ea. Diversos Embora usemos salvaguardas f\u00edsicas, gerenciais e t\u00e9cnicas comercialmente razo\u00e1veis para proteger suas informa\u00e7\u00f5es, a transmiss\u00e3o de informa\u00e7\u00f5es pela Internet n\u00e3o \u00e9 totalmente segura e n\u00e3o podemos garantir ou garantir a seguran\u00e7a de qualquer informa\u00e7\u00e3o ou conte\u00fado que voc\u00ea nos transmita. Qualquer informa\u00e7\u00e3o ou conte\u00fado que voc\u00ea nos transmita \u00e9 feito por sua conta e risco.<\/p>\n\t\t<\/div>\n\t\t\t\t\t<\/div>\n\n\t\n<\/div>\n\t\t<\/div>\n\n\t\t\n<style>\n#section_1237030773 {\n  padding-top: 30px;\n  padding-bottom: 30px;\n}\n<\/style>\n\t<\/section>","protected":false},"excerpt":{"rendered":"","protected":false},"author":2,"featured_media":0,"parent":0,"menu_order":0,"comment_status":"closed","ping_status":"closed","template":"page-blank.php","meta":{"footnotes":""},"class_list":["post-77","page","type-page","status-publish","hentry"],"yoast_head":"<!-- This site is optimized with the Yoast SEO plugin v27.3 - https:\/\/yoast.com\/product\/yoast-seo-wordpress\/ -->\n<title>Privacy Policy - Tiktokio Tiktok Downloader<\/title>\n<meta name=\"robots\" content=\"index, follow, max-snippet:-1, max-image-preview:large, max-video-preview:-1\" \/>\n<link rel=\"canonical\" href=\"https:\/\/tiktokio.com\/pt\/\" \/>\n<meta property=\"og:locale\" content=\"pt_BR\" \/>\n<meta property=\"og:type\" content=\"article\" \/>\n<meta property=\"og:title\" content=\"Privacy Policy - Tiktokio Tiktok Downloader\" \/>\n<meta property=\"og:url\" content=\"https:\/\/tiktokio.com\/pt\/\" \/>\n<meta property=\"og:site_name\" content=\"Tiktokio Tiktok Downloader\" \/>\n<meta property=\"article:modified_time\" content=\"2024-07-17T04:04:47+00:00\" \/>\n<meta name=\"twitter:card\" content=\"summary_large_image\" \/>\n<meta name=\"twitter:label1\" content=\"Est. tempo de leitura\" \/>\n\t<meta name=\"twitter:data1\" content=\"3 minutos\" \/>\n<script type=\"application\/ld+json\" class=\"yoast-schema-graph\">{\"@context\":\"https:\\\/\\\/schema.org\",\"@graph\":[{\"@type\":\"WebPage\",\"@id\":\"https:\\\/\\\/tiktokio.com\\\/privacy-policy\\\/\",\"url\":\"https:\\\/\\\/tiktokio.com\\\/\",\"name\":\"Privacy Policy - Tiktokio Tiktok Downloader\",\"isPartOf\":{\"@id\":\"https:\\\/\\\/tiktokio.com\\\/#website\"},\"datePublished\":\"2023-10-30T08:52:36+00:00\",\"dateModified\":\"2024-07-17T04:04:47+00:00\",\"breadcrumb\":{\"@id\":\"https:\\\/\\\/tiktokio.com\\\/#breadcrumb\"},\"inLanguage\":\"pt-BR\",\"potentialAction\":[{\"@type\":\"ReadAction\",\"target\":[\"https:\\\/\\\/tiktokio.com\\\/\"]}]},{\"@type\":\"BreadcrumbList\",\"@id\":\"https:\\\/\\\/tiktokio.com\\\/#breadcrumb\",\"itemListElement\":[{\"@type\":\"ListItem\",\"position\":1,\"name\":\"Home\",\"item\":\"https:\\\/\\\/tiktokio.com\\\/\"},{\"@type\":\"ListItem\",\"position\":2,\"name\":\"Privacy Policy\"}]},{\"@type\":\"WebSite\",\"@id\":\"https:\\\/\\\/tiktokio.com\\\/#website\",\"url\":\"https:\\\/\\\/tiktokio.com\\\/\",\"name\":\"Tiktokio Tiktok Downloader\",\"description\":\"\",\"publisher\":{\"@id\":\"https:\\\/\\\/tiktokio.com\\\/#organization\"},\"inLanguage\":\"pt-BR\"},{\"@type\":\"Organization\",\"@id\":\"https:\\\/\\\/tiktokio.com\\\/#organization\",\"name\":\"Tiktokio Tiktok Downloader\",\"url\":\"https:\\\/\\\/tiktokio.com\\\/\",\"logo\":{\"@type\":\"ImageObject\",\"inLanguage\":\"pt-BR\",\"@id\":\"https:\\\/\\\/tiktokio.com\\\/#\\\/schema\\\/logo\\\/image\\\/\",\"url\":\"https:\\\/\\\/tiktokio.com\\\/wp-content\\\/uploads\\\/2023\\\/10\\\/tiktokio-log.webp\",\"contentUrl\":\"https:\\\/\\\/tiktokio.com\\\/wp-content\\\/uploads\\\/2023\\\/10\\\/tiktokio-log.webp\",\"width\":308,\"height\":70,\"caption\":\"Tiktokio Tiktok Downloader\"},\"image\":{\"@id\":\"https:\\\/\\\/tiktokio.com\\\/#\\\/schema\\\/logo\\\/image\\\/\"}}]}<\/script>\n<!-- \/ Yoast SEO plugin. -->","yoast_head_json":{"title":"Pol\u00edtica de Privacidade - Tiktokio Tiktok Downloader","robots":{"index":"index","follow":"follow","max-snippet":"max-snippet:-1","max-image-preview":"max-image-preview:large","max-video-preview":"max-video-preview:-1"},"canonical":"https:\/\/tiktokio.com\/pt\/","og_locale":"pt_BR","og_type":"article","og_title":"Privacy Policy - Tiktokio Tiktok Downloader","og_url":"https:\/\/tiktokio.com\/pt\/","og_site_name":"Tiktokio Tiktok Downloader","article_modified_time":"2024-07-17T04:04:47+00:00","twitter_card":"summary_large_image","twitter_misc":{"Est. tempo de leitura":"3 minutos"},"schema":{"@context":"https:\/\/schema.org","@graph":[{"@type":"WebPage","@id":"https:\/\/tiktokio.com\/privacy-policy\/","url":"https:\/\/tiktokio.com\/","name":"Pol\u00edtica de Privacidade - Tiktokio Tiktok Downloader","isPartOf":{"@id":"https:\/\/tiktokio.com\/#website"},"datePublished":"2023-10-30T08:52:36+00:00","dateModified":"2024-07-17T04:04:47+00:00","breadcrumb":{"@id":"https:\/\/tiktokio.com\/#breadcrumb"},"inLanguage":"pt-BR","potentialAction":[{"@type":"ReadAction","target":["https:\/\/tiktokio.com\/"]}]},{"@type":"BreadcrumbList","@id":"https:\/\/tiktokio.com\/#breadcrumb","itemListElement":[{"@type":"ListItem","position":1,"name":"Home","item":"https:\/\/tiktokio.com\/"},{"@type":"ListItem","position":2,"name":"Privacy Policy"}]},{"@type":"WebSite","@id":"https:\/\/tiktokio.com\/#website","url":"https:\/\/tiktokio.com\/","name":"Baixar Tiktokio Tiktok","description":"","publisher":{"@id":"https:\/\/tiktokio.com\/#organization"},"inLanguage":"pt-BR"},{"@type":"Organization","@id":"https:\/\/tiktokio.com\/#organization","name":"Baixar Tiktokio Tiktok","url":"https:\/\/tiktokio.com\/","logo":{"@type":"ImageObject","inLanguage":"pt-BR","@id":"https:\/\/tiktokio.com\/#\/schema\/logo\/image\/","url":"https:\/\/tiktokio.com\/wp-content\/uploads\/2023\/10\/tiktokio-log.webp","contentUrl":"https:\/\/tiktokio.com\/wp-content\/uploads\/2023\/10\/tiktokio-log.webp","width":308,"height":70,"caption":"Tiktokio Tiktok Downloader"},"image":{"@id":"https:\/\/tiktokio.com\/#\/schema\/logo\/image\/"}}]}},"_links":{"self":[{"href":"https:\/\/tiktokio.com\/pt\/wp-json\/wp\/v2\/pages\/77","targetHints":{"allow":["GET"]}}],"collection":[{"href":"https:\/\/tiktokio.com\/pt\/wp-json\/wp\/v2\/pages"}],"about":[{"href":"https:\/\/tiktokio.com\/pt\/wp-json\/wp\/v2\/types\/page"}],"author":[{"embeddable":true,"href":"https:\/\/tiktokio.com\/pt\/wp-json\/wp\/v2\/users\/2"}],"replies":[{"embeddable":true,"href":"https:\/\/tiktokio.com\/pt\/wp-json\/wp\/v2\/comments?post=77"}],"version-history":[{"count":1,"href":"https:\/\/tiktokio.com\/pt\/wp-json\/wp\/v2\/pages\/77\/revisions"}],"predecessor-version":[{"id":3088,"href":"https:\/\/tiktokio.com\/pt\/wp-json\/wp\/v2\/pages\/77\/revisions\/3088"}],"wp:attachment":[{"href":"https:\/\/tiktokio.com\/pt\/wp-json\/wp\/v2\/media?parent=77"}],"curies":[{"name":"wp","href":"https:\/\/api.w.org\/{rel}","templated":true}]}}