{"id":77,"date":"2023-10-30T08:52:36","date_gmt":"2023-10-30T08:52:36","guid":{"rendered":"https:\/\/tiktokio.com\/?page_id=77"},"modified":"2024-07-17T04:04:47","modified_gmt":"2024-07-17T04:04:47","slug":"politica-de-confidentialitate","status":"publish","type":"page","link":"https:\/\/tiktokio.com\/ro\/privacy-policy\/","title":{"rendered":"Politica de confiden\u021bialitate"},"content":{"rendered":"<section class=\"section\" id=\"section_898446672\">\n\t\t<div class=\"section-bg fill\" >\n\t\t\t\t\t\t\t\t\t\n\t\t\t\n\n\t\t<\/div>\n\n\t\t\n\n\t\t<div class=\"section-content relative\">\n\t\t\t\n\t<div id=\"text-1263713374\" class=\"text\">\n\t\t\n<h2><span style=\"font-size: 150%;\">Clic <span style=\"color: #000000;\"><a style=\"color: #000000;\" href=\"\/ro\/\">Aici<\/a><\/span> pentru a utiliza TikTokio<\/span><\/h2>\n\t\t\n<style>\n#text-1263713374 {\n  text-align: center;\n  color: rgb(255,255,255);\n}\n#text-1263713374 > * {\n  color: rgb(255,255,255);\n}\n<\/style>\n\t<\/div>\n\t\n\t\t<\/div>\n\n\t\t\n<style>\n#section_898446672 {\n  padding-top: 35px;\n  padding-bottom: 35px;\n  background-color: rgb(223, 109, 30);\n}\n<\/style>\n\t<\/section>\n\t\n\n\t<section class=\"section\" id=\"section_1373917208\">\n\t\t<div class=\"section-bg fill\" >\n\t\t\t\t\t\t\t\t\t\n\t\t\t\n\n\t\t<\/div>\n\n\t\t\n\n\t\t<div class=\"section-content relative\">\n\t\t\t\n<div class=\"row\"  id=\"row-618494803\">\n\n\t<div id=\"col-1608887309\" class=\"col small-12 large-12\"  >\n\t\t\t\t<div class=\"col-inner\"  >\n\t\t\t\n\t\t\t\n\t<div id=\"text-1545517286\" class=\"text\">\n\t\t\n<h1>Politica de confiden\u021bialitate<\/h1>\n\t\t\n<style>\n#text-1545517286 {\n  text-align: center;\n}\n<\/style>\n\t<\/div>\n\t\n<p>\u00cen conformitate cu Termenii no\u0219tri de utilizare, acest document descrie modul \u00een care trat\u0103m informa\u021biile personale legate de utilizarea de c\u0103tre dvs. a acestui site web \u0219i a serviciilor oferite pe \u0219i prin intermediul acestuia (\u201eServiciul\u201d), inclusiv informa\u021biile pe care le furniza\u021bi atunci c\u00e2nd \u00eel utiliza\u021bi. Limit\u0103m \u00een mod expres \u0219i strict utilizarea Serviciului pentru adul\u021bi cu v\u00e2rsta peste 18 ani sau pentru v\u00e2rsta majoratului \u00een jurisdic\u021bia persoanei, oricare dintre acestea este mai mare. Oricui sub aceast\u0103 v\u00e2rst\u0103 \u00eei este strict interzis s\u0103 foloseasc\u0103 Serviciul. Nu c\u0103ut\u0103m \u0219i nu colect\u0103m cu bun\u0103 \u0219tiin\u021b\u0103 informa\u021bii sau date cu caracter personal de la persoane care nu au \u00eemplinit aceast\u0103 v\u00e2rst\u0103. Date colectate folosind serviciul. C\u00e2nd accesa\u021bi Serviciul, utiliza\u021bi func\u021bia de c\u0103utare, converti\u021bi fi\u0219iere sau desc\u0103rca\u021bi fi\u0219iere, adresa dvs. IP, \u021bara de origine \u0219i alte informa\u021bii non-personale despre computerul sau dispozitivul dvs. (cum ar fi solicit\u0103rile web, tipul browserului, limba browserului, adresa URL de referin\u021b\u0103, sistemul de operare \u0219i data \u0219i ora solicit\u0103rilor) pot fi \u00eenregistrate pentru informa\u021biile din fi\u0219ierul jurnal, informa\u021biile de trafic agregate \u0219i \u00een cazul \u00een care exist\u0103 vreo \u00eensu\u0219ire necorespunz\u0103toare a informa\u021biilor \u0219i\/sau con\u021binutului. Informa\u021bii de utilizare. Putem \u00eenregistra informa\u021bii despre utilizarea de c\u0103tre dvs. a Serviciului, cum ar fi termenii dvs. de c\u0103utare, con\u021binutul pe care \u00eel accesa\u021bi \u0219i desc\u0103rca\u021bi \u0219i alte statistici. Con\u021binut \u00eenc\u0103rcat. Orice con\u021binut pe care \u00eel \u00eenc\u0103rca\u021bi, \u00eel accesa\u021bi sau \u00eel transmite\u021bi prin intermediul Serviciului poate fi colectat de noi. Coresponden\u021be. Putem p\u0103stra o eviden\u021b\u0103 a oric\u0103rei coresponden\u021be dintre dvs. \u0219i noi. Cookie-uri. C\u00e2nd utiliza\u021bi Serviciul, este posibil s\u0103 trimitem cookie-uri c\u0103tre computerul dumneavoastr\u0103 pentru a identifica \u00een mod unic sesiunea de browser. Putem folosi at\u00e2t cookie-uri de sesiune, c\u00e2t \u0219i cookie-uri persistente. Utilizarea datelorPutem folosi informa\u021biile dumneavoastr\u0103 pentru a v\u0103 oferi anumite caracteristici \u0219i pentru a crea o experien\u021b\u0103 personalizat\u0103 \u00een cadrul Serviciului. De asemenea, putem folosi acele informa\u021bii pentru a opera, men\u021bine \u0219i \u00eembun\u0103t\u0103\u021bi caracteristicile \u0219i func\u021bionalitatea Serviciului. Folosim cookie-uri, semnalizatoare web \u0219i alte informa\u021bii pentru a stoca informa\u021bii, astfel \u00eenc\u00e2t s\u0103 nu fie nevoie s\u0103 le reintroduce\u021bi la vizitele viitoare, s\u0103 oferim con\u021binut personalizat \u0219i informa\u021bii, s\u0103 monitorizeze eficacitatea Serviciului \u0219i s\u0103 monitorizeze valorile agregate, cum ar fi num\u0103rul de vizitatori \u0219i afi\u0219\u0103rile de pagin\u0103 (inclusiv pentru utilizarea \u00een monitorizarea vizitatorilor de la afilia\u021bi). Ele pot fi, de asemenea, utilizate pentru a oferi publicitate direc\u021bionat\u0103 bazat\u0103 pe \u021bara dvs. de origine \u0219i alte informa\u021bii personale. Putem agrega informa\u021biile dvs. personale cu informa\u021bii personale ale altor membri \u0219i utilizatori \u0219i s\u0103 dezv\u0103luim astfel de informa\u021bii agen\u021bilor de publicitate \u0219i altor ter\u021bi pentru marketing \u0219i promovare. scopuri. Putem folosi informa\u021biile dvs. pentru a desf\u0103\u0219ura promo\u021bii, concursuri, sondaje \u0219i alte caracteristici \u0219i evenimente. Dezv\u0103luiri de informa\u021bii Este posibil s\u0103 fim obliga\u021bi s\u0103 eliber\u0103m anumite date pentru a ne conforma cu obliga\u021biile legale sau pentru a aplica Termenii de utilizare \u0219i alte acorduri. De asemenea, putem elibera anumite date pentru a proteja drepturile, proprietatea sau siguran\u021ba noastr\u0103, a utilizatorilor no\u0219tri \u0219i a altora. Aceasta include furnizarea de informa\u021bii altor companii sau organiza\u021bii, cum ar fi poli\u021bia sau autorit\u0103\u021bile guvernamentale, \u00een scopul protej\u0103rii sau urm\u0103ririi penale a oric\u0103rei activit\u0103\u021bi ilegale, indiferent dac\u0103 aceasta este sau nu identificat\u0103 \u00een Termenii de utilizare. Dac\u0103 \u00eenc\u0103rca\u021bi, accesa\u021bi sau transmite\u021bi orice activitate ilegal\u0103 sau materiale neautorizate c\u0103tre sau prin intermediul Serviciului, sau sunte\u021bi suspectat c\u0103 face\u021bi acest lucru, este posibil s\u0103 transmitem toate informa\u021biile disponibile autorit\u0103\u021bilor relevante, inclusiv de\u021bin\u0103torilor de drepturi de autor respectivi, f\u0103r\u0103 nicio notificare c\u0103tre dvs. Diverse \u00cen timp ce folosim garan\u021bii fizice, manageriale \u0219i tehnice rezonabile din punct de vedere comercial pentru a asigura informa\u021biile dvs., transmiterea de informa\u021bii prin Internet nu este complet sigur\u0103 \u0219i nu putem asigura sau garanta securitatea oric\u0103rei informa\u021bii sau con\u021binut pe care ni-l transmite\u021bi. Orice informa\u021bie sau con\u021binut pe care ni-l transmite\u021bi se face pe propriul risc.<\/p>\n\t\t<\/div>\n\t\t\t\t\t<\/div>\n\n\t\n<\/div>\n\t\t<\/div>\n\n\t\t\n<style>\n#section_1373917208 {\n  padding-top: 30px;\n  padding-bottom: 30px;\n}\n<\/style>\n\t<\/section>","protected":false},"excerpt":{"rendered":"","protected":false},"author":2,"featured_media":0,"parent":0,"menu_order":0,"comment_status":"closed","ping_status":"closed","template":"page-blank.php","meta":{"footnotes":""},"class_list":["post-77","page","type-page","status-publish","hentry"],"yoast_head":"<!-- This site is optimized with the Yoast SEO plugin v27.3 - https:\/\/yoast.com\/product\/yoast-seo-wordpress\/ -->\n<title>Privacy Policy - Tiktokio Tiktok Downloader<\/title>\n<meta name=\"robots\" content=\"index, follow, max-snippet:-1, max-image-preview:large, max-video-preview:-1\" \/>\n<link rel=\"canonical\" href=\"https:\/\/tiktokio.com\/ro\/\" \/>\n<meta property=\"og:locale\" content=\"ro_RO\" \/>\n<meta property=\"og:type\" content=\"article\" \/>\n<meta property=\"og:title\" content=\"Privacy Policy - Tiktokio Tiktok Downloader\" \/>\n<meta property=\"og:url\" content=\"https:\/\/tiktokio.com\/ro\/\" \/>\n<meta property=\"og:site_name\" content=\"Tiktokio Tiktok Downloader\" \/>\n<meta property=\"article:modified_time\" content=\"2024-07-17T04:04:47+00:00\" \/>\n<meta name=\"twitter:card\" content=\"summary_large_image\" \/>\n<meta name=\"twitter:label1\" content=\"Timp estimat pentru citire\" \/>\n\t<meta name=\"twitter:data1\" content=\"3 minute\" \/>\n<script type=\"application\/ld+json\" class=\"yoast-schema-graph\">{\"@context\":\"https:\\\/\\\/schema.org\",\"@graph\":[{\"@type\":\"WebPage\",\"@id\":\"https:\\\/\\\/tiktokio.com\\\/privacy-policy\\\/\",\"url\":\"https:\\\/\\\/tiktokio.com\\\/\",\"name\":\"Privacy Policy - Tiktokio Tiktok Downloader\",\"isPartOf\":{\"@id\":\"https:\\\/\\\/tiktokio.com\\\/#website\"},\"datePublished\":\"2023-10-30T08:52:36+00:00\",\"dateModified\":\"2024-07-17T04:04:47+00:00\",\"breadcrumb\":{\"@id\":\"https:\\\/\\\/tiktokio.com\\\/#breadcrumb\"},\"inLanguage\":\"ro-RO\",\"potentialAction\":[{\"@type\":\"ReadAction\",\"target\":[\"https:\\\/\\\/tiktokio.com\\\/\"]}]},{\"@type\":\"BreadcrumbList\",\"@id\":\"https:\\\/\\\/tiktokio.com\\\/#breadcrumb\",\"itemListElement\":[{\"@type\":\"ListItem\",\"position\":1,\"name\":\"Home\",\"item\":\"https:\\\/\\\/tiktokio.com\\\/\"},{\"@type\":\"ListItem\",\"position\":2,\"name\":\"Privacy Policy\"}]},{\"@type\":\"WebSite\",\"@id\":\"https:\\\/\\\/tiktokio.com\\\/#website\",\"url\":\"https:\\\/\\\/tiktokio.com\\\/\",\"name\":\"Tiktokio Tiktok Downloader\",\"description\":\"\",\"publisher\":{\"@id\":\"https:\\\/\\\/tiktokio.com\\\/#organization\"},\"inLanguage\":\"ro-RO\"},{\"@type\":\"Organization\",\"@id\":\"https:\\\/\\\/tiktokio.com\\\/#organization\",\"name\":\"Tiktokio Tiktok Downloader\",\"url\":\"https:\\\/\\\/tiktokio.com\\\/\",\"logo\":{\"@type\":\"ImageObject\",\"inLanguage\":\"ro-RO\",\"@id\":\"https:\\\/\\\/tiktokio.com\\\/#\\\/schema\\\/logo\\\/image\\\/\",\"url\":\"https:\\\/\\\/tiktokio.com\\\/wp-content\\\/uploads\\\/2023\\\/10\\\/tiktokio-log.webp\",\"contentUrl\":\"https:\\\/\\\/tiktokio.com\\\/wp-content\\\/uploads\\\/2023\\\/10\\\/tiktokio-log.webp\",\"width\":308,\"height\":70,\"caption\":\"Tiktokio Tiktok Downloader\"},\"image\":{\"@id\":\"https:\\\/\\\/tiktokio.com\\\/#\\\/schema\\\/logo\\\/image\\\/\"}}]}<\/script>\n<!-- \/ Yoast SEO plugin. -->","yoast_head_json":{"title":"Politica de confiden\u021bialitate - Tiktokio Tiktok Downloader","robots":{"index":"index","follow":"follow","max-snippet":"max-snippet:-1","max-image-preview":"max-image-preview:large","max-video-preview":"max-video-preview:-1"},"canonical":"https:\/\/tiktokio.com\/ro\/","og_locale":"ro_RO","og_type":"article","og_title":"Privacy Policy - Tiktokio Tiktok Downloader","og_url":"https:\/\/tiktokio.com\/ro\/","og_site_name":"Tiktokio Tiktok Downloader","article_modified_time":"2024-07-17T04:04:47+00:00","twitter_card":"summary_large_image","twitter_misc":{"Timp estimat pentru citire":"3 minute"},"schema":{"@context":"https:\/\/schema.org","@graph":[{"@type":"WebPage","@id":"https:\/\/tiktokio.com\/privacy-policy\/","url":"https:\/\/tiktokio.com\/","name":"Politica de confiden\u021bialitate - Tiktokio Tiktok Downloader","isPartOf":{"@id":"https:\/\/tiktokio.com\/#website"},"datePublished":"2023-10-30T08:52:36+00:00","dateModified":"2024-07-17T04:04:47+00:00","breadcrumb":{"@id":"https:\/\/tiktokio.com\/#breadcrumb"},"inLanguage":"ro-RO","potentialAction":[{"@type":"ReadAction","target":["https:\/\/tiktokio.com\/"]}]},{"@type":"BreadcrumbList","@id":"https:\/\/tiktokio.com\/#breadcrumb","itemListElement":[{"@type":"ListItem","position":1,"name":"Home","item":"https:\/\/tiktokio.com\/"},{"@type":"ListItem","position":2,"name":"Privacy Policy"}]},{"@type":"WebSite","@id":"https:\/\/tiktokio.com\/#website","url":"https:\/\/tiktokio.com\/","name":"Tiktokio Tiktok Downloader","description":"","publisher":{"@id":"https:\/\/tiktokio.com\/#organization"},"inLanguage":"ro-RO"},{"@type":"Organization","@id":"https:\/\/tiktokio.com\/#organization","name":"Tiktokio Tiktok Downloader","url":"https:\/\/tiktokio.com\/","logo":{"@type":"ImageObject","inLanguage":"ro-RO","@id":"https:\/\/tiktokio.com\/#\/schema\/logo\/image\/","url":"https:\/\/tiktokio.com\/wp-content\/uploads\/2023\/10\/tiktokio-log.webp","contentUrl":"https:\/\/tiktokio.com\/wp-content\/uploads\/2023\/10\/tiktokio-log.webp","width":308,"height":70,"caption":"Tiktokio Tiktok Downloader"},"image":{"@id":"https:\/\/tiktokio.com\/#\/schema\/logo\/image\/"}}]}},"_links":{"self":[{"href":"https:\/\/tiktokio.com\/ro\/wp-json\/wp\/v2\/pages\/77","targetHints":{"allow":["GET"]}}],"collection":[{"href":"https:\/\/tiktokio.com\/ro\/wp-json\/wp\/v2\/pages"}],"about":[{"href":"https:\/\/tiktokio.com\/ro\/wp-json\/wp\/v2\/types\/page"}],"author":[{"embeddable":true,"href":"https:\/\/tiktokio.com\/ro\/wp-json\/wp\/v2\/users\/2"}],"replies":[{"embeddable":true,"href":"https:\/\/tiktokio.com\/ro\/wp-json\/wp\/v2\/comments?post=77"}],"version-history":[{"count":1,"href":"https:\/\/tiktokio.com\/ro\/wp-json\/wp\/v2\/pages\/77\/revisions"}],"predecessor-version":[{"id":3088,"href":"https:\/\/tiktokio.com\/ro\/wp-json\/wp\/v2\/pages\/77\/revisions\/3088"}],"wp:attachment":[{"href":"https:\/\/tiktokio.com\/ro\/wp-json\/wp\/v2\/media?parent=77"}],"curies":[{"name":"wp","href":"https:\/\/api.w.org\/{rel}","templated":true}]}}