{"id":77,"date":"2023-10-30T08:52:36","date_gmt":"2023-10-30T08:52:36","guid":{"rendered":"https:\/\/tiktokio.com\/?page_id=77"},"modified":"2024-07-17T04:04:47","modified_gmt":"2024-07-17T04:04:47","slug":"integritetspolicy","status":"publish","type":"page","link":"https:\/\/tiktokio.com\/sv\/privacy-policy\/","title":{"rendered":"Integritetspolicy"},"content":{"rendered":"<section class=\"section\" id=\"section_1190700944\">\n\t\t<div class=\"section-bg fill\" >\n\t\t\t\t\t\t\t\t\t\n\t\t\t\n\n\t\t<\/div>\n\n\t\t\n\n\t\t<div class=\"section-content relative\">\n\t\t\t\n\t<div id=\"text-772194219\" class=\"text\">\n\t\t\n<h2><span style=\"font-size: 150%;\">Klick <span style=\"color: #000000;\"><a style=\"color: #000000;\" href=\"\/sv\/\">H\u00e4r<\/a><\/span> att anv\u00e4nda TikTokio<\/span><\/h2>\n\t\t\n<style>\n#text-772194219 {\n  text-align: center;\n  color: rgb(255,255,255);\n}\n#text-772194219 > * {\n  color: rgb(255,255,255);\n}\n<\/style>\n\t<\/div>\n\t\n\t\t<\/div>\n\n\t\t\n<style>\n#section_1190700944 {\n  padding-top: 35px;\n  padding-bottom: 35px;\n  background-color: rgb(223, 109, 30);\n}\n<\/style>\n\t<\/section>\n\t\n\n\t<section class=\"section\" id=\"section_1088772473\">\n\t\t<div class=\"section-bg fill\" >\n\t\t\t\t\t\t\t\t\t\n\t\t\t\n\n\t\t<\/div>\n\n\t\t\n\n\t\t<div class=\"section-content relative\">\n\t\t\t\n<div class=\"row\"  id=\"row-649083747\">\n\n\t<div id=\"col-1506490267\" class=\"col small-12 large-12\"  >\n\t\t\t\t<div class=\"col-inner\"  >\n\t\t\t\n\t\t\t\n\t<div id=\"text-3319703127\" class=\"text\">\n\t\t\n<h1>Integritetspolicy<\/h1>\n\t\t\n<style>\n#text-3319703127 {\n  text-align: center;\n}\n<\/style>\n\t<\/div>\n\t\n<p>I enlighet med v\u00e5ra anv\u00e4ndarvillkor beskriver detta dokument hur vi behandlar personlig information relaterad till din anv\u00e4ndning av denna webbplats och de tj\u00e4nster som erbjuds p\u00e5 och genom den (&quot;Tj\u00e4nsten&quot;), inklusive information du tillhandah\u00e5ller n\u00e4r du anv\u00e4nder den. Vi begr\u00e4nsar uttryckligen och strikt anv\u00e4ndning av tj\u00e4nsten till vuxna \u00f6ver 18 \u00e5r eller myndig \u00e5lder i individens jurisdiktion, beroende p\u00e5 vilket som \u00e4r h\u00f6gst. Alla under denna \u00e5lder \u00e4r str\u00e4ngt f\u00f6rbjudna att anv\u00e4nda Tj\u00e4nsten. Vi s\u00f6ker eller samlar inte medvetet n\u00e5gon personlig information eller data fr\u00e5n personer som inte har uppn\u00e5tt denna \u00e5lder. Data samlad med hj\u00e4lp av tj\u00e4nsten. N\u00e4r du anv\u00e4nder tj\u00e4nsten anv\u00e4nder du s\u00f6kfunktionen, konverterar filer eller laddar ner filer, din IP-adress, ursprungsland och annan icke-personlig information om din dator eller enhet (s\u00e5som webbf\u00f6rfr\u00e5gningar, webbl\u00e4sartyp, webbl\u00e4sarspr\u00e5k, referens-URL, operativsystem och datum och tid f\u00f6r f\u00f6rfr\u00e5gningar) kan registreras f\u00f6r loggfilinformation, aggregerad trafikinformation och i h\u00e4ndelse av att det finns n\u00e5gon f\u00f6rskingring av information och\/eller inneh\u00e5ll.Anv\u00e4ndningsinformation. Vi kan komma att registrera information om din anv\u00e4ndning av Tj\u00e4nsten s\u00e5som dina s\u00f6ktermer, inneh\u00e5llet du kommer \u00e5t och laddar ner och annan statistik. Uppladdat inneh\u00e5ll. Allt inneh\u00e5ll som du laddar upp, kommer \u00e5t eller \u00f6verf\u00f6r via tj\u00e4nsten kan samlas in av oss. Korrespondenser. Vi kan f\u00f6ra register \u00f6ver all korrespondens mellan dig och oss. Cookies. N\u00e4r du anv\u00e4nder tj\u00e4nsten kan vi skicka cookies till din dator f\u00f6r att unikt identifiera din webbl\u00e4sarsession. Vi kan anv\u00e4nda b\u00e5de sessionscookies och best\u00e4ndiga cookies.Dataanv\u00e4ndningVi kan anv\u00e4nda din information f\u00f6r att f\u00f6rse dig med vissa funktioner och f\u00f6r att skapa en personlig upplevelse av tj\u00e4nsten. Vi kan ocks\u00e5 anv\u00e4nda den informationen f\u00f6r att driva, underh\u00e5lla och f\u00f6rb\u00e4ttra funktioner och funktionalitet hos Tj\u00e4nsten. Vi anv\u00e4nder cookies, webbsignaler och annan information f\u00f6r att lagra information s\u00e5 att du inte beh\u00f6ver ange den igen vid framtida bes\u00f6k, tillhandah\u00e5lla personligt inneh\u00e5ll och information, \u00f6vervaka tj\u00e4nstens effektivitet och \u00f6vervaka aggregerade m\u00e4tv\u00e4rden s\u00e5som antalet bes\u00f6kare och sidvisningar (inklusive f\u00f6r anv\u00e4ndning vid \u00f6vervakning av bes\u00f6kare fr\u00e5n affiliates). De kan ocks\u00e5 anv\u00e4ndas f\u00f6r att tillhandah\u00e5lla riktad reklam baserat p\u00e5 ditt ursprungsland och annan personlig information. Vi kan samla din personliga information med personlig information om andra medlemmar och anv\u00e4ndare, och avsl\u00f6ja s\u00e5dan information till annons\u00f6rer och andra tredje parter f\u00f6r marknadsf\u00f6ring och reklam. syften.Vi kan anv\u00e4nda din information f\u00f6r att genomf\u00f6ra kampanjer, t\u00e4vlingar, unders\u00f6kningar och andra funktioner och evenemang.Upplysningar av informationVi kan bli tvungna att l\u00e4mna ut viss data f\u00f6r att f\u00f6lja r\u00e4ttsliga skyldigheter eller f\u00f6r att uppr\u00e4tth\u00e5lla v\u00e5ra anv\u00e4ndarvillkor och andra avtal. Vi kan ocks\u00e5 sl\u00e4ppa vissa uppgifter f\u00f6r att skydda r\u00e4ttigheterna, egendomen eller s\u00e4kerheten f\u00f6r oss, v\u00e5ra anv\u00e4ndare och andra. Detta inkluderar tillhandah\u00e5llande av information till andra f\u00f6retag eller organisationer som polisen eller statliga myndigheter i syfte att skydda mot eller lagf\u00f6ra olaglig aktivitet, oavsett om den identifieras i anv\u00e4ndarvillkoren eller inte. Om du laddar upp, f\u00e5r \u00e5tkomst till eller \u00f6verf\u00f6r olagliga eller obeh\u00f6rigt material till eller genom Tj\u00e4nsten, eller om du misst\u00e4nks g\u00f6ra s\u00e5dant, kan vi vidarebefordra all tillg\u00e4nglig information till relevanta myndigheter, inklusive respektive upphovsr\u00e4ttsinnehavare, utan n\u00e5got meddelande till dig. \u00d6vrigt Samtidigt som vi anv\u00e4nder kommersiellt rimliga fysiska, administrativa och tekniska skydds\u00e5tg\u00e4rder f\u00f6r att s\u00e4kra din information \u00e4r \u00f6verf\u00f6ringen av information via Internet inte helt s\u00e4ker och vi kan inte garantera eller garantera s\u00e4kerheten f\u00f6r n\u00e5gon information eller inneh\u00e5ll du \u00f6verf\u00f6r till oss. All information eller inneh\u00e5ll som du \u00f6verf\u00f6r till oss sker p\u00e5 egen risk.<\/p>\n\t\t<\/div>\n\t\t\t\t\t<\/div>\n\n\t\n<\/div>\n\t\t<\/div>\n\n\t\t\n<style>\n#section_1088772473 {\n  padding-top: 30px;\n  padding-bottom: 30px;\n}\n<\/style>\n\t<\/section>","protected":false},"excerpt":{"rendered":"","protected":false},"author":2,"featured_media":0,"parent":0,"menu_order":0,"comment_status":"closed","ping_status":"closed","template":"page-blank.php","meta":{"footnotes":""},"class_list":["post-77","page","type-page","status-publish","hentry"],"yoast_head":"<!-- This site is optimized with the Yoast SEO plugin v27.3 - https:\/\/yoast.com\/product\/yoast-seo-wordpress\/ -->\n<title>Privacy Policy - Tiktokio Tiktok Downloader<\/title>\n<meta name=\"robots\" content=\"index, follow, max-snippet:-1, max-image-preview:large, max-video-preview:-1\" \/>\n<link rel=\"canonical\" href=\"https:\/\/tiktokio.com\/sv\/\" \/>\n<meta property=\"og:locale\" content=\"sv_SE\" \/>\n<meta property=\"og:type\" content=\"article\" \/>\n<meta property=\"og:title\" content=\"Privacy Policy - Tiktokio Tiktok Downloader\" \/>\n<meta property=\"og:url\" content=\"https:\/\/tiktokio.com\/sv\/\" \/>\n<meta property=\"og:site_name\" content=\"Tiktokio Tiktok Downloader\" \/>\n<meta property=\"article:modified_time\" content=\"2024-07-17T04:04:47+00:00\" \/>\n<meta name=\"twitter:card\" content=\"summary_large_image\" \/>\n<meta name=\"twitter:label1\" content=\"Ber\u00e4knad l\u00e4stid\" \/>\n\t<meta name=\"twitter:data1\" content=\"3 minuter\" \/>\n<script type=\"application\/ld+json\" class=\"yoast-schema-graph\">{\"@context\":\"https:\\\/\\\/schema.org\",\"@graph\":[{\"@type\":\"WebPage\",\"@id\":\"https:\\\/\\\/tiktokio.com\\\/privacy-policy\\\/\",\"url\":\"https:\\\/\\\/tiktokio.com\\\/\",\"name\":\"Privacy Policy - Tiktokio Tiktok Downloader\",\"isPartOf\":{\"@id\":\"https:\\\/\\\/tiktokio.com\\\/#website\"},\"datePublished\":\"2023-10-30T08:52:36+00:00\",\"dateModified\":\"2024-07-17T04:04:47+00:00\",\"breadcrumb\":{\"@id\":\"https:\\\/\\\/tiktokio.com\\\/#breadcrumb\"},\"inLanguage\":\"sv-SE\",\"potentialAction\":[{\"@type\":\"ReadAction\",\"target\":[\"https:\\\/\\\/tiktokio.com\\\/\"]}]},{\"@type\":\"BreadcrumbList\",\"@id\":\"https:\\\/\\\/tiktokio.com\\\/#breadcrumb\",\"itemListElement\":[{\"@type\":\"ListItem\",\"position\":1,\"name\":\"Home\",\"item\":\"https:\\\/\\\/tiktokio.com\\\/\"},{\"@type\":\"ListItem\",\"position\":2,\"name\":\"Privacy Policy\"}]},{\"@type\":\"WebSite\",\"@id\":\"https:\\\/\\\/tiktokio.com\\\/#website\",\"url\":\"https:\\\/\\\/tiktokio.com\\\/\",\"name\":\"Tiktokio Tiktok Downloader\",\"description\":\"\",\"publisher\":{\"@id\":\"https:\\\/\\\/tiktokio.com\\\/#organization\"},\"inLanguage\":\"sv-SE\"},{\"@type\":\"Organization\",\"@id\":\"https:\\\/\\\/tiktokio.com\\\/#organization\",\"name\":\"Tiktokio Tiktok Downloader\",\"url\":\"https:\\\/\\\/tiktokio.com\\\/\",\"logo\":{\"@type\":\"ImageObject\",\"inLanguage\":\"sv-SE\",\"@id\":\"https:\\\/\\\/tiktokio.com\\\/#\\\/schema\\\/logo\\\/image\\\/\",\"url\":\"https:\\\/\\\/tiktokio.com\\\/wp-content\\\/uploads\\\/2023\\\/10\\\/tiktokio-log.webp\",\"contentUrl\":\"https:\\\/\\\/tiktokio.com\\\/wp-content\\\/uploads\\\/2023\\\/10\\\/tiktokio-log.webp\",\"width\":308,\"height\":70,\"caption\":\"Tiktokio Tiktok Downloader\"},\"image\":{\"@id\":\"https:\\\/\\\/tiktokio.com\\\/#\\\/schema\\\/logo\\\/image\\\/\"}}]}<\/script>\n<!-- \/ Yoast SEO plugin. -->","yoast_head_json":{"title":"Sekretesspolicy - Tiktokio Tiktok Downloader","robots":{"index":"index","follow":"follow","max-snippet":"max-snippet:-1","max-image-preview":"max-image-preview:large","max-video-preview":"max-video-preview:-1"},"canonical":"https:\/\/tiktokio.com\/sv\/","og_locale":"sv_SE","og_type":"article","og_title":"Privacy Policy - Tiktokio Tiktok Downloader","og_url":"https:\/\/tiktokio.com\/sv\/","og_site_name":"Tiktokio Tiktok Downloader","article_modified_time":"2024-07-17T04:04:47+00:00","twitter_card":"summary_large_image","twitter_misc":{"Ber\u00e4knad l\u00e4stid":"3 minuter"},"schema":{"@context":"https:\/\/schema.org","@graph":[{"@type":"WebPage","@id":"https:\/\/tiktokio.com\/privacy-policy\/","url":"https:\/\/tiktokio.com\/","name":"Sekretesspolicy - Tiktokio Tiktok Downloader","isPartOf":{"@id":"https:\/\/tiktokio.com\/#website"},"datePublished":"2023-10-30T08:52:36+00:00","dateModified":"2024-07-17T04:04:47+00:00","breadcrumb":{"@id":"https:\/\/tiktokio.com\/#breadcrumb"},"inLanguage":"sv-SE","potentialAction":[{"@type":"ReadAction","target":["https:\/\/tiktokio.com\/"]}]},{"@type":"BreadcrumbList","@id":"https:\/\/tiktokio.com\/#breadcrumb","itemListElement":[{"@type":"ListItem","position":1,"name":"Home","item":"https:\/\/tiktokio.com\/"},{"@type":"ListItem","position":2,"name":"Privacy Policy"}]},{"@type":"WebSite","@id":"https:\/\/tiktokio.com\/#website","url":"https:\/\/tiktokio.com\/","name":"Tiktokio Tiktok Downloader","description":"","publisher":{"@id":"https:\/\/tiktokio.com\/#organization"},"inLanguage":"sv-SE"},{"@type":"Organization","@id":"https:\/\/tiktokio.com\/#organization","name":"Tiktokio Tiktok Downloader","url":"https:\/\/tiktokio.com\/","logo":{"@type":"ImageObject","inLanguage":"sv-SE","@id":"https:\/\/tiktokio.com\/#\/schema\/logo\/image\/","url":"https:\/\/tiktokio.com\/wp-content\/uploads\/2023\/10\/tiktokio-log.webp","contentUrl":"https:\/\/tiktokio.com\/wp-content\/uploads\/2023\/10\/tiktokio-log.webp","width":308,"height":70,"caption":"Tiktokio Tiktok Downloader"},"image":{"@id":"https:\/\/tiktokio.com\/#\/schema\/logo\/image\/"}}]}},"_links":{"self":[{"href":"https:\/\/tiktokio.com\/sv\/wp-json\/wp\/v2\/pages\/77","targetHints":{"allow":["GET"]}}],"collection":[{"href":"https:\/\/tiktokio.com\/sv\/wp-json\/wp\/v2\/pages"}],"about":[{"href":"https:\/\/tiktokio.com\/sv\/wp-json\/wp\/v2\/types\/page"}],"author":[{"embeddable":true,"href":"https:\/\/tiktokio.com\/sv\/wp-json\/wp\/v2\/users\/2"}],"replies":[{"embeddable":true,"href":"https:\/\/tiktokio.com\/sv\/wp-json\/wp\/v2\/comments?post=77"}],"version-history":[{"count":1,"href":"https:\/\/tiktokio.com\/sv\/wp-json\/wp\/v2\/pages\/77\/revisions"}],"predecessor-version":[{"id":3088,"href":"https:\/\/tiktokio.com\/sv\/wp-json\/wp\/v2\/pages\/77\/revisions\/3088"}],"wp:attachment":[{"href":"https:\/\/tiktokio.com\/sv\/wp-json\/wp\/v2\/media?parent=77"}],"curies":[{"name":"wp","href":"https:\/\/api.w.org\/{rel}","templated":true}]}}