{"id":89,"date":"2023-10-30T09:09:25","date_gmt":"2023-10-30T09:09:25","guid":{"rendered":"https:\/\/tiktokio.com\/?page_id=89"},"modified":"2024-07-17T04:03:15","modified_gmt":"2024-07-17T04:03:15","slug":"kontakta-oss","status":"publish","type":"page","link":"https:\/\/tiktokio.com\/sv\/contact-us\/","title":{"rendered":"Kontakta oss"},"content":{"rendered":"<section class=\"section\" id=\"section_731670651\">\n\t\t<div class=\"section-bg fill\" >\n\t\t\t\t\t\t\t\t\t\n\t\t\t\n\n\t\t<\/div>\n\n\t\t\n\n\t\t<div class=\"section-content relative\">\n\t\t\t\n\t<div id=\"text-3659672587\" class=\"text\">\n\t\t\n<h2><span style=\"font-size: 150%;\">Klick <span style=\"color: #000000;\"><a style=\"color: #000000;\" href=\"\/sv\/\">H\u00e4r<\/a><\/span> att anv\u00e4nda TikTokio<\/span><\/h2>\n\t\t\n<style>\n#text-3659672587 {\n  text-align: center;\n  color: rgb(255,255,255);\n}\n#text-3659672587 > * {\n  color: rgb(255,255,255);\n}\n<\/style>\n\t<\/div>\n\t\n\t\t<\/div>\n\n\t\t\n<style>\n#section_731670651 {\n  padding-top: 35px;\n  padding-bottom: 35px;\n  background-color: rgb(223, 109, 30);\n}\n<\/style>\n\t<\/section>\n\t\n\n\t<section class=\"section\" id=\"section_747543869\">\n\t\t<div class=\"section-bg fill\" >\n\t\t\t\t\t\t\t\t\t\n\t\t\t\n\n\t\t<\/div>\n\n\t\t\n\n\t\t<div class=\"section-content relative\">\n\t\t\t\n<div class=\"row align-middle align-center\"  id=\"row-1206958911\">\n\n\t<div id=\"col-1095099443\" class=\"col medium-10 small-12 large-10\"  >\n\t\t\t\t<div class=\"col-inner text-center\"  >\n\t\t\t\n\t\t\t\n\t<div class=\"img has-hover x md-x lg-x y md-y lg-y\" id=\"image_724675558\">\n\t\t\t\t\t\t\t\t<div class=\"img-inner dark\" >\n\t\t\t<img loading=\"lazy\" decoding=\"async\" width=\"512\" height=\"512\" src=\"https:\/\/tiktokio.com\/wp-content\/uploads\/2023\/10\/cropped-cropped-ico.webp\" class=\"attachment-original size-original\" alt=\"\" srcset=\"https:\/\/tiktokio.com\/wp-content\/uploads\/2023\/10\/cropped-cropped-ico.webp 512w, https:\/\/tiktokio.com\/wp-content\/uploads\/2023\/10\/cropped-cropped-ico-300x300.webp 300w, https:\/\/tiktokio.com\/wp-content\/uploads\/2023\/10\/cropped-cropped-ico-150x150.webp 150w, https:\/\/tiktokio.com\/wp-content\/uploads\/2023\/10\/cropped-cropped-ico-270x270.webp 270w, https:\/\/tiktokio.com\/wp-content\/uploads\/2023\/10\/cropped-cropped-ico-192x192.webp 192w, https:\/\/tiktokio.com\/wp-content\/uploads\/2023\/10\/cropped-cropped-ico-180x180.webp 180w, https:\/\/tiktokio.com\/wp-content\/uploads\/2023\/10\/cropped-cropped-ico-32x32.webp 32w\" sizes=\"auto, (max-width: 512px) 100vw, 512px\" \/>\t\t\t\t\t\t\n\t\t\t\t\t<\/div>\n\t\t\t\t\t\t\t\t\n<style>\n#image_724675558 {\n  width: 10%;\n}\n<\/style>\n\t<\/div>\n\t\n\t\t<\/div>\n\t\t\t\t\t<\/div>\n\n\t\n<\/div>\n<div class=\"row align-center\"  id=\"row-1099648457\">\n\n\t<div id=\"col-684033417\" class=\"col medium-9 small-12 large-9\"  >\n\t\t\t\t<div class=\"col-inner\"  >\n\t\t\t\n\t\t\t\n\t<div id=\"text-1333491341\" class=\"text\">\n\t\t\n<h1>KONTAKTA OSS<\/h1>\n\t\t\n<style>\n#text-1333491341 {\n  font-size: 0.75rem;\n  text-align: center;\n}\n<\/style>\n\t<\/div>\n\t\n\t<div id=\"gap-1975383437\" class=\"gap-element clearfix\" style=\"display:block; height:auto;\">\n\t\t\n<style>\n#gap-1975383437 {\n  padding-top: 30px;\n}\n<\/style>\n\t<\/div>\n\t\n\t<div id=\"text-2262914019\" class=\"text\">\n\t\t\n<p>Vi vill att v\u00e5ra verktyg ska hj\u00e4lpa dig mest, s\u00e5 vi f\u00f6rb\u00e4ttrar st\u00e4ndigt v\u00e5ra tj\u00e4nster. Om du har n\u00e5gra kommentarer eller f\u00f6rslag kan du ber\u00e4tta f\u00f6r oss, vi kommer att svara dig s\u00e5 snart som m\u00f6jligt.<\/p>\n\t\t\n<style>\n#text-2262914019 {\n  font-size: 1.2rem;\n}\n<\/style>\n\t<\/div>\n\t\n\t<div id=\"text-144167466\" class=\"text\">\n\t\t\n<p>Email:service@tiktokio.com<\/p>\n\t\t\n<style>\n#text-144167466 {\n  font-size: 1.2rem;\n}\n<\/style>\n\t<\/div>\n\t\n\t\t<\/div>\n\t\t\t\t\t<\/div>\n\n\t\n<\/div>\n\t\t<\/div>\n\n\t\t\n<style>\n#section_747543869 {\n  padding-top: 60px;\n  padding-bottom: 60px;\n}\n<\/style>\n\t<\/section>","protected":false},"excerpt":{"rendered":"","protected":false},"author":2,"featured_media":0,"parent":0,"menu_order":0,"comment_status":"closed","ping_status":"closed","template":"page-blank.php","meta":{"footnotes":""},"class_list":["post-89","page","type-page","status-publish","hentry"],"yoast_head":"<!-- This site is optimized with the Yoast SEO plugin v27.3 - https:\/\/yoast.com\/product\/yoast-seo-wordpress\/ -->\n<title>Contact Us - Tiktokio Tiktok Downloader<\/title>\n<meta name=\"robots\" content=\"index, follow, max-snippet:-1, max-image-preview:large, max-video-preview:-1\" \/>\n<link rel=\"canonical\" href=\"https:\/\/tiktokio.com\/sv\/\" \/>\n<meta property=\"og:locale\" content=\"sv_SE\" \/>\n<meta property=\"og:type\" content=\"article\" \/>\n<meta property=\"og:title\" content=\"Contact Us - Tiktokio Tiktok Downloader\" \/>\n<meta property=\"og:url\" content=\"https:\/\/tiktokio.com\/sv\/\" \/>\n<meta property=\"og:site_name\" content=\"Tiktokio Tiktok Downloader\" \/>\n<meta property=\"article:modified_time\" content=\"2024-07-17T04:03:15+00:00\" \/>\n<meta name=\"twitter:card\" content=\"summary_large_image\" \/>\n<meta name=\"twitter:label1\" content=\"Ber\u00e4knad l\u00e4stid\" \/>\n\t<meta name=\"twitter:data1\" content=\"1 minut\" \/>\n<script type=\"application\/ld+json\" class=\"yoast-schema-graph\">{\"@context\":\"https:\\\/\\\/schema.org\",\"@graph\":[{\"@type\":\"WebPage\",\"@id\":\"https:\\\/\\\/tiktokio.com\\\/contact-us\\\/\",\"url\":\"https:\\\/\\\/tiktokio.com\\\/\",\"name\":\"Contact Us - Tiktokio Tiktok Downloader\",\"isPartOf\":{\"@id\":\"https:\\\/\\\/tiktokio.com\\\/#website\"},\"datePublished\":\"2023-10-30T09:09:25+00:00\",\"dateModified\":\"2024-07-17T04:03:15+00:00\",\"breadcrumb\":{\"@id\":\"https:\\\/\\\/tiktokio.com\\\/#breadcrumb\"},\"inLanguage\":\"sv-SE\",\"potentialAction\":[{\"@type\":\"ReadAction\",\"target\":[\"https:\\\/\\\/tiktokio.com\\\/\"]}]},{\"@type\":\"BreadcrumbList\",\"@id\":\"https:\\\/\\\/tiktokio.com\\\/#breadcrumb\",\"itemListElement\":[{\"@type\":\"ListItem\",\"position\":1,\"name\":\"Home\",\"item\":\"https:\\\/\\\/tiktokio.com\\\/\"},{\"@type\":\"ListItem\",\"position\":2,\"name\":\"Contact Us\"}]},{\"@type\":\"WebSite\",\"@id\":\"https:\\\/\\\/tiktokio.com\\\/#website\",\"url\":\"https:\\\/\\\/tiktokio.com\\\/\",\"name\":\"Tiktokio Tiktok Downloader\",\"description\":\"\",\"publisher\":{\"@id\":\"https:\\\/\\\/tiktokio.com\\\/#organization\"},\"inLanguage\":\"sv-SE\"},{\"@type\":\"Organization\",\"@id\":\"https:\\\/\\\/tiktokio.com\\\/#organization\",\"name\":\"Tiktokio Tiktok Downloader\",\"url\":\"https:\\\/\\\/tiktokio.com\\\/\",\"logo\":{\"@type\":\"ImageObject\",\"inLanguage\":\"sv-SE\",\"@id\":\"https:\\\/\\\/tiktokio.com\\\/#\\\/schema\\\/logo\\\/image\\\/\",\"url\":\"https:\\\/\\\/tiktokio.com\\\/wp-content\\\/uploads\\\/2023\\\/10\\\/tiktokio-log.webp\",\"contentUrl\":\"https:\\\/\\\/tiktokio.com\\\/wp-content\\\/uploads\\\/2023\\\/10\\\/tiktokio-log.webp\",\"width\":308,\"height\":70,\"caption\":\"Tiktokio Tiktok Downloader\"},\"image\":{\"@id\":\"https:\\\/\\\/tiktokio.com\\\/#\\\/schema\\\/logo\\\/image\\\/\"}}]}<\/script>\n<!-- \/ Yoast SEO plugin. -->","yoast_head_json":{"title":"Kontakta oss - Tiktokio Tiktok Downloader","robots":{"index":"index","follow":"follow","max-snippet":"max-snippet:-1","max-image-preview":"max-image-preview:large","max-video-preview":"max-video-preview:-1"},"canonical":"https:\/\/tiktokio.com\/sv\/","og_locale":"sv_SE","og_type":"article","og_title":"Contact Us - Tiktokio Tiktok Downloader","og_url":"https:\/\/tiktokio.com\/sv\/","og_site_name":"Tiktokio Tiktok Downloader","article_modified_time":"2024-07-17T04:03:15+00:00","twitter_card":"summary_large_image","twitter_misc":{"Ber\u00e4knad l\u00e4stid":"1 minut"},"schema":{"@context":"https:\/\/schema.org","@graph":[{"@type":"WebPage","@id":"https:\/\/tiktokio.com\/contact-us\/","url":"https:\/\/tiktokio.com\/","name":"Kontakta oss - Tiktokio Tiktok Downloader","isPartOf":{"@id":"https:\/\/tiktokio.com\/#website"},"datePublished":"2023-10-30T09:09:25+00:00","dateModified":"2024-07-17T04:03:15+00:00","breadcrumb":{"@id":"https:\/\/tiktokio.com\/#breadcrumb"},"inLanguage":"sv-SE","potentialAction":[{"@type":"ReadAction","target":["https:\/\/tiktokio.com\/"]}]},{"@type":"BreadcrumbList","@id":"https:\/\/tiktokio.com\/#breadcrumb","itemListElement":[{"@type":"ListItem","position":1,"name":"Home","item":"https:\/\/tiktokio.com\/"},{"@type":"ListItem","position":2,"name":"Contact Us"}]},{"@type":"WebSite","@id":"https:\/\/tiktokio.com\/#website","url":"https:\/\/tiktokio.com\/","name":"Tiktokio Tiktok Downloader","description":"","publisher":{"@id":"https:\/\/tiktokio.com\/#organization"},"inLanguage":"sv-SE"},{"@type":"Organization","@id":"https:\/\/tiktokio.com\/#organization","name":"Tiktokio Tiktok Downloader","url":"https:\/\/tiktokio.com\/","logo":{"@type":"ImageObject","inLanguage":"sv-SE","@id":"https:\/\/tiktokio.com\/#\/schema\/logo\/image\/","url":"https:\/\/tiktokio.com\/wp-content\/uploads\/2023\/10\/tiktokio-log.webp","contentUrl":"https:\/\/tiktokio.com\/wp-content\/uploads\/2023\/10\/tiktokio-log.webp","width":308,"height":70,"caption":"Tiktokio Tiktok Downloader"},"image":{"@id":"https:\/\/tiktokio.com\/#\/schema\/logo\/image\/"}}]}},"_links":{"self":[{"href":"https:\/\/tiktokio.com\/sv\/wp-json\/wp\/v2\/pages\/89","targetHints":{"allow":["GET"]}}],"collection":[{"href":"https:\/\/tiktokio.com\/sv\/wp-json\/wp\/v2\/pages"}],"about":[{"href":"https:\/\/tiktokio.com\/sv\/wp-json\/wp\/v2\/types\/page"}],"author":[{"embeddable":true,"href":"https:\/\/tiktokio.com\/sv\/wp-json\/wp\/v2\/users\/2"}],"replies":[{"embeddable":true,"href":"https:\/\/tiktokio.com\/sv\/wp-json\/wp\/v2\/comments?post=89"}],"version-history":[{"count":4,"href":"https:\/\/tiktokio.com\/sv\/wp-json\/wp\/v2\/pages\/89\/revisions"}],"predecessor-version":[{"id":3086,"href":"https:\/\/tiktokio.com\/sv\/wp-json\/wp\/v2\/pages\/89\/revisions\/3086"}],"wp:attachment":[{"href":"https:\/\/tiktokio.com\/sv\/wp-json\/wp\/v2\/media?parent=89"}],"curies":[{"name":"wp","href":"https:\/\/api.w.org\/{rel}","templated":true}]}}