{"id":77,"date":"2023-10-30T08:52:36","date_gmt":"2023-10-30T08:52:36","guid":{"rendered":"https:\/\/tiktokio.com\/?page_id=77"},"modified":"2024-07-17T04:04:47","modified_gmt":"2024-07-17T04:04:47","slug":"gizlilik-politikasi","status":"publish","type":"page","link":"https:\/\/tiktokio.com\/tr\/privacy-policy\/","title":{"rendered":"Gizlilik Politikas\u0131"},"content":{"rendered":"<section class=\"section\" id=\"section_1511295608\">\n\t\t<div class=\"section-bg fill\" >\n\t\t\t\t\t\t\t\t\t\n\t\t\t\n\n\t\t<\/div>\n\n\t\t\n\n\t\t<div class=\"section-content relative\">\n\t\t\t\n\t<div id=\"text-2315151933\" class=\"text\">\n\t\t\n<h2><span style=\"font-size: 150%;\">T\u0131klamak <span style=\"color: #000000;\"><a style=\"color: #000000;\" href=\"\/tr\/\">Burada<\/a><\/span> TikTokio&#039;yu Kullanmak<\/span><\/h2>\n\t\t\n<style>\n#text-2315151933 {\n  text-align: center;\n  color: rgb(255,255,255);\n}\n#text-2315151933 > * {\n  color: rgb(255,255,255);\n}\n<\/style>\n\t<\/div>\n\t\n\t\t<\/div>\n\n\t\t\n<style>\n#section_1511295608 {\n  padding-top: 35px;\n  padding-bottom: 35px;\n  background-color: rgb(223, 109, 30);\n}\n<\/style>\n\t<\/section>\n\t\n\n\t<section class=\"section\" id=\"section_241489876\">\n\t\t<div class=\"section-bg fill\" >\n\t\t\t\t\t\t\t\t\t\n\t\t\t\n\n\t\t<\/div>\n\n\t\t\n\n\t\t<div class=\"section-content relative\">\n\t\t\t\n<div class=\"row\"  id=\"row-520833504\">\n\n\t<div id=\"col-1585723249\" class=\"col small-12 large-12\"  >\n\t\t\t\t<div class=\"col-inner\"  >\n\t\t\t\n\t\t\t\n\t<div id=\"text-1806551024\" class=\"text\">\n\t\t\n<h1>Gizlilik Politikas\u0131<\/h1>\n\t\t\n<style>\n#text-1806551024 {\n  text-align: center;\n}\n<\/style>\n\t<\/div>\n\t\n<p>Kullan\u0131m Ko\u015fullar\u0131m\u0131z uyar\u0131nca bu belge, bu web sitesini kullan\u0131m\u0131n\u0131zla ve bu web sitesi \u00fczerinde ve onun arac\u0131l\u0131\u011f\u0131yla sunulan hizmetler (&quot;Hizmet&quot;) ile ilgili ki\u015fisel bilgileri, bunu kullan\u0131rken sa\u011flad\u0131\u011f\u0131n\u0131z bilgiler de dahil olmak \u00fczere nas\u0131l ele ald\u0131\u011f\u0131m\u0131z\u0131 a\u00e7\u0131klamaktad\u0131r. A\u00e7\u0131k\u00e7a ve kesinlikle s\u0131n\u0131rland\u0131r\u0131yoruz Hizmetin 18 ya\u015f\u0131n \u00fczerindeki yeti\u015fkinlere veya ki\u015finin yarg\u0131 yetkisi dahilindeki re\u015fit olma ya\u015f\u0131na (hangisi daha b\u00fcy\u00fckse) y\u00f6nelik olarak kullan\u0131lmas\u0131. Bu ya\u015f\u0131n alt\u0131ndaki herkesin Hizmeti kullanmas\u0131 kesinlikle yasakt\u0131r. Bu ya\u015fa ula\u015fmam\u0131\u015f ki\u015filerden bilerek herhangi bir ki\u015fisel bilgi veya veri talep etmiyoruz veya toplam\u0131yoruz.Hizmeti Kullanarak Toplanan Veriler. Hizmete eri\u015fti\u011finizde, arama i\u015flevini kullan\u0131n, dosyalar\u0131 d\u00f6n\u00fc\u015ft\u00fcr\u00fcn veya dosyalar\u0131 indirin, IP adresinizi, men\u015fe \u00fclkenizi ve bilgisayar\u0131n\u0131z veya cihaz\u0131n\u0131z hakk\u0131ndaki di\u011fer ki\u015fisel olmayan bilgileri (web istekleri, taray\u0131c\u0131 t\u00fcr\u00fc, taray\u0131c\u0131 dili, y\u00f6nlendiren URL, i\u015fletim sistemi ve isteklerin tarih ve saati) g\u00fcnl\u00fck dosyas\u0131 bilgileri, toplu trafik bilgileri ve bilgilerin ve\/veya i\u00e7eri\u011fin k\u00f6t\u00fcye kullan\u0131lmas\u0131 durumunda kaydedilebilir. Kullan\u0131m Bilgileri. Arama terimleriniz, eri\u015fti\u011finiz ve indirdi\u011finiz i\u00e7erik ve di\u011fer istatistikler gibi Hizmeti kullan\u0131m\u0131n\u0131zla ilgili bilgileri kaydedebiliriz.Y\u00fcklenen \u0130\u00e7erik. Hizmet arac\u0131l\u0131\u011f\u0131yla y\u00fckledi\u011finiz, eri\u015fti\u011finiz veya iletti\u011finiz her t\u00fcrl\u00fc i\u00e7erik taraf\u0131m\u0131zdan toplanabilir. Yaz\u0131\u015fmalar. Sizinle bizim aram\u0131zdaki her t\u00fcrl\u00fc yaz\u0131\u015fman\u0131n kayd\u0131n\u0131 tutabiliriz.\u00c7erezler. Hizmeti kulland\u0131\u011f\u0131n\u0131zda, taray\u0131c\u0131 oturumunuzu benzersiz bir \u015fekilde tan\u0131mlamak i\u00e7in bilgisayar\u0131n\u0131za \u00e7erezler g\u00f6nderebiliriz. Hem oturum \u00e7erezlerini hem de kal\u0131c\u0131 \u00e7erezleri kullanabiliriz. Veri Kullan\u0131m\u0131 Bilgilerinizi size belirli \u00f6zellikleri sa\u011flamak ve Hizmette ki\u015fiselle\u015ftirilmi\u015f bir deneyim olu\u015fturmak i\u00e7in kullanabiliriz. Bu bilgileri Hizmetin \u00f6zelliklerini ve i\u015flevselli\u011fini i\u015fletmek, s\u00fcrd\u00fcrmek ve geli\u015ftirmek i\u00e7in de kullanabiliriz. Gelecekteki ziyaretlerinizde tekrar girmenize gerek kalmamas\u0131, ki\u015fiselle\u015ftirilmi\u015f i\u00e7erik sa\u011flaman\u0131z ve bilgi vermek, Hizmetin etkinli\u011fini izlemek ve ziyaret\u00e7i say\u0131s\u0131 ve sayfa g\u00f6r\u00fcnt\u00fclemeleri gibi toplu \u00f6l\u00e7\u00fcmleri izlemek (ba\u011fl\u0131 kurulu\u015flardan gelen ziyaret\u00e7ilerin izlenmesinde kullan\u0131m dahil). Ayr\u0131ca men\u015fe \u00fclkenize ve di\u011fer ki\u015fisel bilgilerinize g\u00f6re hedefli reklamlar sa\u011flamak i\u00e7in de kullan\u0131labilirler. Ki\u015fisel bilgilerinizi di\u011fer \u00fcyelerin ve kullan\u0131c\u0131lar\u0131n ki\u015fisel bilgileriyle birle\u015ftirebilir ve bu bilgileri pazarlama ve tan\u0131t\u0131m amac\u0131yla reklamverenlere ve di\u011fer \u00fc\u00e7\u00fcnc\u00fc taraflara a\u00e7\u0131klayabiliriz. Bilgilerinizi promosyonlar, yar\u0131\u015fmalar, anketler ve di\u011fer \u00f6zellikler ve etkinlikler y\u00fcr\u00fctmek i\u00e7in kullanabiliriz. Bilgilerin A\u00e7\u0131klanmas\u0131 Yasal y\u00fck\u00fcml\u00fcl\u00fcklere uymak veya Kullan\u0131m Ko\u015fullar\u0131m\u0131z\u0131 ve di\u011fer anla\u015fmalar\u0131m\u0131z\u0131 uygulamak i\u00e7in belirli verileri yay\u0131nlamam\u0131z gerekebilir. Ayr\u0131ca kendimizin, kullan\u0131c\u0131lar\u0131m\u0131z\u0131n ve ba\u015fkalar\u0131n\u0131n haklar\u0131n\u0131, m\u00fclkiyetini veya g\u00fcvenli\u011fini korumak i\u00e7in de belirli verileri yay\u0131nlayabiliriz. Bu, Kullan\u0131m Ko\u015fullar\u0131nda tan\u0131mlanm\u0131\u015f olsun veya olmas\u0131n, herhangi bir yasa d\u0131\u015f\u0131 faaliyete kar\u015f\u0131 koruma veya kovu\u015fturma amac\u0131yla polis veya devlet yetkilileri gibi di\u011fer \u015firket veya kurulu\u015flara bilgi sa\u011flamay\u0131 da i\u00e7erir. Hizmete veya Hizmet arac\u0131l\u0131\u011f\u0131yla yetkisiz materyal veya bunu yapt\u0131\u011f\u0131n\u0131zdan \u015f\u00fcpheleniliyorsa, mevcut t\u00fcm bilgileri size herhangi bir bildirimde bulunmaks\u0131z\u0131n ilgili telif hakk\u0131 sahipleri de dahil olmak \u00fczere ilgili makamlara iletebiliriz.\u00c7e\u015fitli bilgilerinizin \u0130nternet \u00fczerinden iletilmesi tamamen g\u00fcvenli de\u011fildir ve bize iletti\u011finiz hi\u00e7bir bilgi veya i\u00e7eri\u011fin g\u00fcvenli\u011fini garanti edemeyiz veya garanti edemeyiz. Bize iletti\u011finiz her t\u00fcrl\u00fc bilgi veya i\u00e7eri\u011fin riski size aittir.<\/p>\n\t\t<\/div>\n\t\t\t\t\t<\/div>\n\n\t\n<\/div>\n\t\t<\/div>\n\n\t\t\n<style>\n#section_241489876 {\n  padding-top: 30px;\n  padding-bottom: 30px;\n}\n<\/style>\n\t<\/section>","protected":false},"excerpt":{"rendered":"","protected":false},"author":2,"featured_media":0,"parent":0,"menu_order":0,"comment_status":"closed","ping_status":"closed","template":"page-blank.php","meta":{"footnotes":""},"class_list":["post-77","page","type-page","status-publish","hentry"],"yoast_head":"<!-- This site is optimized with the Yoast SEO plugin v27.3 - https:\/\/yoast.com\/product\/yoast-seo-wordpress\/ -->\n<title>Privacy Policy - Tiktokio Tiktok Downloader<\/title>\n<meta name=\"robots\" content=\"index, follow, max-snippet:-1, max-image-preview:large, max-video-preview:-1\" \/>\n<link rel=\"canonical\" href=\"https:\/\/tiktokio.com\/tr\/\" \/>\n<meta property=\"og:locale\" content=\"tr_TR\" \/>\n<meta property=\"og:type\" content=\"article\" \/>\n<meta property=\"og:title\" content=\"Privacy Policy - Tiktokio Tiktok Downloader\" \/>\n<meta property=\"og:url\" content=\"https:\/\/tiktokio.com\/tr\/\" \/>\n<meta property=\"og:site_name\" content=\"Tiktokio Tiktok Downloader\" \/>\n<meta property=\"article:modified_time\" content=\"2024-07-17T04:04:47+00:00\" \/>\n<meta name=\"twitter:card\" content=\"summary_large_image\" \/>\n<meta name=\"twitter:label1\" content=\"Tahmini okuma s\u00fcresi\" \/>\n\t<meta name=\"twitter:data1\" content=\"3 dakika\" \/>\n<script type=\"application\/ld+json\" class=\"yoast-schema-graph\">{\"@context\":\"https:\\\/\\\/schema.org\",\"@graph\":[{\"@type\":\"WebPage\",\"@id\":\"https:\\\/\\\/tiktokio.com\\\/privacy-policy\\\/\",\"url\":\"https:\\\/\\\/tiktokio.com\\\/\",\"name\":\"Privacy Policy - Tiktokio Tiktok Downloader\",\"isPartOf\":{\"@id\":\"https:\\\/\\\/tiktokio.com\\\/#website\"},\"datePublished\":\"2023-10-30T08:52:36+00:00\",\"dateModified\":\"2024-07-17T04:04:47+00:00\",\"breadcrumb\":{\"@id\":\"https:\\\/\\\/tiktokio.com\\\/#breadcrumb\"},\"inLanguage\":\"tr\",\"potentialAction\":[{\"@type\":\"ReadAction\",\"target\":[\"https:\\\/\\\/tiktokio.com\\\/\"]}]},{\"@type\":\"BreadcrumbList\",\"@id\":\"https:\\\/\\\/tiktokio.com\\\/#breadcrumb\",\"itemListElement\":[{\"@type\":\"ListItem\",\"position\":1,\"name\":\"Home\",\"item\":\"https:\\\/\\\/tiktokio.com\\\/\"},{\"@type\":\"ListItem\",\"position\":2,\"name\":\"Privacy Policy\"}]},{\"@type\":\"WebSite\",\"@id\":\"https:\\\/\\\/tiktokio.com\\\/#website\",\"url\":\"https:\\\/\\\/tiktokio.com\\\/\",\"name\":\"Tiktokio Tiktok Downloader\",\"description\":\"\",\"publisher\":{\"@id\":\"https:\\\/\\\/tiktokio.com\\\/#organization\"},\"inLanguage\":\"tr\"},{\"@type\":\"Organization\",\"@id\":\"https:\\\/\\\/tiktokio.com\\\/#organization\",\"name\":\"Tiktokio Tiktok Downloader\",\"url\":\"https:\\\/\\\/tiktokio.com\\\/\",\"logo\":{\"@type\":\"ImageObject\",\"inLanguage\":\"tr\",\"@id\":\"https:\\\/\\\/tiktokio.com\\\/#\\\/schema\\\/logo\\\/image\\\/\",\"url\":\"https:\\\/\\\/tiktokio.com\\\/wp-content\\\/uploads\\\/2023\\\/10\\\/tiktokio-log.webp\",\"contentUrl\":\"https:\\\/\\\/tiktokio.com\\\/wp-content\\\/uploads\\\/2023\\\/10\\\/tiktokio-log.webp\",\"width\":308,\"height\":70,\"caption\":\"Tiktokio Tiktok Downloader\"},\"image\":{\"@id\":\"https:\\\/\\\/tiktokio.com\\\/#\\\/schema\\\/logo\\\/image\\\/\"}}]}<\/script>\n<!-- \/ Yoast SEO plugin. -->","yoast_head_json":{"title":"Gizlilik Politikas\u0131 - Tiktokio Tiktok \u0130ndirici","robots":{"index":"index","follow":"follow","max-snippet":"max-snippet:-1","max-image-preview":"max-image-preview:large","max-video-preview":"max-video-preview:-1"},"canonical":"https:\/\/tiktokio.com\/tr\/","og_locale":"tr_TR","og_type":"article","og_title":"Privacy Policy - Tiktokio Tiktok Downloader","og_url":"https:\/\/tiktokio.com\/tr\/","og_site_name":"Tiktokio Tiktok Downloader","article_modified_time":"2024-07-17T04:04:47+00:00","twitter_card":"summary_large_image","twitter_misc":{"Tahmini okuma s\u00fcresi":"3 dakika"},"schema":{"@context":"https:\/\/schema.org","@graph":[{"@type":"WebPage","@id":"https:\/\/tiktokio.com\/privacy-policy\/","url":"https:\/\/tiktokio.com\/","name":"Gizlilik Politikas\u0131 - Tiktokio Tiktok \u0130ndirici","isPartOf":{"@id":"https:\/\/tiktokio.com\/#website"},"datePublished":"2023-10-30T08:52:36+00:00","dateModified":"2024-07-17T04:04:47+00:00","breadcrumb":{"@id":"https:\/\/tiktokio.com\/#breadcrumb"},"inLanguage":"tr","potentialAction":[{"@type":"ReadAction","target":["https:\/\/tiktokio.com\/"]}]},{"@type":"BreadcrumbList","@id":"https:\/\/tiktokio.com\/#breadcrumb","itemListElement":[{"@type":"ListItem","position":1,"name":"Home","item":"https:\/\/tiktokio.com\/"},{"@type":"ListItem","position":2,"name":"Privacy Policy"}]},{"@type":"WebSite","@id":"https:\/\/tiktokio.com\/#website","url":"https:\/\/tiktokio.com\/","name":"Tiktokio Tiktok \u0130ndirici","description":"","publisher":{"@id":"https:\/\/tiktokio.com\/#organization"},"inLanguage":"tr"},{"@type":"Organization","@id":"https:\/\/tiktokio.com\/#organization","name":"Tiktokio Tiktok \u0130ndirici","url":"https:\/\/tiktokio.com\/","logo":{"@type":"ImageObject","inLanguage":"tr","@id":"https:\/\/tiktokio.com\/#\/schema\/logo\/image\/","url":"https:\/\/tiktokio.com\/wp-content\/uploads\/2023\/10\/tiktokio-log.webp","contentUrl":"https:\/\/tiktokio.com\/wp-content\/uploads\/2023\/10\/tiktokio-log.webp","width":308,"height":70,"caption":"Tiktokio Tiktok Downloader"},"image":{"@id":"https:\/\/tiktokio.com\/#\/schema\/logo\/image\/"}}]}},"_links":{"self":[{"href":"https:\/\/tiktokio.com\/tr\/wp-json\/wp\/v2\/pages\/77","targetHints":{"allow":["GET"]}}],"collection":[{"href":"https:\/\/tiktokio.com\/tr\/wp-json\/wp\/v2\/pages"}],"about":[{"href":"https:\/\/tiktokio.com\/tr\/wp-json\/wp\/v2\/types\/page"}],"author":[{"embeddable":true,"href":"https:\/\/tiktokio.com\/tr\/wp-json\/wp\/v2\/users\/2"}],"replies":[{"embeddable":true,"href":"https:\/\/tiktokio.com\/tr\/wp-json\/wp\/v2\/comments?post=77"}],"version-history":[{"count":1,"href":"https:\/\/tiktokio.com\/tr\/wp-json\/wp\/v2\/pages\/77\/revisions"}],"predecessor-version":[{"id":3088,"href":"https:\/\/tiktokio.com\/tr\/wp-json\/wp\/v2\/pages\/77\/revisions\/3088"}],"wp:attachment":[{"href":"https:\/\/tiktokio.com\/tr\/wp-json\/wp\/v2\/media?parent=77"}],"curies":[{"name":"wp","href":"https:\/\/api.w.org\/{rel}","templated":true}]}}