{"id":77,"date":"2023-10-30T08:52:36","date_gmt":"2023-10-30T08:52:36","guid":{"rendered":"https:\/\/tiktokio.com\/?page_id=77"},"modified":"2024-07-17T04:04:47","modified_gmt":"2024-07-17T04:04:47","slug":"chinh-sach-bao-mat","status":"publish","type":"page","link":"https:\/\/tiktokio.com\/vi\/privacy-policy\/","title":{"rendered":"Ch\u00ednh s\u00e1ch b\u1ea3o m\u1eadt"},"content":{"rendered":"<section class=\"section\" id=\"section_2069153664\">\n\t\t<div class=\"section-bg fill\" >\n\t\t\t\t\t\t\t\t\t\n\t\t\t\n\n\t\t<\/div>\n\n\t\t\n\n\t\t<div class=\"section-content relative\">\n\t\t\t\n\t<div id=\"text-2989525516\" class=\"text\">\n\t\t\n<h2><span style=\"font-size: 150%;\">Nh\u1ea5p chu\u1ed9t <span style=\"color: #000000;\"><a style=\"color: #000000;\" href=\"\/vi\/\">\u0110\u00e2y<\/a><\/span> s\u1eed d\u1ee5ng TikTokio<\/span><\/h2>\n\t\t\n<style>\n#text-2989525516 {\n  text-align: center;\n  color: rgb(255,255,255);\n}\n#text-2989525516 > * {\n  color: rgb(255,255,255);\n}\n<\/style>\n\t<\/div>\n\t\n\t\t<\/div>\n\n\t\t\n<style>\n#section_2069153664 {\n  padding-top: 35px;\n  padding-bottom: 35px;\n  background-color: rgb(223, 109, 30);\n}\n<\/style>\n\t<\/section>\n\t\n\n\t<section class=\"section\" id=\"section_2138842907\">\n\t\t<div class=\"section-bg fill\" >\n\t\t\t\t\t\t\t\t\t\n\t\t\t\n\n\t\t<\/div>\n\n\t\t\n\n\t\t<div class=\"section-content relative\">\n\t\t\t\n<div class=\"row\"  id=\"row-28152251\">\n\n\t<div id=\"col-146211222\" class=\"col small-12 large-12\"  >\n\t\t\t\t<div class=\"col-inner\"  >\n\t\t\t\n\t\t\t\n\t<div id=\"text-1708974205\" class=\"text\">\n\t\t\n<h1>Ch\u00ednh s\u00e1ch b\u1ea3o m\u1eadt<\/h1>\n\t\t\n<style>\n#text-1708974205 {\n  text-align: center;\n}\n<\/style>\n\t<\/div>\n\t\n<p>Theo \u0110i\u1ec1u kho\u1ea3n s\u1eed d\u1ee5ng c\u1ee7a ch\u00fang t\u00f4i, t\u00e0i li\u1ec7u n\u00e0y m\u00f4 t\u1ea3 c\u00e1ch ch\u00fang t\u00f4i x\u1eed l\u00fd th\u00f4ng tin c\u00e1 nh\u00e2n li\u00ean quan \u0111\u1ebfn vi\u1ec7c b\u1ea1n s\u1eed d\u1ee5ng trang web n\u00e0y v\u00e0 c\u00e1c d\u1ecbch v\u1ee5 \u0111\u01b0\u1ee3c cung c\u1ea5p tr\u00ean v\u00e0 th\u00f4ng qua n\u00f3 (\u201cD\u1ecbch v\u1ee5\u201d), bao g\u1ed3m th\u00f4ng tin b\u1ea1n cung c\u1ea5p khi s\u1eed d\u1ee5ng n\u00f3. Ch\u00fang t\u00f4i gi\u1edbi h\u1ea1n m\u1ed9t c\u00e1ch r\u00f5 r\u00e0ng v\u00e0 nghi\u00eam ng\u1eb7t vi\u1ec7c s\u1eed d\u1ee5ng D\u1ecbch v\u1ee5 cho ng\u01b0\u1eddi l\u1edbn tr\u00ean 18 tu\u1ed5i ho\u1eb7c \u0111\u1ed9 tu\u1ed5i tr\u01b0\u1edfng th\u00e0nh trong ph\u1ea1m vi quy\u1ec1n h\u1ea1n c\u1ee7a c\u00e1 nh\u00e2n, t\u00f9y theo \u0111\u1ed9 tu\u1ed5i n\u00e0o l\u1edbn h\u01a1n. B\u1ea5t k\u1ef3 ai d\u01b0\u1edbi \u0111\u1ed9 tu\u1ed5i n\u00e0y \u0111\u1ec1u b\u1ecb nghi\u00eam c\u1ea5m s\u1eed d\u1ee5ng D\u1ecbch v\u1ee5. Ch\u00fang t\u00f4i kh\u00f4ng c\u1ed1 \u00fd t\u00ecm ki\u1ebfm ho\u1eb7c thu th\u1eadp b\u1ea5t k\u1ef3 th\u00f4ng tin ho\u1eb7c d\u1eef li\u1ec7u c\u00e1 nh\u00e2n n\u00e0o t\u1eeb nh\u1eefng ng\u01b0\u1eddi ch\u01b0a \u0111\u1ebfn \u0111\u1ed9 tu\u1ed5i n\u00e0y. D\u1eef li\u1ec7u \u0111\u01b0\u1ee3c thu th\u1eadp khi s\u1eed d\u1ee5ng D\u1ecbch v\u1ee5. Khi b\u1ea1n truy c\u1eadp D\u1ecbch v\u1ee5, h\u00e3y s\u1eed d\u1ee5ng ch\u1ee9c n\u0103ng t\u00ecm ki\u1ebfm, chuy\u1ec3n \u0111\u1ed5i t\u1ec7p ho\u1eb7c t\u1ea3i xu\u1ed1ng t\u1ec7p, \u0111\u1ecba ch\u1ec9 IP, qu\u1ed1c gia xu\u1ea5t x\u1ee9 v\u00e0 th\u00f4ng tin phi c\u00e1 nh\u00e2n kh\u00e1c v\u1ec1 m\u00e1y t\u00ednh ho\u1eb7c thi\u1ebft b\u1ecb c\u1ee7a b\u1ea1n (ch\u1eb3ng h\u1ea1n nh\u01b0 y\u00eau c\u1ea7u web, lo\u1ea1i tr\u00ecnh duy\u1ec7t, ng\u00f4n ng\u1eef tr\u00ecnh duy\u1ec7t, URL gi\u1edbi thi\u1ec7u, h\u1ec7 \u0111i\u1ec1u h\u00e0nh v\u00e0 ng\u00e0y gi\u1edd y\u00eau c\u1ea7u) c\u00f3 th\u1ec3 \u0111\u01b0\u1ee3c ghi l\u1ea1i \u0111\u1ec3 l\u1ea5y th\u00f4ng tin t\u1ec7p nh\u1eadt k\u00fd, th\u00f4ng tin l\u01b0u l\u01b0\u1ee3ng t\u1ed5ng h\u1ee3p v\u00e0 trong tr\u01b0\u1eddng h\u1ee3p c\u00f3 b\u1ea5t k\u1ef3 h\u00e0nh vi chi\u1ebfm d\u1ee5ng th\u00f4ng tin v\u00e0\/ho\u1eb7c n\u1ed9i dung n\u00e0o. Th\u00f4ng tin s\u1eed d\u1ee5ng. Ch\u00fang t\u00f4i c\u00f3 th\u1ec3 ghi l\u1ea1i th\u00f4ng tin v\u1ec1 vi\u1ec7c b\u1ea1n s\u1eed d\u1ee5ng D\u1ecbch v\u1ee5, ch\u1eb3ng h\u1ea1n nh\u01b0 c\u1ee5m t\u1eeb t\u00ecm ki\u1ebfm, n\u1ed9i dung b\u1ea1n truy c\u1eadp v\u00e0 t\u1ea3i xu\u1ed1ng c\u0169ng nh\u01b0 c\u00e1c s\u1ed1 li\u1ec7u th\u1ed1ng k\u00ea kh\u00e1c. N\u1ed9i dung \u0111\u00e3 t\u1ea3i l\u00ean. B\u1ea5t k\u1ef3 n\u1ed9i dung n\u00e0o b\u1ea1n t\u1ea3i l\u00ean, truy c\u1eadp ho\u1eb7c truy\u1ec1n qua D\u1ecbch v\u1ee5 \u0111\u1ec1u c\u00f3 th\u1ec3 \u0111\u01b0\u1ee3c ch\u00fang t\u00f4i thu th\u1eadp. Ch\u00fang t\u00f4i c\u00f3 th\u1ec3 l\u01b0u gi\u1eef h\u1ed3 s\u01a1 v\u1ec1 m\u1ecdi th\u01b0 t\u1eeb trao \u0111\u1ed5i gi\u1eefa b\u1ea1n v\u00e0 ch\u00fang t\u00f4i.Cookie. Khi b\u1ea1n s\u1eed d\u1ee5ng D\u1ecbch v\u1ee5, ch\u00fang t\u00f4i c\u00f3 th\u1ec3 g\u1eedi cookie t\u1edbi m\u00e1y t\u00ednh c\u1ee7a b\u1ea1n \u0111\u1ec3 nh\u1eadn d\u1ea1ng duy nh\u1ea5t phi\u00ean tr\u00ecnh duy\u1ec7t c\u1ee7a b\u1ea1n. Ch\u00fang t\u00f4i c\u00f3 th\u1ec3 s\u1eed d\u1ee5ng c\u1ea3 cookie phi\u00ean v\u00e0 cookie li\u00ean t\u1ee5c. C\u00e1ch s\u1eed d\u1ee5ng d\u1eef li\u1ec7u Ch\u00fang t\u00f4i c\u00f3 th\u1ec3 s\u1eed d\u1ee5ng th\u00f4ng tin c\u1ee7a b\u1ea1n \u0111\u1ec3 cung c\u1ea5p cho b\u1ea1n m\u1ed9t s\u1ed1 t\u00ednh n\u0103ng nh\u1ea5t \u0111\u1ecbnh v\u00e0 \u0111\u1ec3 t\u1ea1o tr\u1ea3i nghi\u1ec7m c\u00e1 nh\u00e2n h\u00f3a tr\u00ean D\u1ecbch v\u1ee5. Ch\u00fang t\u00f4i c\u0169ng c\u00f3 th\u1ec3 s\u1eed d\u1ee5ng th\u00f4ng tin \u0111\u00f3 \u0111\u1ec3 v\u1eadn h\u00e0nh, duy tr\u00ec v\u00e0 c\u1ea3i thi\u1ec7n c\u00e1c t\u00ednh n\u0103ng c\u0169ng nh\u01b0 ch\u1ee9c n\u0103ng c\u1ee7a D\u1ecbch v\u1ee5. Ch\u00fang t\u00f4i s\u1eed d\u1ee5ng cookie, \u0111\u00e8n hi\u1ec7u web v\u00e0 th\u00f4ng tin kh\u00e1c \u0111\u1ec3 l\u01b0u tr\u1eef th\u00f4ng tin \u0111\u1ec3 b\u1ea1n kh\u00f4ng ph\u1ea3i nh\u1eadp l\u1ea1i th\u00f4ng tin \u0111\u00f3 trong nh\u1eefng l\u1ea7n truy c\u1eadp sau n\u00e0y, cung c\u1ea5p n\u1ed9i dung \u0111\u01b0\u1ee3c c\u00e1 nh\u00e2n h\u00f3a v\u00e0 th\u00f4ng tin, gi\u00e1m s\u00e1t t\u00ednh hi\u1ec7u qu\u1ea3 c\u1ee7a D\u1ecbch v\u1ee5 v\u00e0 gi\u00e1m s\u00e1t c\u00e1c s\u1ed1 li\u1ec7u t\u1ed5ng h\u1ee3p nh\u01b0 s\u1ed1 l\u01b0\u1ee3ng kh\u00e1ch truy c\u1eadp v\u00e0 l\u01b0\u1ee3t xem trang (bao g\u1ed3m c\u1ea3 vi\u1ec7c s\u1eed d\u1ee5ng \u0111\u1ec3 gi\u00e1m s\u00e1t kh\u00e1ch truy c\u1eadp t\u1eeb c\u00e1c \u0111\u01a1n v\u1ecb li\u00ean k\u1ebft). Ch\u00fang c\u0169ng c\u00f3 th\u1ec3 \u0111\u01b0\u1ee3c s\u1eed d\u1ee5ng \u0111\u1ec3 cung c\u1ea5p qu\u1ea3ng c\u00e1o \u0111\u01b0\u1ee3c nh\u1eafm m\u1ee5c ti\u00eau d\u1ef1a tr\u00ean qu\u1ed1c gia xu\u1ea5t x\u1ee9 c\u1ee7a b\u1ea1n v\u00e0 th\u00f4ng tin c\u00e1 nh\u00e2n kh\u00e1c. Ch\u00fang t\u00f4i c\u00f3 th\u1ec3 t\u1ed5ng h\u1ee3p th\u00f4ng tin c\u00e1 nh\u00e2n c\u1ee7a b\u1ea1n v\u1edbi th\u00f4ng tin c\u00e1 nh\u00e2n c\u1ee7a c\u00e1c th\u00e0nh vi\u00ean v\u00e0 ng\u01b0\u1eddi d\u00f9ng kh\u00e1c, \u0111\u1ed3ng th\u1eddi ti\u1ebft l\u1ed9 th\u00f4ng tin \u0111\u00f3 cho nh\u00e0 qu\u1ea3ng c\u00e1o v\u00e0 c\u00e1c b\u00ean th\u1ee9 ba kh\u00e1c \u0111\u1ec3 ti\u1ebfp th\u1ecb v\u00e0 qu\u1ea3ng c\u00e1o m\u1ee5c \u0111\u00edch. Ch\u00fang t\u00f4i c\u00f3 th\u1ec3 s\u1eed d\u1ee5ng th\u00f4ng tin c\u1ee7a b\u1ea1n \u0111\u1ec3 th\u1ef1c hi\u1ec7n c\u00e1c ch\u01b0\u01a1ng tr\u00ecnh khuy\u1ebfn m\u00e3i, cu\u1ed9c thi, kh\u1ea3o s\u00e1t c\u0169ng nh\u01b0 c\u00e1c t\u00ednh n\u0103ng v\u00e0 s\u1ef1 ki\u1ec7n kh\u00e1c. Ti\u1ebft l\u1ed9 th\u00f4ng tin Ch\u00fang t\u00f4i c\u00f3 th\u1ec3 \u0111\u01b0\u1ee3c y\u00eau c\u1ea7u ti\u1ebft l\u1ed9 m\u1ed9t s\u1ed1 d\u1eef li\u1ec7u nh\u1ea5t \u0111\u1ecbnh \u0111\u1ec3 tu\u00e2n th\u1ee7 ngh\u0129a v\u1ee5 ph\u00e1p l\u00fd ho\u1eb7c \u0111\u1ec3 th\u1ef1c thi \u0110i\u1ec1u kho\u1ea3n s\u1eed d\u1ee5ng v\u00e0 c\u00e1c th\u1ecfa thu\u1eadn kh\u00e1c c\u1ee7a ch\u00fang t\u00f4i. Ch\u00fang t\u00f4i c\u0169ng c\u00f3 th\u1ec3 ti\u1ebft l\u1ed9 m\u1ed9t s\u1ed1 d\u1eef li\u1ec7u nh\u1ea5t \u0111\u1ecbnh \u0111\u1ec3 b\u1ea3o v\u1ec7 quy\u1ec1n, t\u00e0i s\u1ea3n ho\u1eb7c s\u1ef1 an to\u00e0n c\u1ee7a ch\u00fang t\u00f4i, ng\u01b0\u1eddi d\u00f9ng c\u1ee7a ch\u00fang t\u00f4i v\u00e0 nh\u1eefng ng\u01b0\u1eddi kh\u00e1c. \u0110i\u1ec1u n\u00e0y bao g\u1ed3m vi\u1ec7c cung c\u1ea5p th\u00f4ng tin cho c\u00e1c c\u00f4ng ty ho\u1eb7c t\u1ed5 ch\u1ee9c kh\u00e1c nh\u01b0 c\u1ea3nh s\u00e1t ho\u1eb7c c\u01a1 quan ch\u00ednh ph\u1ee7 nh\u1eb1m m\u1ee5c \u0111\u00edch b\u1ea3o v\u1ec7 ho\u1eb7c truy t\u1ed1 b\u1ea5t k\u1ef3 ho\u1ea1t \u0111\u1ed9ng b\u1ea5t h\u1ee3p ph\u00e1p n\u00e0o, cho d\u00f9 ho\u1ea1t \u0111\u1ed9ng \u0111\u00f3 c\u00f3 \u0111\u01b0\u1ee3c x\u00e1c \u0111\u1ecbnh trong \u0110i\u1ec1u kho\u1ea3n s\u1eed d\u1ee5ng hay kh\u00f4ng. N\u1ebfu b\u1ea1n t\u1ea3i l\u00ean, truy c\u1eadp ho\u1eb7c truy\u1ec1n t\u1ea3i b\u1ea5t k\u1ef3 ho\u1ea1t \u0111\u1ed9ng b\u1ea5t h\u1ee3p ph\u00e1p ho\u1eb7c b\u1ea5t h\u1ee3p ph\u00e1p n\u00e0o. t\u00e0i li\u1ec7u tr\u00e1i ph\u00e9p \u0111\u1ebfn ho\u1eb7c th\u00f4ng qua D\u1ecbch v\u1ee5 ho\u1eb7c b\u1ea1n b\u1ecb nghi ng\u1edd l\u00e0m nh\u01b0 v\u1eady, ch\u00fang t\u00f4i c\u00f3 th\u1ec3 chuy\u1ec3n ti\u1ebfp t\u1ea5t c\u1ea3 th\u00f4ng tin c\u00f3 s\u1eb5n \u0111\u1ebfn c\u00e1c c\u01a1 quan c\u00f3 li\u00ean quan, bao g\u1ed3m c\u1ea3 ch\u1ee7 s\u1edf h\u1eefu b\u1ea3n quy\u1ec1n t\u01b0\u01a1ng \u1ee9ng, m\u00e0 kh\u00f4ng c\u1ea7n th\u00f4ng b\u00e1o cho b\u1ea1n. th\u00f4ng tin c\u1ee7a b\u1ea1n, vi\u1ec7c truy\u1ec1n th\u00f4ng tin qua Internet kh\u00f4ng ho\u00e0n to\u00e0n an to\u00e0n v\u00e0 ch\u00fang t\u00f4i kh\u00f4ng th\u1ec3 \u0111\u1ea3m b\u1ea3o ho\u1eb7c \u0111\u1ea3m b\u1ea3o t\u00ednh b\u1ea3o m\u1eadt c\u1ee7a b\u1ea5t k\u1ef3 th\u00f4ng tin ho\u1eb7c n\u1ed9i dung n\u00e0o b\u1ea1n truy\u1ec1n t\u1ea3i cho ch\u00fang t\u00f4i. B\u1ea5t k\u1ef3 th\u00f4ng tin ho\u1eb7c n\u1ed9i dung n\u00e0o b\u1ea1n truy\u1ec1n t\u1ea3i cho ch\u00fang t\u00f4i \u0111\u1ec1u c\u00f3 nguy c\u01a1 \u0111\u01b0\u1ee3c th\u1ef1c hi\u1ec7n.<\/p>\n\t\t<\/div>\n\t\t\t\t\t<\/div>\n\n\t\n<\/div>\n\t\t<\/div>\n\n\t\t\n<style>\n#section_2138842907 {\n  padding-top: 30px;\n  padding-bottom: 30px;\n}\n<\/style>\n\t<\/section>","protected":false},"excerpt":{"rendered":"","protected":false},"author":2,"featured_media":0,"parent":0,"menu_order":0,"comment_status":"closed","ping_status":"closed","template":"page-blank.php","meta":{"footnotes":""},"class_list":["post-77","page","type-page","status-publish","hentry"],"yoast_head":"<!-- This site is optimized with the Yoast SEO plugin v27.3 - https:\/\/yoast.com\/product\/yoast-seo-wordpress\/ -->\n<title>Privacy Policy - Tiktokio Tiktok Downloader<\/title>\n<meta name=\"robots\" content=\"index, follow, max-snippet:-1, max-image-preview:large, max-video-preview:-1\" \/>\n<link rel=\"canonical\" href=\"https:\/\/tiktokio.com\/vi\/\" \/>\n<meta property=\"og:locale\" content=\"vi_VN\" \/>\n<meta property=\"og:type\" content=\"article\" \/>\n<meta property=\"og:title\" content=\"Privacy Policy - Tiktokio Tiktok Downloader\" \/>\n<meta property=\"og:url\" content=\"https:\/\/tiktokio.com\/vi\/\" \/>\n<meta property=\"og:site_name\" content=\"Tiktokio Tiktok Downloader\" \/>\n<meta property=\"article:modified_time\" content=\"2024-07-17T04:04:47+00:00\" \/>\n<meta name=\"twitter:card\" content=\"summary_large_image\" \/>\n<meta name=\"twitter:label1\" content=\"\u01af\u1edbc t\u00ednh th\u1eddi gian \u0111\u1ecdc\" \/>\n\t<meta name=\"twitter:data1\" content=\"3 ph\u00fat\" \/>\n<script type=\"application\/ld+json\" class=\"yoast-schema-graph\">{\"@context\":\"https:\\\/\\\/schema.org\",\"@graph\":[{\"@type\":\"WebPage\",\"@id\":\"https:\\\/\\\/tiktokio.com\\\/privacy-policy\\\/\",\"url\":\"https:\\\/\\\/tiktokio.com\\\/\",\"name\":\"Privacy Policy - Tiktokio Tiktok Downloader\",\"isPartOf\":{\"@id\":\"https:\\\/\\\/tiktokio.com\\\/#website\"},\"datePublished\":\"2023-10-30T08:52:36+00:00\",\"dateModified\":\"2024-07-17T04:04:47+00:00\",\"breadcrumb\":{\"@id\":\"https:\\\/\\\/tiktokio.com\\\/#breadcrumb\"},\"inLanguage\":\"vi\",\"potentialAction\":[{\"@type\":\"ReadAction\",\"target\":[\"https:\\\/\\\/tiktokio.com\\\/\"]}]},{\"@type\":\"BreadcrumbList\",\"@id\":\"https:\\\/\\\/tiktokio.com\\\/#breadcrumb\",\"itemListElement\":[{\"@type\":\"ListItem\",\"position\":1,\"name\":\"Home\",\"item\":\"https:\\\/\\\/tiktokio.com\\\/\"},{\"@type\":\"ListItem\",\"position\":2,\"name\":\"Privacy Policy\"}]},{\"@type\":\"WebSite\",\"@id\":\"https:\\\/\\\/tiktokio.com\\\/#website\",\"url\":\"https:\\\/\\\/tiktokio.com\\\/\",\"name\":\"Tiktokio Tiktok Downloader\",\"description\":\"\",\"publisher\":{\"@id\":\"https:\\\/\\\/tiktokio.com\\\/#organization\"},\"inLanguage\":\"vi\"},{\"@type\":\"Organization\",\"@id\":\"https:\\\/\\\/tiktokio.com\\\/#organization\",\"name\":\"Tiktokio Tiktok Downloader\",\"url\":\"https:\\\/\\\/tiktokio.com\\\/\",\"logo\":{\"@type\":\"ImageObject\",\"inLanguage\":\"vi\",\"@id\":\"https:\\\/\\\/tiktokio.com\\\/#\\\/schema\\\/logo\\\/image\\\/\",\"url\":\"https:\\\/\\\/tiktokio.com\\\/wp-content\\\/uploads\\\/2023\\\/10\\\/tiktokio-log.webp\",\"contentUrl\":\"https:\\\/\\\/tiktokio.com\\\/wp-content\\\/uploads\\\/2023\\\/10\\\/tiktokio-log.webp\",\"width\":308,\"height\":70,\"caption\":\"Tiktokio Tiktok Downloader\"},\"image\":{\"@id\":\"https:\\\/\\\/tiktokio.com\\\/#\\\/schema\\\/logo\\\/image\\\/\"}}]}<\/script>\n<!-- \/ Yoast SEO plugin. -->","yoast_head_json":{"title":"Ch\u00ednh s\u00e1ch quy\u1ec1n ri\u00eang t\u01b0 - Tr\u00ecnh t\u1ea3i xu\u1ed1ng Tiktokio Tiktok","robots":{"index":"index","follow":"follow","max-snippet":"max-snippet:-1","max-image-preview":"max-image-preview:large","max-video-preview":"max-video-preview:-1"},"canonical":"https:\/\/tiktokio.com\/vi\/","og_locale":"vi_VN","og_type":"article","og_title":"Privacy Policy - Tiktokio Tiktok Downloader","og_url":"https:\/\/tiktokio.com\/vi\/","og_site_name":"Tiktokio Tiktok Downloader","article_modified_time":"2024-07-17T04:04:47+00:00","twitter_card":"summary_large_image","twitter_misc":{"\u01af\u1edbc t\u00ednh th\u1eddi gian \u0111\u1ecdc":"3 ph\u00fat"},"schema":{"@context":"https:\/\/schema.org","@graph":[{"@type":"WebPage","@id":"https:\/\/tiktokio.com\/privacy-policy\/","url":"https:\/\/tiktokio.com\/","name":"Ch\u00ednh s\u00e1ch quy\u1ec1n ri\u00eang t\u01b0 - Tr\u00ecnh t\u1ea3i xu\u1ed1ng Tiktokio Tiktok","isPartOf":{"@id":"https:\/\/tiktokio.com\/#website"},"datePublished":"2023-10-30T08:52:36+00:00","dateModified":"2024-07-17T04:04:47+00:00","breadcrumb":{"@id":"https:\/\/tiktokio.com\/#breadcrumb"},"inLanguage":"vi","potentialAction":[{"@type":"ReadAction","target":["https:\/\/tiktokio.com\/"]}]},{"@type":"BreadcrumbList","@id":"https:\/\/tiktokio.com\/#breadcrumb","itemListElement":[{"@type":"ListItem","position":1,"name":"Home","item":"https:\/\/tiktokio.com\/"},{"@type":"ListItem","position":2,"name":"Privacy Policy"}]},{"@type":"WebSite","@id":"https:\/\/tiktokio.com\/#website","url":"https:\/\/tiktokio.com\/","name":"Tr\u00ecnh t\u1ea3i xu\u1ed1ng Tiktokio Tiktok","description":"","publisher":{"@id":"https:\/\/tiktokio.com\/#organization"},"inLanguage":"vi"},{"@type":"Organization","@id":"https:\/\/tiktokio.com\/#organization","name":"Tr\u00ecnh t\u1ea3i xu\u1ed1ng Tiktokio Tiktok","url":"https:\/\/tiktokio.com\/","logo":{"@type":"ImageObject","inLanguage":"vi","@id":"https:\/\/tiktokio.com\/#\/schema\/logo\/image\/","url":"https:\/\/tiktokio.com\/wp-content\/uploads\/2023\/10\/tiktokio-log.webp","contentUrl":"https:\/\/tiktokio.com\/wp-content\/uploads\/2023\/10\/tiktokio-log.webp","width":308,"height":70,"caption":"Tiktokio Tiktok Downloader"},"image":{"@id":"https:\/\/tiktokio.com\/#\/schema\/logo\/image\/"}}]}},"_links":{"self":[{"href":"https:\/\/tiktokio.com\/vi\/wp-json\/wp\/v2\/pages\/77","targetHints":{"allow":["GET"]}}],"collection":[{"href":"https:\/\/tiktokio.com\/vi\/wp-json\/wp\/v2\/pages"}],"about":[{"href":"https:\/\/tiktokio.com\/vi\/wp-json\/wp\/v2\/types\/page"}],"author":[{"embeddable":true,"href":"https:\/\/tiktokio.com\/vi\/wp-json\/wp\/v2\/users\/2"}],"replies":[{"embeddable":true,"href":"https:\/\/tiktokio.com\/vi\/wp-json\/wp\/v2\/comments?post=77"}],"version-history":[{"count":1,"href":"https:\/\/tiktokio.com\/vi\/wp-json\/wp\/v2\/pages\/77\/revisions"}],"predecessor-version":[{"id":3088,"href":"https:\/\/tiktokio.com\/vi\/wp-json\/wp\/v2\/pages\/77\/revisions\/3088"}],"wp:attachment":[{"href":"https:\/\/tiktokio.com\/vi\/wp-json\/wp\/v2\/media?parent=77"}],"curies":[{"name":"wp","href":"https:\/\/api.w.org\/{rel}","templated":true}]}}