{"id":89,"date":"2023-10-30T09:09:25","date_gmt":"2023-10-30T09:09:25","guid":{"rendered":"https:\/\/tiktokio.com\/?page_id=89"},"modified":"2024-07-17T04:03:15","modified_gmt":"2024-07-17T04:03:15","slug":"lien-he-chung-toi","status":"publish","type":"page","link":"https:\/\/tiktokio.com\/vi\/contact-us\/","title":{"rendered":"Li\u00ean h\u1ec7 ch\u00fang t\u00f4i"},"content":{"rendered":"<section class=\"section\" id=\"section_1778692298\">\n\t\t<div class=\"section-bg fill\" >\n\t\t\t\t\t\t\t\t\t\n\t\t\t\n\n\t\t<\/div>\n\n\t\t\n\n\t\t<div class=\"section-content relative\">\n\t\t\t\n\t<div id=\"text-808367848\" class=\"text\">\n\t\t\n<h2><span style=\"font-size: 150%;\">Nh\u1ea5p chu\u1ed9t <span style=\"color: #000000;\"><a style=\"color: #000000;\" href=\"\/vi\/\">\u0110\u00e2y<\/a><\/span> s\u1eed d\u1ee5ng TikTokio<\/span><\/h2>\n\t\t\n<style>\n#text-808367848 {\n  text-align: center;\n  color: rgb(255,255,255);\n}\n#text-808367848 > * {\n  color: rgb(255,255,255);\n}\n<\/style>\n\t<\/div>\n\t\n\t\t<\/div>\n\n\t\t\n<style>\n#section_1778692298 {\n  padding-top: 35px;\n  padding-bottom: 35px;\n  background-color: rgb(223, 109, 30);\n}\n<\/style>\n\t<\/section>\n\t\n\n\t<section class=\"section\" id=\"section_1955363592\">\n\t\t<div class=\"section-bg fill\" >\n\t\t\t\t\t\t\t\t\t\n\t\t\t\n\n\t\t<\/div>\n\n\t\t\n\n\t\t<div class=\"section-content relative\">\n\t\t\t\n<div class=\"row align-middle align-center\"  id=\"row-115184163\">\n\n\t<div id=\"col-393031735\" class=\"col medium-10 small-12 large-10\"  >\n\t\t\t\t<div class=\"col-inner text-center\"  >\n\t\t\t\n\t\t\t\n\t<div class=\"img has-hover x md-x lg-x y md-y lg-y\" id=\"image_1875651229\">\n\t\t\t\t\t\t\t\t<div class=\"img-inner dark\" >\n\t\t\t<img loading=\"lazy\" decoding=\"async\" width=\"512\" height=\"512\" src=\"https:\/\/tiktokio.com\/wp-content\/uploads\/2023\/10\/cropped-cropped-ico.webp\" class=\"attachment-original size-original\" alt=\"\" srcset=\"https:\/\/tiktokio.com\/wp-content\/uploads\/2023\/10\/cropped-cropped-ico.webp 512w, https:\/\/tiktokio.com\/wp-content\/uploads\/2023\/10\/cropped-cropped-ico-300x300.webp 300w, https:\/\/tiktokio.com\/wp-content\/uploads\/2023\/10\/cropped-cropped-ico-150x150.webp 150w, https:\/\/tiktokio.com\/wp-content\/uploads\/2023\/10\/cropped-cropped-ico-270x270.webp 270w, https:\/\/tiktokio.com\/wp-content\/uploads\/2023\/10\/cropped-cropped-ico-192x192.webp 192w, https:\/\/tiktokio.com\/wp-content\/uploads\/2023\/10\/cropped-cropped-ico-180x180.webp 180w, https:\/\/tiktokio.com\/wp-content\/uploads\/2023\/10\/cropped-cropped-ico-32x32.webp 32w\" sizes=\"auto, (max-width: 512px) 100vw, 512px\" \/>\t\t\t\t\t\t\n\t\t\t\t\t<\/div>\n\t\t\t\t\t\t\t\t\n<style>\n#image_1875651229 {\n  width: 10%;\n}\n<\/style>\n\t<\/div>\n\t\n\t\t<\/div>\n\t\t\t\t\t<\/div>\n\n\t\n<\/div>\n<div class=\"row align-center\"  id=\"row-1505021031\">\n\n\t<div id=\"col-1967094505\" class=\"col medium-9 small-12 large-9\"  >\n\t\t\t\t<div class=\"col-inner\"  >\n\t\t\t\n\t\t\t\n\t<div id=\"text-1518115543\" class=\"text\">\n\t\t\n<h1>LI\u00caN H\u1ec6 CH\u00daNG T\u00d4I<\/h1>\n\t\t\n<style>\n#text-1518115543 {\n  font-size: 0.75rem;\n  text-align: center;\n}\n<\/style>\n\t<\/div>\n\t\n\t<div id=\"gap-666973974\" class=\"gap-element clearfix\" style=\"display:block; height:auto;\">\n\t\t\n<style>\n#gap-666973974 {\n  padding-top: 30px;\n}\n<\/style>\n\t<\/div>\n\t\n\t<div id=\"text-2244530546\" class=\"text\">\n\t\t\n<p>Ch\u00fang t\u00f4i mu\u1ed1n c\u00e1c c\u00f4ng c\u1ee5 c\u1ee7a m\u00ecnh h\u1ed7 tr\u1ee3 b\u1ea1n nhi\u1ec1u nh\u1ea5t n\u00ean ch\u00fang t\u00f4i kh\u00f4ng ng\u1eebng c\u1ea3i ti\u1ebfn d\u1ecbch v\u1ee5 c\u1ee7a m\u00ecnh. N\u1ebfu c\u00f3 \u00fd ki\u1ebfn ho\u1eb7c \u0111\u1ec1 xu\u1ea5t g\u00ec, b\u1ea1n c\u00f3 th\u1ec3 cho ch\u00fang t\u00f4i bi\u1ebft, ch\u00fang t\u00f4i s\u1ebd tr\u1ea3 l\u1eddi b\u1ea1n trong th\u1eddi gian s\u1edbm nh\u1ea5t.<\/p>\n\t\t\n<style>\n#text-2244530546 {\n  font-size: 1.2rem;\n}\n<\/style>\n\t<\/div>\n\t\n\t<div id=\"text-911594325\" class=\"text\">\n\t\t\n<p>Email:service@tiktokio.com<\/p>\n\t\t\n<style>\n#text-911594325 {\n  font-size: 1.2rem;\n}\n<\/style>\n\t<\/div>\n\t\n\t\t<\/div>\n\t\t\t\t\t<\/div>\n\n\t\n<\/div>\n\t\t<\/div>\n\n\t\t\n<style>\n#section_1955363592 {\n  padding-top: 60px;\n  padding-bottom: 60px;\n}\n<\/style>\n\t<\/section>","protected":false},"excerpt":{"rendered":"","protected":false},"author":2,"featured_media":0,"parent":0,"menu_order":0,"comment_status":"closed","ping_status":"closed","template":"page-blank.php","meta":{"footnotes":""},"class_list":["post-89","page","type-page","status-publish","hentry"],"yoast_head":"<!-- This site is optimized with the Yoast SEO plugin v27.3 - https:\/\/yoast.com\/product\/yoast-seo-wordpress\/ -->\n<title>Contact Us - Tiktokio Tiktok Downloader<\/title>\n<meta name=\"robots\" content=\"index, follow, max-snippet:-1, max-image-preview:large, max-video-preview:-1\" \/>\n<link rel=\"canonical\" href=\"https:\/\/tiktokio.com\/vi\/\" \/>\n<meta property=\"og:locale\" content=\"vi_VN\" \/>\n<meta property=\"og:type\" content=\"article\" \/>\n<meta property=\"og:title\" content=\"Contact Us - Tiktokio Tiktok Downloader\" \/>\n<meta property=\"og:url\" content=\"https:\/\/tiktokio.com\/vi\/\" \/>\n<meta property=\"og:site_name\" content=\"Tiktokio Tiktok Downloader\" \/>\n<meta property=\"article:modified_time\" content=\"2024-07-17T04:03:15+00:00\" \/>\n<meta name=\"twitter:card\" content=\"summary_large_image\" \/>\n<meta name=\"twitter:label1\" content=\"\u01af\u1edbc t\u00ednh th\u1eddi gian \u0111\u1ecdc\" \/>\n\t<meta name=\"twitter:data1\" content=\"1 ph\u00fat\" \/>\n<script type=\"application\/ld+json\" class=\"yoast-schema-graph\">{\"@context\":\"https:\\\/\\\/schema.org\",\"@graph\":[{\"@type\":\"WebPage\",\"@id\":\"https:\\\/\\\/tiktokio.com\\\/contact-us\\\/\",\"url\":\"https:\\\/\\\/tiktokio.com\\\/\",\"name\":\"Contact Us - Tiktokio Tiktok Downloader\",\"isPartOf\":{\"@id\":\"https:\\\/\\\/tiktokio.com\\\/#website\"},\"datePublished\":\"2023-10-30T09:09:25+00:00\",\"dateModified\":\"2024-07-17T04:03:15+00:00\",\"breadcrumb\":{\"@id\":\"https:\\\/\\\/tiktokio.com\\\/#breadcrumb\"},\"inLanguage\":\"vi\",\"potentialAction\":[{\"@type\":\"ReadAction\",\"target\":[\"https:\\\/\\\/tiktokio.com\\\/\"]}]},{\"@type\":\"BreadcrumbList\",\"@id\":\"https:\\\/\\\/tiktokio.com\\\/#breadcrumb\",\"itemListElement\":[{\"@type\":\"ListItem\",\"position\":1,\"name\":\"Home\",\"item\":\"https:\\\/\\\/tiktokio.com\\\/\"},{\"@type\":\"ListItem\",\"position\":2,\"name\":\"Contact Us\"}]},{\"@type\":\"WebSite\",\"@id\":\"https:\\\/\\\/tiktokio.com\\\/#website\",\"url\":\"https:\\\/\\\/tiktokio.com\\\/\",\"name\":\"Tiktokio Tiktok Downloader\",\"description\":\"\",\"publisher\":{\"@id\":\"https:\\\/\\\/tiktokio.com\\\/#organization\"},\"inLanguage\":\"vi\"},{\"@type\":\"Organization\",\"@id\":\"https:\\\/\\\/tiktokio.com\\\/#organization\",\"name\":\"Tiktokio Tiktok Downloader\",\"url\":\"https:\\\/\\\/tiktokio.com\\\/\",\"logo\":{\"@type\":\"ImageObject\",\"inLanguage\":\"vi\",\"@id\":\"https:\\\/\\\/tiktokio.com\\\/#\\\/schema\\\/logo\\\/image\\\/\",\"url\":\"https:\\\/\\\/tiktokio.com\\\/wp-content\\\/uploads\\\/2023\\\/10\\\/tiktokio-log.webp\",\"contentUrl\":\"https:\\\/\\\/tiktokio.com\\\/wp-content\\\/uploads\\\/2023\\\/10\\\/tiktokio-log.webp\",\"width\":308,\"height\":70,\"caption\":\"Tiktokio Tiktok Downloader\"},\"image\":{\"@id\":\"https:\\\/\\\/tiktokio.com\\\/#\\\/schema\\\/logo\\\/image\\\/\"}}]}<\/script>\n<!-- \/ Yoast SEO plugin. -->","yoast_head_json":{"title":"Li\u00ean h\u1ec7 v\u1edbi ch\u00fang t\u00f4i - Tr\u00ecnh t\u1ea3i xu\u1ed1ng Tiktokio Tiktok","robots":{"index":"index","follow":"follow","max-snippet":"max-snippet:-1","max-image-preview":"max-image-preview:large","max-video-preview":"max-video-preview:-1"},"canonical":"https:\/\/tiktokio.com\/vi\/","og_locale":"vi_VN","og_type":"article","og_title":"Contact Us - Tiktokio Tiktok Downloader","og_url":"https:\/\/tiktokio.com\/vi\/","og_site_name":"Tiktokio Tiktok Downloader","article_modified_time":"2024-07-17T04:03:15+00:00","twitter_card":"summary_large_image","twitter_misc":{"\u01af\u1edbc t\u00ednh th\u1eddi gian \u0111\u1ecdc":"1 ph\u00fat"},"schema":{"@context":"https:\/\/schema.org","@graph":[{"@type":"WebPage","@id":"https:\/\/tiktokio.com\/contact-us\/","url":"https:\/\/tiktokio.com\/","name":"Li\u00ean h\u1ec7 v\u1edbi ch\u00fang t\u00f4i - Tr\u00ecnh t\u1ea3i xu\u1ed1ng Tiktokio Tiktok","isPartOf":{"@id":"https:\/\/tiktokio.com\/#website"},"datePublished":"2023-10-30T09:09:25+00:00","dateModified":"2024-07-17T04:03:15+00:00","breadcrumb":{"@id":"https:\/\/tiktokio.com\/#breadcrumb"},"inLanguage":"vi","potentialAction":[{"@type":"ReadAction","target":["https:\/\/tiktokio.com\/"]}]},{"@type":"BreadcrumbList","@id":"https:\/\/tiktokio.com\/#breadcrumb","itemListElement":[{"@type":"ListItem","position":1,"name":"Home","item":"https:\/\/tiktokio.com\/"},{"@type":"ListItem","position":2,"name":"Contact Us"}]},{"@type":"WebSite","@id":"https:\/\/tiktokio.com\/#website","url":"https:\/\/tiktokio.com\/","name":"Tr\u00ecnh t\u1ea3i xu\u1ed1ng Tiktokio Tiktok","description":"","publisher":{"@id":"https:\/\/tiktokio.com\/#organization"},"inLanguage":"vi"},{"@type":"Organization","@id":"https:\/\/tiktokio.com\/#organization","name":"Tr\u00ecnh t\u1ea3i xu\u1ed1ng Tiktokio Tiktok","url":"https:\/\/tiktokio.com\/","logo":{"@type":"ImageObject","inLanguage":"vi","@id":"https:\/\/tiktokio.com\/#\/schema\/logo\/image\/","url":"https:\/\/tiktokio.com\/wp-content\/uploads\/2023\/10\/tiktokio-log.webp","contentUrl":"https:\/\/tiktokio.com\/wp-content\/uploads\/2023\/10\/tiktokio-log.webp","width":308,"height":70,"caption":"Tiktokio Tiktok Downloader"},"image":{"@id":"https:\/\/tiktokio.com\/#\/schema\/logo\/image\/"}}]}},"_links":{"self":[{"href":"https:\/\/tiktokio.com\/vi\/wp-json\/wp\/v2\/pages\/89","targetHints":{"allow":["GET"]}}],"collection":[{"href":"https:\/\/tiktokio.com\/vi\/wp-json\/wp\/v2\/pages"}],"about":[{"href":"https:\/\/tiktokio.com\/vi\/wp-json\/wp\/v2\/types\/page"}],"author":[{"embeddable":true,"href":"https:\/\/tiktokio.com\/vi\/wp-json\/wp\/v2\/users\/2"}],"replies":[{"embeddable":true,"href":"https:\/\/tiktokio.com\/vi\/wp-json\/wp\/v2\/comments?post=89"}],"version-history":[{"count":4,"href":"https:\/\/tiktokio.com\/vi\/wp-json\/wp\/v2\/pages\/89\/revisions"}],"predecessor-version":[{"id":3086,"href":"https:\/\/tiktokio.com\/vi\/wp-json\/wp\/v2\/pages\/89\/revisions\/3086"}],"wp:attachment":[{"href":"https:\/\/tiktokio.com\/vi\/wp-json\/wp\/v2\/media?parent=89"}],"curies":[{"name":"wp","href":"https:\/\/api.w.org\/{rel}","templated":true}]}}